{"id":20485,"date":"2020-05-28T16:18:39","date_gmt":"2020-05-28T16:18:39","guid":{"rendered":"https:\/\/ongamic.org\/projectos\/que-fem\/"},"modified":"2023-05-31T17:16:08","modified_gmt":"2023-05-31T17:16:08","slug":"proyectos","status":"publish","type":"page","link":"https:\/\/ongamic.org\/es\/projectos\/proyectos\/","title":{"rendered":"Proyectos"},"content":{"rendered":"\t\t<div data-elementor-type=\"wp-page\" data-elementor-id=\"20485\" class=\"elementor elementor-20485 elementor-18778\">\n\t\t\t\t\t\t<section class=\"elementor-section elementor-top-section elementor-element elementor-element-bc8be02 elementor-section-full_width elementor-section-height-default elementor-section-height-default edgtf-elementor-container-no edgtf-section edgtf-parallax-section-holder-touch-disabled edgtf-parallax-section-no\" data-id=\"bc8be02\" data-element_type=\"section\" data-e-type=\"section\">\n\t\t\t\t\t\t<div class=\"elementor-container elementor-column-gap-default\">\n\t\t\t\t\t<div class=\"elementor-column elementor-col-100 elementor-top-column elementor-element elementor-element-4e1b627\" data-id=\"4e1b627\" data-element_type=\"column\" data-e-type=\"column\">\n\t\t\t<div class=\"elementor-widget-wrap elementor-element-populated\">\n\t\t\t\t\t\t<div class=\"elementor-element elementor-element-664a872 elementor-widget elementor-widget-edgtf_portfolio_list\" data-id=\"664a872\" data-element_type=\"widget\" data-e-type=\"widget\" data-widget_type=\"edgtf_portfolio_list.default\">\n\t\t\t\t<div class=\"elementor-widget-container\">\n\t\t\t\t\t<div class = \"edgtf-portfolio-list-holder-outer edgtf-ptf-pinterest-with-space edgtf-standard edgtf-appear-none edgtf-ptf-pinterest-three-columns\" data-next-page= 2 data-type= pinterest-with-space data-grid-size= three data-order-by= menu_order data-order= ASC data-number= 16 data-filter= no data-show-load-more= no data-title-tag= h4 data-max-num-pages = 1><div class = \"edgtf-portfolio-list-holder clearfix\" ><div class=\"edgtf-portfolio-list-masonry-grid-sizer\"><\/div><div class=\"edgtf-portfolio-list-masonry-grid-gutter\"><\/div><article class=\"edgtf-portfolio-item \" >\n\t<div class=\"edgtf-ptf-inner\">\n\t\t<a class =\"edgtf-portfolio-link\" href=\"https:\/\/ongamic.org\/es\/portfolio-item\/escola-innova\/\"><\/a>\n\t\t<div class = \"edgtf-item-image-holder\">\n\t\t\t\t\t<\/div>\n\t\t<div class=\"edgtf-item-text-overlay\">\n\t\t\t<div class=\"edgtf-item-text-overlay-inner\">\n\t\t\t\t<div class=\"edgtf-item-text-holder\">\n\t\t\t\t\t<h4 class=\"edgtf-item-title\">\n\t\t\t\t\t\t<span class=\"edgtf-item-title-inner\">Escola Innova<\/span>\n\t\t\t\t<\/h4>\n\t\t\t\t<div class=\"edgtf-ptf-category-holder\"><\/div>\t\t\t<\/div>\n\t\t<\/div>\n\t\t<\/div>\n\t<\/div>\n<\/article>\n<\/div><\/div>\t\t\t\t<\/div>\n\t\t\t\t<\/div>\n\t\t\t\t\t<\/div>\n\t\t<\/div>\n\t\t\t\t\t<\/div>\n\t\t<\/section>\n\t\t\t\t<\/div>\n\t\t","protected":false},"excerpt":{"rendered":"<p>Per un part segur Dones \/ Sanitat Beques menjador Alimentaci\u00f3 \/ Inf\u00e0ncia Helping Kids and Youth Natural Disasters Care for Kids International Organisation Medical Treatment Kids Care Helping Kids and Youth Kids Care Repairment Process International Organisation Accommodation for All International Organisation Centre M\u00e8dic Emanuel Sanitat Food for All Kids Care Sensibilitzaci\u00f3: \u00c0frica a la&#8230;<\/p>\n","protected":false},"author":1,"featured_media":0,"parent":271,"menu_order":0,"comment_status":"closed","ping_status":"closed","template":"full-width.php","meta":{"give_campaign_id":0,"_joinchat":[],"footnotes":""},"class_list":["post-20485","page","type-page","status-publish","hentry"],"yoast_head":"<!-- This site is optimized with the Yoast SEO plugin v27.3 - https:\/\/yoast.com\/product\/yoast-seo-wordpress\/ -->\n<title>Proyectos - Amic ONG<\/title>\n<meta name=\"robots\" content=\"index, follow, max-snippet:-1, max-image-preview:large, max-video-preview:-1\" \/>\n<link rel=\"canonical\" href=\"https:\/\/ongamic.org\/es\/projectos\/proyectos\/\" \/>\n<meta property=\"og:locale\" content=\"es_ES\" \/>\n<meta property=\"og:type\" content=\"article\" \/>\n<meta property=\"og:title\" content=\"Proyectos - Amic ONG\" \/>\n<meta property=\"og:description\" content=\"Per un part segur Dones \/ Sanitat Beques menjador Alimentaci\u00f3 \/ Inf\u00e0ncia Helping Kids and Youth Natural Disasters Care for Kids International Organisation Medical Treatment Kids Care Helping Kids and Youth Kids Care Repairment Process International Organisation Accommodation for All International Organisation Centre M\u00e8dic Emanuel Sanitat Food for All Kids Care Sensibilitzaci\u00f3: \u00c0frica a la...\" \/>\n<meta property=\"og:url\" content=\"https:\/\/ongamic.org\/es\/projectos\/proyectos\/\" \/>\n<meta property=\"og:site_name\" content=\"Amic ONG\" \/>\n<meta property=\"article:modified_time\" content=\"2023-05-31T17:16:08+00:00\" \/>\n<meta property=\"og:image\" content=\"https:\/\/ongamic.org\/wp-content\/uploads\/2023\/01\/per-un-part-segur-a-guinea-bissau.jpg\" \/>\n<meta name=\"twitter:card\" content=\"summary_large_image\" \/>\n<meta name=\"twitter:label1\" content=\"Tiempo de lectura\" \/>\n\t<meta name=\"twitter:data1\" content=\"4 minutos\" \/>\n<script type=\"application\/ld+json\" class=\"yoast-schema-graph\">{\"@context\":\"https:\\\/\\\/schema.org\",\"@graph\":[{\"@type\":\"WebPage\",\"@id\":\"https:\\\/\\\/ongamic.org\\\/es\\\/projectos\\\/proyectos\\\/\",\"url\":\"https:\\\/\\\/ongamic.org\\\/es\\\/projectos\\\/proyectos\\\/\",\"name\":\"Proyectos - Amic ONG\",\"isPartOf\":{\"@id\":\"https:\\\/\\\/ongamic.org\\\/#website\"},\"primaryImageOfPage\":{\"@id\":\"https:\\\/\\\/ongamic.org\\\/es\\\/projectos\\\/proyectos\\\/#primaryimage\"},\"image\":{\"@id\":\"https:\\\/\\\/ongamic.org\\\/es\\\/projectos\\\/proyectos\\\/#primaryimage\"},\"thumbnailUrl\":\"https:\\\/\\\/ongamic.org\\\/wp-content\\\/uploads\\\/2023\\\/01\\\/per-un-part-segur-a-guinea-bissau.jpg\",\"datePublished\":\"2020-05-28T16:18:39+00:00\",\"dateModified\":\"2023-05-31T17:16:08+00:00\",\"breadcrumb\":{\"@id\":\"https:\\\/\\\/ongamic.org\\\/es\\\/projectos\\\/proyectos\\\/#breadcrumb\"},\"inLanguage\":\"es\",\"potentialAction\":[{\"@type\":\"ReadAction\",\"target\":[\"https:\\\/\\\/ongamic.org\\\/es\\\/projectos\\\/proyectos\\\/\"]}]},{\"@type\":\"ImageObject\",\"inLanguage\":\"es\",\"@id\":\"https:\\\/\\\/ongamic.org\\\/es\\\/projectos\\\/proyectos\\\/#primaryimage\",\"url\":\"https:\\\/\\\/ongamic.org\\\/wp-content\\\/uploads\\\/2023\\\/01\\\/per-un-part-segur-a-guinea-bissau.jpg\",\"contentUrl\":\"https:\\\/\\\/ongamic.org\\\/wp-content\\\/uploads\\\/2023\\\/01\\\/per-un-part-segur-a-guinea-bissau.jpg\"},{\"@type\":\"BreadcrumbList\",\"@id\":\"https:\\\/\\\/ongamic.org\\\/es\\\/projectos\\\/proyectos\\\/#breadcrumb\",\"itemListElement\":[{\"@type\":\"ListItem\",\"position\":1,\"name\":\"Inici\",\"item\":\"https:\\\/\\\/ongamic.org\\\/es\\\/\"},{\"@type\":\"ListItem\",\"position\":2,\"name\":\"Proyectos\",\"item\":\"https:\\\/\\\/ongamic.org\\\/es\\\/projectos\\\/\"},{\"@type\":\"ListItem\",\"position\":3,\"name\":\"Proyectos\"}]},{\"@type\":\"WebSite\",\"@id\":\"https:\\\/\\\/ongamic.org\\\/#website\",\"url\":\"https:\\\/\\\/ongamic.org\\\/\",\"name\":\"ONG AMIC\",\"description\":\"ONG que treballa a Guinea Bissau\",\"publisher\":{\"@id\":\"https:\\\/\\\/ongamic.org\\\/#organization\"},\"potentialAction\":[{\"@type\":\"SearchAction\",\"target\":{\"@type\":\"EntryPoint\",\"urlTemplate\":\"https:\\\/\\\/ongamic.org\\\/?s={search_term_string}\"},\"query-input\":{\"@type\":\"PropertyValueSpecification\",\"valueRequired\":true,\"valueName\":\"search_term_string\"}}],\"inLanguage\":\"es\"},{\"@type\":\"Organization\",\"@id\":\"https:\\\/\\\/ongamic.org\\\/#organization\",\"name\":\"ONG AMIC\",\"url\":\"https:\\\/\\\/ongamic.org\\\/\",\"logo\":{\"@type\":\"ImageObject\",\"inLanguage\":\"es\",\"@id\":\"https:\\\/\\\/ongamic.org\\\/#\\\/schema\\\/logo\\\/image\\\/\",\"url\":\"https:\\\/\\\/ongamic.org\\\/wp-content\\\/uploads\\\/2023\\\/01\\\/logo-amic-per-adhesiu.png\",\"contentUrl\":\"https:\\\/\\\/ongamic.org\\\/wp-content\\\/uploads\\\/2023\\\/01\\\/logo-amic-per-adhesiu.png\",\"width\":1033,\"height\":591,\"caption\":\"ONG AMIC\"},\"image\":{\"@id\":\"https:\\\/\\\/ongamic.org\\\/#\\\/schema\\\/logo\\\/image\\\/\"},\"sameAs\":[\"https:\\\/\\\/www.instagram.com\\\/ong_amic\\\/\"]}]}<\/script>\n<!-- \/ Yoast SEO plugin. -->","yoast_head_json":{"title":"Proyectos - Amic ONG","robots":{"index":"index","follow":"follow","max-snippet":"max-snippet:-1","max-image-preview":"max-image-preview:large","max-video-preview":"max-video-preview:-1"},"canonical":"https:\/\/ongamic.org\/es\/projectos\/proyectos\/","og_locale":"es_ES","og_type":"article","og_title":"Proyectos - Amic ONG","og_description":"Per un part segur Dones \/ Sanitat Beques menjador Alimentaci\u00f3 \/ Inf\u00e0ncia Helping Kids and Youth Natural Disasters Care for Kids International Organisation Medical Treatment Kids Care Helping Kids and Youth Kids Care Repairment Process International Organisation Accommodation for All International Organisation Centre M\u00e8dic Emanuel Sanitat Food for All Kids Care Sensibilitzaci\u00f3: \u00c0frica a la...","og_url":"https:\/\/ongamic.org\/es\/projectos\/proyectos\/","og_site_name":"Amic ONG","article_modified_time":"2023-05-31T17:16:08+00:00","og_image":[{"url":"https:\/\/ongamic.org\/wp-content\/uploads\/2023\/01\/per-un-part-segur-a-guinea-bissau.jpg","type":"","width":"","height":""}],"twitter_card":"summary_large_image","twitter_misc":{"Tiempo de lectura":"4 minutos"},"schema":{"@context":"https:\/\/schema.org","@graph":[{"@type":"WebPage","@id":"https:\/\/ongamic.org\/es\/projectos\/proyectos\/","url":"https:\/\/ongamic.org\/es\/projectos\/proyectos\/","name":"Proyectos - Amic ONG","isPartOf":{"@id":"https:\/\/ongamic.org\/#website"},"primaryImageOfPage":{"@id":"https:\/\/ongamic.org\/es\/projectos\/proyectos\/#primaryimage"},"image":{"@id":"https:\/\/ongamic.org\/es\/projectos\/proyectos\/#primaryimage"},"thumbnailUrl":"https:\/\/ongamic.org\/wp-content\/uploads\/2023\/01\/per-un-part-segur-a-guinea-bissau.jpg","datePublished":"2020-05-28T16:18:39+00:00","dateModified":"2023-05-31T17:16:08+00:00","breadcrumb":{"@id":"https:\/\/ongamic.org\/es\/projectos\/proyectos\/#breadcrumb"},"inLanguage":"es","potentialAction":[{"@type":"ReadAction","target":["https:\/\/ongamic.org\/es\/projectos\/proyectos\/"]}]},{"@type":"ImageObject","inLanguage":"es","@id":"https:\/\/ongamic.org\/es\/projectos\/proyectos\/#primaryimage","url":"https:\/\/ongamic.org\/wp-content\/uploads\/2023\/01\/per-un-part-segur-a-guinea-bissau.jpg","contentUrl":"https:\/\/ongamic.org\/wp-content\/uploads\/2023\/01\/per-un-part-segur-a-guinea-bissau.jpg"},{"@type":"BreadcrumbList","@id":"https:\/\/ongamic.org\/es\/projectos\/proyectos\/#breadcrumb","itemListElement":[{"@type":"ListItem","position":1,"name":"Inici","item":"https:\/\/ongamic.org\/es\/"},{"@type":"ListItem","position":2,"name":"Proyectos","item":"https:\/\/ongamic.org\/es\/projectos\/"},{"@type":"ListItem","position":3,"name":"Proyectos"}]},{"@type":"WebSite","@id":"https:\/\/ongamic.org\/#website","url":"https:\/\/ongamic.org\/","name":"ONG AMIC","description":"ONG que treballa a Guinea Bissau","publisher":{"@id":"https:\/\/ongamic.org\/#organization"},"potentialAction":[{"@type":"SearchAction","target":{"@type":"EntryPoint","urlTemplate":"https:\/\/ongamic.org\/?s={search_term_string}"},"query-input":{"@type":"PropertyValueSpecification","valueRequired":true,"valueName":"search_term_string"}}],"inLanguage":"es"},{"@type":"Organization","@id":"https:\/\/ongamic.org\/#organization","name":"ONG AMIC","url":"https:\/\/ongamic.org\/","logo":{"@type":"ImageObject","inLanguage":"es","@id":"https:\/\/ongamic.org\/#\/schema\/logo\/image\/","url":"https:\/\/ongamic.org\/wp-content\/uploads\/2023\/01\/logo-amic-per-adhesiu.png","contentUrl":"https:\/\/ongamic.org\/wp-content\/uploads\/2023\/01\/logo-amic-per-adhesiu.png","width":1033,"height":591,"caption":"ONG AMIC"},"image":{"@id":"https:\/\/ongamic.org\/#\/schema\/logo\/image\/"},"sameAs":["https:\/\/www.instagram.com\/ong_amic\/"]}]}},"campaignId":"","_links":{"self":[{"href":"https:\/\/ongamic.org\/es\/wp-json\/wp\/v2\/pages\/20485","targetHints":{"allow":["GET"]}}],"collection":[{"href":"https:\/\/ongamic.org\/es\/wp-json\/wp\/v2\/pages"}],"about":[{"href":"https:\/\/ongamic.org\/es\/wp-json\/wp\/v2\/types\/page"}],"author":[{"embeddable":true,"href":"https:\/\/ongamic.org\/es\/wp-json\/wp\/v2\/users\/1"}],"replies":[{"embeddable":true,"href":"https:\/\/ongamic.org\/es\/wp-json\/wp\/v2\/comments?post=20485"}],"version-history":[{"count":0,"href":"https:\/\/ongamic.org\/es\/wp-json\/wp\/v2\/pages\/20485\/revisions"}],"up":[{"embeddable":true,"href":"https:\/\/ongamic.org\/es\/wp-json\/wp\/v2\/pages\/271"}],"wp:attachment":[{"href":"https:\/\/ongamic.org\/es\/wp-json\/wp\/v2\/media?parent=20485"}],"curies":[{"name":"wp","href":"https:\/\/api.w.org\/{rel}","templated":true}]}}