{"id":20814,"date":"2024-04-11T08:07:29","date_gmt":"2024-04-11T08:07:29","guid":{"rendered":"https:\/\/ongamic.org\/?page_id=20814"},"modified":"2026-03-31T11:24:00","modified_gmt":"2026-03-31T11:24:00","slug":"bases-legales-sorteo-redes-sociales","status":"publish","type":"page","link":"https:\/\/ongamic.org\/es\/bases-legales-sorteo-redes-sociales\/","title":{"rendered":"Bases legales sorteo redes sociales"},"content":{"rendered":"<h1 style=\"text-align: center;\"><b>BASES LEGALES DE PARTICIPACI\u00d3N EN EL SORTEO<\/b><\/h1>\n<p>&nbsp;<\/p>\n<h2><b>1.- ORGANIZACI\u00d3N DE LA PROMOCI\u00d3N<\/b><\/h2>\n<p><span style=\"font-weight: 400;\">La ONG AMIC con domicilio en Carrer Iuca, 36\u2028en Sant Antoni de Vilamajor (08459) e identificada con el n\u00famero NIF G-63654925 organiza el sorteo (en adelante, \u201cla Promoci\u00f3n\u201d) de \u00e1mbito nacional, a desarrollar a trav\u00e9s de Internet, exclusivo para usuarios residentes en Catalu\u00f1a e Islas Baleares, de acuerdo con lo dispuesto en el apartado requisitos de participaci\u00f3n.\u00a0<\/span><\/p>\n<p><span style=\"font-weight: 400;\">La finalidad de este sorteo es dar a conocer la iniciativa de la Organizaci\u00f3n.<\/span><\/p>\n<p>&nbsp;<\/p>\n<h2><b>2.- FECHA DE INICIO Y FECHA DE FINALIZACI\u00d3N<\/b><\/h2>\n<p><span style=\"font-weight: 400;\">La Promoci\u00f3n se iniciar\u00e1 el d\u00eda 12 de abril de 2024 a las 10:00h, y finalizar\u00e1 el d\u00eda 22 de abril a las 23.59h. La ONG AMIC se reserva la facultad de no proceder a llevar a cabo la acci\u00f3n promocional si para la fecha reflejada de comienzo de la misma no se ha registrado una participaci\u00f3n superior a 10 personas.\u00a0<\/span><\/p>\n<p>&nbsp;<\/p>\n<h2><b>3.- REQUISITOS DE PARTICIPACI\u00d3N Y MEC\u00c1NICA DE LA PROMOCI\u00d3N<\/b><\/h2>\n<p><span style=\"font-weight: 400;\">Los requisitos de participaci\u00f3n ser\u00e1n los siguientes:\u00a0<\/span><\/p>\n<ul>\n<li style=\"font-weight: 400;\" aria-level=\"1\"><span style=\"font-weight: 400;\">Podr\u00e1n participar aquellas personas que residan en Catalu\u00f1a y\/o Baleares y sean mayores de 16 a\u00f1os.\u00a0<\/span><\/li>\n<li style=\"font-weight: 400;\" aria-level=\"1\"><span style=\"font-weight: 400;\">S\u00f3lo podr\u00e1n participar aquellos Participantes que sean titulares de una cuenta en Instagram.\u00a0<\/span><\/li>\n<li style=\"font-weight: 400;\" aria-level=\"1\"><span style=\"font-weight: 400;\">Los Participantes deber\u00e1n seguir a ONG AMIC en Instagram y comentar la publicaci\u00f3n etiquetando a 1 persona durante el periodo de participaci\u00f3n.<\/span><\/li>\n<li style=\"font-weight: 400;\" aria-level=\"1\"><span style=\"font-weight: 400;\">Los Participantes s\u00f3lo podr\u00e1n participar con un \u00fanico perfil de Instagram. Si se detecta que un Participante participa con varios perfiles de Instagram ser\u00e1n descalificados.<\/span><\/li>\n<li style=\"font-weight: 400;\" aria-level=\"1\"><span style=\"font-weight: 400;\">Los Participantes pueden participar durante todo el per\u00edodo del sorteo, comentando las veces que deseen siempre y cuando se mencione a distintas personas.<\/span><\/li>\n<li style=\"font-weight: 400;\" aria-level=\"1\"><span style=\"font-weight: 400;\">La aplicaci\u00f3n acumular\u00e1 menciones y hashtags de un mismo Participante aunque est\u00e9n en comentarios distintos.\u00a0<\/span><\/li>\n<li style=\"font-weight: 400;\" aria-level=\"1\"><span style=\"font-weight: 400;\">Los Participantes que publiquen el post del sorteo en sus historias de Instagram, etiquetando a la ONG AMIC, tendr\u00e1n m\u00e1s posibilidades de resultar ganadores.\u00a0<\/span><\/li>\n<\/ul>\n<p>&nbsp;<\/p>\n<h2><b>4.- CONDICIONES DE LA PROMOCI\u00d3N Y PREMIOS\u00a0<\/b><\/h2>\n<p><span style=\"font-weight: 400;\">Se elegir\u00e1 al ganador por medio de la plataforma Rafflys de forma aleatoria. El ganador ser\u00e1 comunicado el d\u00eda 23 de abril\u00a0 de 2024 a las 18:00h a trav\u00e9s del Instagram de la ONG AMIC, mediante una historia donde se ver\u00e1 el proceso de selecci\u00f3n del ganador, el cual se mencionar\u00e1 en la propia historia.\u00a0<\/span><\/p>\n<p><span style=\"font-weight: 400;\">El premio consistir\u00e1 en un lote de tres libros infantiles en catal\u00e1n, realizados por la propia ONG AMIC. El premio no se podr\u00e1 canjear por dinero en met\u00e1lico o por cualquier otro premio, ni puede ser objeto de cambio o alteraci\u00f3n.\u00a0<\/span><\/p>\n<p><span style=\"font-weight: 400;\">El ganador podr\u00e1 contactar con la ONG AMIC durante el plazo de 24h a contar desde la fecha en la que se anuncie en el perfil social de la organizaci\u00f3n. En caso de que en el plazo estipulado no se produjese tal contacto, se proceder\u00e1 a seleccionar otro ganador.<\/span><\/p>\n<p><span style=\"font-weight: 400;\">La celebraci\u00f3n del sorteo, as\u00ed como la concesi\u00f3n del premio quedan sujetos a la normativa fiscal vigente.<\/span><\/p>\n<p>&nbsp;<\/p>\n<h2><b>5.- DESCALIFICACIONES Y PENALIZACIONES\u00a0<\/b><\/h2>\n<p><span style=\"font-weight: 400;\">Si se evidenciase que cualquiera de los Participantes no cumple con los requisitos exigidos en las Bases, o los datos proporcionados para participar no fueran v\u00e1lidos, su participaci\u00f3n se considerar\u00e1 nula y quedar\u00e1n autom\u00e1ticamente excluidos de la Promoci\u00f3n perdiendo todo derecho sobre los premios otorgados en virtud de esta Promoci\u00f3n.\u00a0<\/span><\/p>\n<p><span style=\"font-weight: 400;\">La Organizaci\u00f3n se reserva el derecho de declarar el sorteo desierto.<\/span><\/p>\n<p>&nbsp;<\/p>\n<h2><b>6.- PUBLICACI\u00d3N DE COMENTARIOS U OPINIONES\u00a0<\/b><\/h2>\n<p><span style=\"font-weight: 400;\">No se permitir\u00e1n comentarios u opiniones cuyo contenido se considere inadecuado, que sean ofensivos, injuriosos o discriminatorios o que pudieran vulnerar derechos de terceros. Tampoco se permitir\u00e1n comentarios contra un particular que vulneren los principios de derecho al honor, a la intimidad personal y familiar y a la propia imagen. No nos responsabilizamos de los da\u00f1os ocasionados por los comentarios que hagan los Participantes en la Promoci\u00f3n, y que en cualquier momento pudieran herir la sensibilidad de otros Participantes.\u00a0<\/span><\/p>\n<p><span style=\"font-weight: 400;\">La participaci\u00f3n en la presente Promoci\u00f3n, as\u00ed como la publicaci\u00f3n de los comentarios que se realicen por parte de los Participantes en las publicaciones no podr\u00e1n vulnerar bajo ning\u00fan concepto las <\/span><a href=\"https:\/\/about.instagram.com\/es-la\/blog\/announcements\/instagram-community-guidelines-faqs\" target=\"_blank\" rel=\"noopener\"><span style=\"font-weight: 400;\">Reglas comunitarias de Instagram<\/span><\/a><span style=\"font-weight: 400;\"> ni las <\/span><a href=\"https:\/\/help.instagram.com\/581066165581870\/?locale=es_ES\" target=\"_blank\" rel=\"noopener\"><span style=\"font-weight: 400;\">Condiciones de uso de Instagram.\u00a0<\/span><\/a><\/p>\n<p><span style=\"font-weight: 400;\">Si se descubriese por parte de la Organizaci\u00f3n el empleo de medios fraudulentos para la participaci\u00f3n, tales como el empleo de bots en los comentarios, el premio no le ser\u00e1 adjudicado y seguir\u00e1 siendo propiedad de la Organizaci\u00f3n.<\/span><\/p>\n<p>&nbsp;<\/p>\n<h2><b>7.-EXONERACI\u00d3N DE RESPONSABILIDAD\u00a0<\/b><\/h2>\n<p><span style=\"font-weight: 400;\">A t\u00edtulo enunciativo, pero no limitativo, no nos responsabilizamos de las posibles p\u00e9rdidas, robos, retrasos o cualquiera otra circunstancia imputable a terceros que puedan afectar al desarrollo de la presente Promoci\u00f3n, as\u00ed como tampoco nos responsabilizamos del uso que haga el Participante respecto del premio que obtenga de esta Promoci\u00f3n.\u00a0<\/span><\/p>\n<p><span style=\"font-weight: 400;\">No asumimos la responsabilidad en casos de fuerza mayor o caso fortuito que pudieran impedir la realizaci\u00f3n de la Promoci\u00f3n o el disfrute total o parcial del premio.\u00a0<\/span><\/p>\n<p><span style=\"font-weight: 400;\">En caso de que esta Promoci\u00f3n no pudiera realizarse, bien por fraudes detectados en la misma, errores t\u00e9cnicos, o cualquier otro motivo que no est\u00e9 bajo el control de la Organizaci\u00f3n y que afecte al normal desarrollo del Concurso, nos reservamos el derecho a cancelar, modificar, o suspender la misma, incluyendo la p\u00e1gina web de participaci\u00f3n.<\/span><\/p>\n<p>&nbsp;<\/p>\n<h2><b>8.- PROTECCI\u00d3N DE DATOS PERSONALES<\/b><\/h2>\n<p><span style=\"font-weight: 400;\">La Organizaci\u00f3n responsable del tratamiento de sus datos es ONG AMIC, con domicilio en Carrer Iuca, 36\u2028en Sant Antoni de Vilamajor (08459) e identificada con el n\u00famero NIF G-63654925.\u00a0<\/span><\/p>\n<p><span style=\"font-weight: 400;\">De conformidad con lo establecido en el Reglamento General de Protecci\u00f3n de Datos, cada participante con la aceptaci\u00f3n de estas Bases Legales consiente que sus datos personales sean incorporados a un fichero, titularidad de \u00e9sta, con la finalidad de gestionar el sorteo, as\u00ed como difundir y dar publicidad a sus resultados, y tramitar la entrega del premio.\u00a0<\/span><\/p>\n<p><span style=\"font-weight: 400;\">Le informamos que puede ejercer sus derechos de Acceso, Rectificaci\u00f3n, Supresi\u00f3n, Oposici\u00f3n, Limitaci\u00f3n del tratamiento, Portabilidad, olvido y a no ser objeto de decisiones individuales automatizadas mediante el env\u00edo de un e-mail a lopd@ongamic.org o bien mediante carta dirigida a la siguiente direcci\u00f3n: Carrer Iuca, 36\u2028en Sant Antoni de Vilamajor (08459), adjuntando en ambos casos copia de un documento identificativo.\u00a0<\/span><\/p>\n<p><span style=\"font-weight: 400;\">Sin perjuicio de cualquier otro recurso administrativo o acci\u00f3n judicial, el Participante tendr\u00e1 derecho a presentar una reclamaci\u00f3n ante una Autoridad de Control, en particular en el Estado miembro en el que tenga su residencia habitual, lugar de trabajo o lugar de la supuesta infracci\u00f3n, en caso de que considere que el tratamiento de sus datos personales no es adecuado a la normativa, as\u00ed como en el caso de no ver satisfecho el ejercicio de sus derechos.\u00a0<\/span><\/p>\n<p><span style=\"font-weight: 400;\">Es por ello que el Participante declara haber sido informado de las condiciones sobre protecci\u00f3n de datos personales aceptando y consintiendo el tratamiento.<\/span><\/p>\n<p>&nbsp;<\/p>\n<h2><b>9.- CAMBIOS Y ACEPTACI\u00d3N<\/b><\/h2>\n<p><span style=\"font-weight: 400;\">Nos reservamos el derecho de modificar o ampliar estas bases promocionales, en la medida que no perjudique o menoscabe los derechos de los Participantes en la Promoci\u00f3n.\u00a0<\/span><\/p>\n<p><span style=\"font-weight: 400;\">El mero hecho de participar en el sorteo implica que el Participante acepta totalmente las condiciones de estas Bases Legales. Asimismo, la participaci\u00f3n en un sorteo de esta naturaleza supone la aceptaci\u00f3n de las normas de la red social Instagram a trav\u00e9s del cual se desarrolla el mismo.<\/span><\/p>\n<p>&nbsp;<\/p>\n<h2><b>10.- LEGISLACI\u00d3N APLICABLE Y JURISDICCI\u00d3N\u00a0<\/b><\/h2>\n<p><span style=\"font-weight: 400;\">Estas bases legales se rigen en conformidad con la aplicaci\u00f3n la Ley 35\/2006 del Impuesto sobre la Renta de las Personas F\u00edsicas; el Real Decreto no 439\/2007, de 30 de marzo, por el que se aprueba el Reglamento del Impuesto sobre la Renta de las Personas F\u00edsicas; Ley 13\/2011, de 27 de mayo, de Regulaci\u00f3n del Juego,\u00a0 la Ley 27\/2014, de 27 de noviembre, del Impuesto sobre Sociedades y el Real Decreto 3059\/1966 de 1 de diciembre, por el que se aprueba el Texto Refundido de Tasas Fiscales.<\/span><\/p>\n<p><span style=\"font-weight: 400;\">Ser\u00e1n competentes para resolver cualquier reclamaci\u00f3n o controversia que pudiera plantearse en relaci\u00f3n con la validez, interpretaci\u00f3n o cumplimiento de estas bases los Juzgados y Tribunales de la ciudad de residencia del Participante.<\/span><\/p>\n","protected":false},"excerpt":{"rendered":"<p>BASES LEGALES DE PARTICIPACI\u00d3N EN EL SORTEO &nbsp; 1.- ORGANIZACI\u00d3N DE LA PROMOCI\u00d3N La ONG AMIC con domicilio en Carrer Iuca, 36\u2028en Sant Antoni de Vilamajor (08459) e identificada con el n\u00famero NIF G-63654925 organiza el sorteo (en adelante, \u201cla Promoci\u00f3n\u201d) de \u00e1mbito nacional, a desarrollar a trav\u00e9s de Internet, exclusivo para usuarios residentes en&#8230;<\/p>\n","protected":false},"author":142,"featured_media":0,"parent":0,"menu_order":0,"comment_status":"closed","ping_status":"closed","template":"","meta":{"_joinchat":[],"footnotes":""},"class_list":["post-20814","page","type-page","status-publish","hentry"],"yoast_head":"<!-- This site is optimized with the Yoast SEO plugin v27.3 - https:\/\/yoast.com\/product\/yoast-seo-wordpress\/ -->\n<title>Bases legales sorteo redes sociales - Amic ONG<\/title>\n<meta name=\"description\" content=\"Consulta las bases legales para participar en el sorteo a trav\u00e9s de las redes sociales de nuestra ONG Amic.\" \/>\n<meta name=\"robots\" content=\"noindex, nofollow\" \/>\n<meta property=\"og:locale\" content=\"es_ES\" \/>\n<meta property=\"og:type\" content=\"article\" \/>\n<meta property=\"og:title\" content=\"Bases legales sorteo redes sociales - Amic ONG\" \/>\n<meta property=\"og:description\" content=\"Consulta las bases legales para participar en el sorteo a trav\u00e9s de las redes sociales de nuestra ONG Amic.\" \/>\n<meta property=\"og:url\" content=\"https:\/\/ongamic.org\/es\/bases-legales-sorteo-redes-sociales\/\" \/>\n<meta property=\"og:site_name\" content=\"Amic ONG\" \/>\n<meta property=\"article:modified_time\" content=\"2026-03-31T11:24:00+00:00\" \/>\n<meta name=\"twitter:card\" content=\"summary_large_image\" \/>\n<meta name=\"twitter:label1\" content=\"Tiempo de lectura\" \/>\n\t<meta name=\"twitter:data1\" content=\"8 minutos\" \/>\n<script type=\"application\/ld+json\" class=\"yoast-schema-graph\">{\"@context\":\"https:\\\/\\\/schema.org\",\"@graph\":[{\"@type\":\"WebPage\",\"@id\":\"https:\\\/\\\/ongamic.org\\\/es\\\/bases-legales-sorteo-redes-sociales\\\/\",\"url\":\"https:\\\/\\\/ongamic.org\\\/es\\\/bases-legales-sorteo-redes-sociales\\\/\",\"name\":\"Bases legales sorteo redes sociales - Amic ONG\",\"isPartOf\":{\"@id\":\"https:\\\/\\\/ongamic.org\\\/#website\"},\"datePublished\":\"2024-04-11T08:07:29+00:00\",\"dateModified\":\"2026-03-31T11:24:00+00:00\",\"description\":\"Consulta las bases legales para participar en el sorteo a trav\u00e9s de las redes sociales de nuestra ONG Amic.\",\"breadcrumb\":{\"@id\":\"https:\\\/\\\/ongamic.org\\\/es\\\/bases-legales-sorteo-redes-sociales\\\/#breadcrumb\"},\"inLanguage\":\"es\",\"potentialAction\":[{\"@type\":\"ReadAction\",\"target\":[\"https:\\\/\\\/ongamic.org\\\/es\\\/bases-legales-sorteo-redes-sociales\\\/\"]}]},{\"@type\":\"BreadcrumbList\",\"@id\":\"https:\\\/\\\/ongamic.org\\\/es\\\/bases-legales-sorteo-redes-sociales\\\/#breadcrumb\",\"itemListElement\":[{\"@type\":\"ListItem\",\"position\":1,\"name\":\"Inici\",\"item\":\"https:\\\/\\\/ongamic.org\\\/es\\\/\"},{\"@type\":\"ListItem\",\"position\":2,\"name\":\"Bases legales sorteo redes sociales\"}]},{\"@type\":\"WebSite\",\"@id\":\"https:\\\/\\\/ongamic.org\\\/#website\",\"url\":\"https:\\\/\\\/ongamic.org\\\/\",\"name\":\"ONG AMIC\",\"description\":\"ONG que treballa a Guinea Bissau\",\"publisher\":{\"@id\":\"https:\\\/\\\/ongamic.org\\\/#organization\"},\"potentialAction\":[{\"@type\":\"SearchAction\",\"target\":{\"@type\":\"EntryPoint\",\"urlTemplate\":\"https:\\\/\\\/ongamic.org\\\/?s={search_term_string}\"},\"query-input\":{\"@type\":\"PropertyValueSpecification\",\"valueRequired\":true,\"valueName\":\"search_term_string\"}}],\"inLanguage\":\"es\"},{\"@type\":\"Organization\",\"@id\":\"https:\\\/\\\/ongamic.org\\\/#organization\",\"name\":\"ONG AMIC\",\"url\":\"https:\\\/\\\/ongamic.org\\\/\",\"logo\":{\"@type\":\"ImageObject\",\"inLanguage\":\"es\",\"@id\":\"https:\\\/\\\/ongamic.org\\\/#\\\/schema\\\/logo\\\/image\\\/\",\"url\":\"https:\\\/\\\/ongamic.org\\\/wp-content\\\/uploads\\\/2023\\\/01\\\/logo-amic-per-adhesiu.png\",\"contentUrl\":\"https:\\\/\\\/ongamic.org\\\/wp-content\\\/uploads\\\/2023\\\/01\\\/logo-amic-per-adhesiu.png\",\"width\":1033,\"height\":591,\"caption\":\"ONG AMIC\"},\"image\":{\"@id\":\"https:\\\/\\\/ongamic.org\\\/#\\\/schema\\\/logo\\\/image\\\/\"},\"sameAs\":[\"https:\\\/\\\/www.instagram.com\\\/ong_amic\\\/\"]}]}<\/script>\n<!-- \/ Yoast SEO plugin. -->","yoast_head_json":{"title":"Bases legales sorteo redes sociales - Amic ONG","description":"Consulta las bases legales para participar en el sorteo a trav\u00e9s de las redes sociales de nuestra ONG Amic.","robots":{"index":"noindex","follow":"nofollow"},"og_locale":"es_ES","og_type":"article","og_title":"Bases legales sorteo redes sociales - Amic ONG","og_description":"Consulta las bases legales para participar en el sorteo a trav\u00e9s de las redes sociales de nuestra ONG Amic.","og_url":"https:\/\/ongamic.org\/es\/bases-legales-sorteo-redes-sociales\/","og_site_name":"Amic ONG","article_modified_time":"2026-03-31T11:24:00+00:00","twitter_card":"summary_large_image","twitter_misc":{"Tiempo de lectura":"8 minutos"},"schema":{"@context":"https:\/\/schema.org","@graph":[{"@type":"WebPage","@id":"https:\/\/ongamic.org\/es\/bases-legales-sorteo-redes-sociales\/","url":"https:\/\/ongamic.org\/es\/bases-legales-sorteo-redes-sociales\/","name":"Bases legales sorteo redes sociales - Amic ONG","isPartOf":{"@id":"https:\/\/ongamic.org\/#website"},"datePublished":"2024-04-11T08:07:29+00:00","dateModified":"2026-03-31T11:24:00+00:00","description":"Consulta las bases legales para participar en el sorteo a trav\u00e9s de las redes sociales de nuestra ONG Amic.","breadcrumb":{"@id":"https:\/\/ongamic.org\/es\/bases-legales-sorteo-redes-sociales\/#breadcrumb"},"inLanguage":"es","potentialAction":[{"@type":"ReadAction","target":["https:\/\/ongamic.org\/es\/bases-legales-sorteo-redes-sociales\/"]}]},{"@type":"BreadcrumbList","@id":"https:\/\/ongamic.org\/es\/bases-legales-sorteo-redes-sociales\/#breadcrumb","itemListElement":[{"@type":"ListItem","position":1,"name":"Inici","item":"https:\/\/ongamic.org\/es\/"},{"@type":"ListItem","position":2,"name":"Bases legales sorteo redes sociales"}]},{"@type":"WebSite","@id":"https:\/\/ongamic.org\/#website","url":"https:\/\/ongamic.org\/","name":"ONG AMIC","description":"ONG que treballa a Guinea Bissau","publisher":{"@id":"https:\/\/ongamic.org\/#organization"},"potentialAction":[{"@type":"SearchAction","target":{"@type":"EntryPoint","urlTemplate":"https:\/\/ongamic.org\/?s={search_term_string}"},"query-input":{"@type":"PropertyValueSpecification","valueRequired":true,"valueName":"search_term_string"}}],"inLanguage":"es"},{"@type":"Organization","@id":"https:\/\/ongamic.org\/#organization","name":"ONG AMIC","url":"https:\/\/ongamic.org\/","logo":{"@type":"ImageObject","inLanguage":"es","@id":"https:\/\/ongamic.org\/#\/schema\/logo\/image\/","url":"https:\/\/ongamic.org\/wp-content\/uploads\/2023\/01\/logo-amic-per-adhesiu.png","contentUrl":"https:\/\/ongamic.org\/wp-content\/uploads\/2023\/01\/logo-amic-per-adhesiu.png","width":1033,"height":591,"caption":"ONG AMIC"},"image":{"@id":"https:\/\/ongamic.org\/#\/schema\/logo\/image\/"},"sameAs":["https:\/\/www.instagram.com\/ong_amic\/"]}]}},"_links":{"self":[{"href":"https:\/\/ongamic.org\/es\/wp-json\/wp\/v2\/pages\/20814","targetHints":{"allow":["GET"]}}],"collection":[{"href":"https:\/\/ongamic.org\/es\/wp-json\/wp\/v2\/pages"}],"about":[{"href":"https:\/\/ongamic.org\/es\/wp-json\/wp\/v2\/types\/page"}],"author":[{"embeddable":true,"href":"https:\/\/ongamic.org\/es\/wp-json\/wp\/v2\/users\/142"}],"replies":[{"embeddable":true,"href":"https:\/\/ongamic.org\/es\/wp-json\/wp\/v2\/comments?post=20814"}],"version-history":[{"count":0,"href":"https:\/\/ongamic.org\/es\/wp-json\/wp\/v2\/pages\/20814\/revisions"}],"wp:attachment":[{"href":"https:\/\/ongamic.org\/es\/wp-json\/wp\/v2\/media?parent=20814"}],"curies":[{"name":"wp","href":"https:\/\/api.w.org\/{rel}","templated":true}]}}