{"id":21900,"date":"2026-04-13T07:31:13","date_gmt":"2026-04-13T07:31:13","guid":{"rendered":"https:\/\/ongamic.org\/beques-menjador\/"},"modified":"2026-04-13T09:41:28","modified_gmt":"2026-04-13T09:41:28","slug":"becas-comedor","status":"publish","type":"page","link":"https:\/\/ongamic.org\/es\/becas-comedor\/","title":{"rendered":"Becas comedor"},"content":{"rendered":"\t\t<div data-elementor-type=\"wp-page\" data-elementor-id=\"21900\" class=\"elementor elementor-21900 elementor-21856\" data-elementor-post-type=\"page\">\n\t\t\t\t\t\t<section class=\"elementor-section elementor-top-section elementor-element elementor-element-06197fe elementor-section-boxed elementor-section-height-default elementor-section-height-default edgtf-elementor-container-no edgtf-section edgtf-parallax-section-holder-touch-disabled edgtf-parallax-section-no\" data-id=\"06197fe\" data-element_type=\"section\" data-e-type=\"section\">\n\t\t\t\t\t\t<div class=\"elementor-container elementor-column-gap-default\">\n\t\t\t\t\t<div class=\"elementor-column elementor-col-100 elementor-top-column elementor-element elementor-element-9803e40\" data-id=\"9803e40\" data-element_type=\"column\" data-e-type=\"column\">\n\t\t\t<div class=\"elementor-widget-wrap elementor-element-populated\">\n\t\t\t\t\t\t<div class=\"elementor-element elementor-element-3ff8934 elementor-widget elementor-widget-text-editor\" data-id=\"3ff8934\" data-element_type=\"widget\" data-e-type=\"widget\" data-widget_type=\"text-editor.default\">\n\t\t\t\t<div class=\"elementor-widget-container\">\n\t\t\t\t\t\t\t\t\t<p>En Guinea-Bissau solo un 12% de los ni\u00f1os reciben la alimentaci\u00f3n necesaria para su desarrollo. Una alimentaci\u00f3n equilibrada es imprescindible para tener cura de la salud, adem\u00e1s de ser necesaria para mejorar la capacidad de rendimiento escolar de los ni\u00f1os. Actualmente, los precios de los alimentos b\u00e1sicos en Guyena Bissau se han doblado y triplicado el que dificulta todav\u00eda m\u00e1s la alimentaci\u00f3n de los m\u00e1s peque\u00f1os.<\/p><p>El programa de becas comedor ofrece una comida equilibrada a todos los ni\u00f1os y ni\u00f1as que asisten en la Escuela Innova a Bissalanca. De este modo, en la escuela, adem\u00e1s de ofrecer una educaci\u00f3n de calidad, luchamos contra la desnutrici\u00f3n y la malnutrici\u00f3n infantil. Nos quieres ayudar? Te explicamos c\u00f3mo hacerlo:<\/p><ul><li>Puedes hacer una contribuci\u00f3n general para el mejador de la escuela<\/li><li>Puede hacer una aportaci\u00f3n de una beca de comedor (200\u20ac el a\u00f1o)<\/li><li>Puedes hacer una aportaci\u00f3n para el mantenimiento de la cocina<\/li><\/ul>\t\t\t\t\t\t\t\t<\/div>\n\t\t\t\t<\/div>\n\t\t\t\t\t<\/div>\n\t\t<\/div>\n\t\t\t\t\t<\/div>\n\t\t<\/section>\n\t\t\t\t<section class=\"elementor-section elementor-top-section elementor-element elementor-element-dadaaa5 elementor-section-boxed elementor-section-height-default elementor-section-height-default edgtf-elementor-container-no edgtf-section edgtf-parallax-section-holder-touch-disabled edgtf-parallax-section-no\" data-id=\"dadaaa5\" data-element_type=\"section\" data-e-type=\"section\">\n\t\t\t\t\t\t<div class=\"elementor-container elementor-column-gap-default\">\n\t\t\t\t\t<div class=\"elementor-column elementor-col-100 elementor-top-column elementor-element elementor-element-093afa7\" data-id=\"093afa7\" data-element_type=\"column\" data-e-type=\"column\">\n\t\t\t<div class=\"elementor-widget-wrap elementor-element-populated\">\n\t\t\t\t\t\t<div class=\"elementor-element elementor-element-4c71257 elementor-widget elementor-widget-shortcode\" data-id=\"4c71257\" data-element_type=\"widget\" data-e-type=\"widget\" data-widget_type=\"shortcode.default\">\n\t\t\t\t<div class=\"elementor-widget-container\">\n\t\t\t\t\t\t\t<div class=\"elementor-shortcode\">\n<div class=\"wpcf7 no-js\" id=\"wpcf7-f21899-o1\" lang=\"ca\" dir=\"ltr\" data-wpcf7-id=\"21899\">\n<div class=\"screen-reader-response\"><p role=\"status\" aria-live=\"polite\" aria-atomic=\"true\"><\/p> <ul><\/ul><\/div>\n<form action=\"\/es\/wp-json\/wp\/v2\/pages\/21900#wpcf7-f21899-o1\" method=\"post\" class=\"wpcf7-form init\" aria-label=\"Formulari de contacte\" novalidate=\"novalidate\" data-status=\"init\">\n<fieldset class=\"hidden-fields-container\"><input type=\"hidden\" name=\"_wpcf7\" value=\"21899\" \/><input type=\"hidden\" name=\"_wpcf7_version\" value=\"6.1.5\" \/><input type=\"hidden\" name=\"_wpcf7_locale\" value=\"ca\" \/><input type=\"hidden\" name=\"_wpcf7_unit_tag\" value=\"wpcf7-f21899-o1\" \/><input type=\"hidden\" name=\"_wpcf7_container_post\" value=\"0\" \/><input type=\"hidden\" name=\"_wpcf7_posted_data_hash\" value=\"\" \/><input type=\"hidden\" name=\"_wpcf7_recaptcha_response\" value=\"\" \/>\n<\/fieldset>\n<div class=\"form-amic-donacio\">\n\t<div class=\"amic-seccio\">\n\t\t<p><label class=\"amic-label\">Importe (\u20ac)<\/label><br \/>\n<span class=\"wpcf7-form-control-wrap\" data-name=\"import\"><input class=\"wpcf7-form-control wpcf7-number wpcf7-validates-as-required wpcf7-validates-as-number amic-input-field\" min=\"1\" aria-required=\"true\" aria-invalid=\"false\" placeholder=\"10,00\" value=\"\" type=\"number\" name=\"import\" \/><\/span><br \/>\n<span class=\"wpcf7-form-control-wrap\" data-name=\"projecte-id\"><input size=\"40\" maxlength=\"400\" class=\"wpcf7-form-control wpcf7-text amic-camp-ocult\" aria-invalid=\"false\" value=\"\" type=\"text\" name=\"projecte-id\" \/><\/span>\n\t\t<\/p>\n\t<\/div>\n\t<div class=\"amic-seccio\">\n\t\t<p><label class=\"amic-label\">Informaci\u00f3n personal<\/label>\n\t\t<\/p>\n\t\t<div class=\"amic-row\">\n\t\t\t<div class=\"amic-col\">\n\t\t\t\t<p><span class=\"wpcf7-form-control-wrap\" data-name=\"nom\"><input size=\"40\" maxlength=\"400\" class=\"wpcf7-form-control wpcf7-text wpcf7-validates-as-required amic-input-field\" aria-required=\"true\" aria-invalid=\"false\" placeholder=\"Nombre *\" value=\"\" type=\"text\" name=\"nom\" \/><\/span>\n\t\t\t\t<\/p>\n\t\t\t<\/div>\n\t\t\t<div class=\"amic-col\">\n\t\t\t\t<p><span class=\"wpcf7-form-control-wrap\" data-name=\"cognoms\"><input size=\"40\" maxlength=\"400\" class=\"wpcf7-form-control wpcf7-text wpcf7-validates-as-required amic-input-field\" aria-required=\"true\" aria-invalid=\"false\" placeholder=\"Apellidos *\" value=\"\" type=\"text\" name=\"cognoms\" \/><\/span>\n\t\t\t\t<\/p>\n\t\t\t<\/div>\n\t\t<\/div>\n\t\t<p><span class=\"wpcf7-form-control-wrap\" data-name=\"email\"><input size=\"40\" maxlength=\"400\" class=\"wpcf7-form-control wpcf7-email wpcf7-validates-as-required wpcf7-text wpcf7-validates-as-email amic-input-field\" aria-required=\"true\" aria-invalid=\"false\" placeholder=\"Correo electr\u00f3nico *\" value=\"\" type=\"email\" name=\"email\" \/><\/span><br \/>\n<span class=\"wpcf7-form-control-wrap\" data-name=\"nif\"><input size=\"40\" maxlength=\"400\" class=\"wpcf7-form-control wpcf7-text amic-input-field\" aria-invalid=\"false\" placeholder=\"DNI \/ NIF (para el certificado fiscal)\" value=\"\" type=\"text\" name=\"nif\" \/><\/span>\n\t\t<\/p>\n\t<\/div>\n\t<div class=\"amic-seccio\">\n\t\t<p><label class=\"amic-label\">Datos de facturaci\u00f3n<\/label><br \/>\n<span class=\"wpcf7-form-control-wrap\" data-name=\"pais\"><select class=\"wpcf7-form-control wpcf7-select wpcf7-validates-as-required amic-input-field\" aria-required=\"true\" aria-invalid=\"false\" name=\"pais\"><option value=\"Espa\u00f1a\" selected=\"selected\">Espa\u00f1a<\/option><option value=\"Andorra\">Andorra<\/option><option value=\"Francia\">Francia<\/option><option value=\"Portugal\">Portugal<\/option><option value=\"Italia\">Italia<\/option><option value=\"Alemania\">Alemania<\/option><option value=\"Reino Unido\">Reino Unido<\/option><option value=\"Estados Unidos\">Estados Unidos<\/option><option value=\"M\u00e9xico\">M\u00e9xico<\/option><option value=\"Argentina\">Argentina<\/option><option value=\"Colombia\">Colombia<\/option><option value=\"Senegal\">Senegal<\/option><option value=\"Gambia\">Gambia<\/option><option value=\"Otros\">Otros<\/option><\/select><\/span>\n\t\t<\/p>\n\t\t<p><span class=\"wpcf7-form-control-wrap\" data-name=\"direccio-1\"><input size=\"40\" maxlength=\"400\" class=\"wpcf7-form-control wpcf7-text wpcf7-validates-as-required amic-input-field\" aria-required=\"true\" aria-invalid=\"false\" placeholder=\"Direcci\u00f3n l\u00ednea 1 *\" value=\"\" type=\"text\" name=\"direccio-1\" \/><\/span><br \/>\n<span class=\"wpcf7-form-control-wrap\" data-name=\"direccio-2\"><input size=\"40\" maxlength=\"400\" class=\"wpcf7-form-control wpcf7-text amic-input-field\" aria-invalid=\"false\" placeholder=\"Direcci\u00f3n l\u00ednea 2\" value=\"\" type=\"text\" name=\"direccio-2\" \/><\/span>\n\t\t<\/p>\n\t\t<p><span class=\"wpcf7-form-control-wrap\" data-name=\"ciutat\"><input size=\"40\" maxlength=\"400\" class=\"wpcf7-form-control wpcf7-text wpcf7-validates-as-required amic-input-field\" aria-required=\"true\" aria-invalid=\"false\" placeholder=\"Ciudad *\" value=\"\" type=\"text\" name=\"ciutat\" \/><\/span>\n\t\t<\/p>\n\t\t<div class=\"amic-row\">\n\t\t\t<div class=\"amic-col\">\n\t\t\t\t<p><span class=\"wpcf7-form-control-wrap\" data-name=\"provincia\"><select class=\"wpcf7-form-control wpcf7-select wpcf7-validates-as-required amic-input-field\" aria-required=\"true\" aria-invalid=\"false\" name=\"provincia\"><option value=\"Barcelona\" selected=\"selected\">Barcelona<\/option><option value=\"Girona\">Girona<\/option><option value=\"Lleida\">Lleida<\/option><option value=\"Tarragona\">Tarragona<\/option><option value=\"Otras\">Otras<\/option><\/select><\/span>\n\t\t\t\t<\/p>\n\t\t\t<\/div>\n\t\t\t<div class=\"amic-col\">\n\t\t\t\t<p><span class=\"wpcf7-form-control-wrap\" data-name=\"codi-postal\"><input size=\"40\" maxlength=\"400\" class=\"wpcf7-form-control wpcf7-text wpcf7-validates-as-required amic-input-field\" aria-required=\"true\" aria-invalid=\"false\" placeholder=\"C\u00f3digo postal *\" value=\"\" type=\"text\" name=\"codi-postal\" \/><\/span>\n\t\t\t\t<\/p>\n\t\t\t<\/div>\n\t\t<\/div>\n\t<\/div>\n\t<div class=\"amic-seccio\">\n\t\t<p><label class=\"amic-label\">Comentario<\/label><br \/>\n<span class=\"wpcf7-form-control-wrap\" data-name=\"comentari\"><textarea cols=\"40\" rows=\"3\" maxlength=\"2000\" class=\"wpcf7-form-control wpcf7-textarea amic-input-field\" aria-invalid=\"false\" placeholder=\"Deja un comentario\" name=\"comentari\"><\/textarea><\/span>\n\t\t<\/p>\n\t<\/div>\n\t<div class=\"amic-seccio\">\n\t\t<p><label class=\"amic-label\">Seleccionar la forma de pago<\/label>\n\t\t<\/p>\n\t\t<div class=\"amic-selector-pagament\">\n\t\t\t<p><span class=\"wpcf7-form-control-wrap\" data-name=\"forma-pagament\"><span class=\"wpcf7-form-control wpcf7-radio\"><span class=\"wpcf7-list-item first\"><label><input type=\"radio\" name=\"forma-pagament\" value=\"Bizum Solidario\" checked=\"checked\" \/><span class=\"wpcf7-list-item-label\">Bizum Solidario<\/span><\/label><\/span><span class=\"wpcf7-list-item last\"><label><input type=\"radio\" name=\"forma-pagament\" value=\"Transferencia Bancaria\" \/><span class=\"wpcf7-list-item-label\">Transferencia Bancaria<\/span><\/label><\/span><\/span><\/span>\n\t\t\t<\/p>\n\t\t<\/div>\n\t<\/div>\n\t<div class=\"amic-caixa-info\">\n\t\t<p class=\"amic-titol-caixa\">Datos para realizar el pago:\n\t\t<\/p>\n\t\t<div class=\"amic-metode-detall\">\n\t\t\t<p><strong>BIZUM SOLIDARIO:<\/strong>\n\t\t\t<\/p>\n\t\t\t<p>C\u00f3digo: <span class=\"amic-highlight\">13192<\/span>\n\t\t\t<\/p>\n\t\t\t<p><small>(Dentro de tu App del banco, busca la opci\u00f3n \"Donar\" o \"Bizum Solidario\" e introduce el c\u00f3digo).<\/small>\n\t\t\t<\/p>\n\t\t<\/div>\n\t\t<div class=\"amic-metode-detall\" style=\"margin-top:15px;\">\n\t\t\t<p><strong>TRANSFERENCIA:<\/strong>\n\t\t\t<\/p>\n\t\t\t<p>IBAN: <span class=\"amic-highlight\">ES31 0081 1774 1500 0103 6608<\/span>\n\t\t\t<\/p>\n\t\t\t<p><small>Banco: Sabadell | SWIFT: BSABESBB | Titular: ONG AMIC<\/small>\n\t\t\t<\/p>\n\t\t<\/div>\n\t\t<p class=\"amic-recordatori\">Por favor, indica tu <strong>Nombre y DNI<\/strong> en el concepto para que podamos identificar tu donaci\u00f3n.\n\t\t<\/p>\n\t<\/div>\n\t<p><input class=\"wpcf7-form-control wpcf7-submit has-spinner amic-btn-submit\" type=\"submit\" value=\"Dona Ahora\" \/>\n\t<\/p>\n<\/div><div class=\"wpcf7-response-output\" aria-hidden=\"true\"><\/div>\n<\/form>\n<\/div>\n<\/div>\n\t\t\t\t\t\t<\/div>\n\t\t\t\t<\/div>\n\t\t\t\t<div class=\"elementor-element elementor-element-55b80f2 elementor-widget elementor-widget-html\" data-id=\"55b80f2\" data-element_type=\"widget\" data-e-type=\"widget\" data-widget_type=\"html.default\">\n\t\t\t\t<div class=\"elementor-widget-container\">\n\t\t\t\t\t<script>\nwindow.addEventListener('load', function() {\n    \/\/ Esperem un moment perqu\u00e8 el formulari estigui ben carregat\n    setTimeout(function() {\n        \/\/ Busquem el t\u00edtol de l'H1 de la p\u00e0gina (que sol ser el nom del projecte)\n        \/\/ Si prefereixes el t\u00edtol de la pestanya, usa document.title\n        var titolProjecte = document.querySelector('h1').innerText || document.title;\n        \n        \/\/ Busquem el camp del formulari\n        var camps = document.getElementsByName(\"projecte-id\");\n        \n        if(camps.length > 0) {\n            camps[0].value = titolProjecte;\n        }\n    }, 500);\n});\n<\/script>\t\t\t\t<\/div>\n\t\t\t\t<\/div>\n\t\t\t\t\t<\/div>\n\t\t<\/div>\n\t\t\t\t\t<\/div>\n\t\t<\/section>\n\t\t\t\t<\/div>\n\t\t","protected":false},"excerpt":{"rendered":"<p>En Guinea-Bissau solo un 12% de los ni\u00f1os reciben la alimentaci\u00f3n necesaria para su desarrollo. Una alimentaci\u00f3n equilibrada es imprescindible para tener cura de la salud, adem\u00e1s de ser necesaria para mejorar la capacidad de rendimiento escolar de los ni\u00f1os. Actualmente, los precios de los alimentos b\u00e1sicos en Guyena Bissau se han doblado y triplicado&#8230;<\/p>\n","protected":false},"author":145,"featured_media":0,"parent":0,"menu_order":0,"comment_status":"closed","ping_status":"closed","template":"","meta":{"_joinchat":[],"footnotes":""},"class_list":["post-21900","page","type-page","status-publish","hentry"],"yoast_head":"<!-- This site is optimized with the Yoast SEO plugin v27.3 - https:\/\/yoast.com\/product\/yoast-seo-wordpress\/ -->\n<title>Becas comedor - Amic ONG<\/title>\n<meta name=\"robots\" content=\"index, follow, max-snippet:-1, max-image-preview:large, max-video-preview:-1\" \/>\n<link rel=\"canonical\" href=\"https:\/\/ongamic.org\/es\/becas-comedor\/\" \/>\n<meta property=\"og:locale\" content=\"es_ES\" \/>\n<meta property=\"og:type\" content=\"article\" \/>\n<meta property=\"og:title\" content=\"Becas comedor - Amic ONG\" \/>\n<meta property=\"og:description\" content=\"En Guinea-Bissau solo un 12% de los ni\u00f1os reciben la alimentaci\u00f3n necesaria para su desarrollo. Una alimentaci\u00f3n equilibrada es imprescindible para tener cura de la salud, adem\u00e1s de ser necesaria para mejorar la capacidad de rendimiento escolar de los ni\u00f1os. Actualmente, los precios de los alimentos b\u00e1sicos en Guyena Bissau se han doblado y triplicado...\" \/>\n<meta property=\"og:url\" content=\"https:\/\/ongamic.org\/es\/becas-comedor\/\" \/>\n<meta property=\"og:site_name\" content=\"Amic ONG\" \/>\n<meta property=\"article:modified_time\" content=\"2026-04-13T09:41:28+00:00\" \/>\n<meta name=\"twitter:card\" content=\"summary_large_image\" \/>\n<meta name=\"twitter:label1\" content=\"Tiempo de lectura\" \/>\n\t<meta name=\"twitter:data1\" content=\"1 minuto\" \/>\n<script type=\"application\/ld+json\" class=\"yoast-schema-graph\">{\"@context\":\"https:\\\/\\\/schema.org\",\"@graph\":[{\"@type\":\"WebPage\",\"@id\":\"https:\\\/\\\/ongamic.org\\\/es\\\/becas-comedor\\\/\",\"url\":\"https:\\\/\\\/ongamic.org\\\/es\\\/becas-comedor\\\/\",\"name\":\"Becas comedor - Amic ONG\",\"isPartOf\":{\"@id\":\"https:\\\/\\\/ongamic.org\\\/#website\"},\"datePublished\":\"2026-04-13T07:31:13+00:00\",\"dateModified\":\"2026-04-13T09:41:28+00:00\",\"breadcrumb\":{\"@id\":\"https:\\\/\\\/ongamic.org\\\/es\\\/becas-comedor\\\/#breadcrumb\"},\"inLanguage\":\"es\",\"potentialAction\":[{\"@type\":\"ReadAction\",\"target\":[\"https:\\\/\\\/ongamic.org\\\/es\\\/becas-comedor\\\/\"]}]},{\"@type\":\"BreadcrumbList\",\"@id\":\"https:\\\/\\\/ongamic.org\\\/es\\\/becas-comedor\\\/#breadcrumb\",\"itemListElement\":[{\"@type\":\"ListItem\",\"position\":1,\"name\":\"Inici\",\"item\":\"https:\\\/\\\/ongamic.org\\\/es\\\/\"},{\"@type\":\"ListItem\",\"position\":2,\"name\":\"Becas comedor\"}]},{\"@type\":\"WebSite\",\"@id\":\"https:\\\/\\\/ongamic.org\\\/#website\",\"url\":\"https:\\\/\\\/ongamic.org\\\/\",\"name\":\"ONG AMIC\",\"description\":\"ONG que treballa a Guinea Bissau\",\"publisher\":{\"@id\":\"https:\\\/\\\/ongamic.org\\\/#organization\"},\"potentialAction\":[{\"@type\":\"SearchAction\",\"target\":{\"@type\":\"EntryPoint\",\"urlTemplate\":\"https:\\\/\\\/ongamic.org\\\/?s={search_term_string}\"},\"query-input\":{\"@type\":\"PropertyValueSpecification\",\"valueRequired\":true,\"valueName\":\"search_term_string\"}}],\"inLanguage\":\"es\"},{\"@type\":\"Organization\",\"@id\":\"https:\\\/\\\/ongamic.org\\\/#organization\",\"name\":\"ONG AMIC\",\"url\":\"https:\\\/\\\/ongamic.org\\\/\",\"logo\":{\"@type\":\"ImageObject\",\"inLanguage\":\"es\",\"@id\":\"https:\\\/\\\/ongamic.org\\\/#\\\/schema\\\/logo\\\/image\\\/\",\"url\":\"https:\\\/\\\/ongamic.org\\\/wp-content\\\/uploads\\\/2023\\\/01\\\/logo-amic-per-adhesiu.png\",\"contentUrl\":\"https:\\\/\\\/ongamic.org\\\/wp-content\\\/uploads\\\/2023\\\/01\\\/logo-amic-per-adhesiu.png\",\"width\":1033,\"height\":591,\"caption\":\"ONG AMIC\"},\"image\":{\"@id\":\"https:\\\/\\\/ongamic.org\\\/#\\\/schema\\\/logo\\\/image\\\/\"},\"sameAs\":[\"https:\\\/\\\/www.instagram.com\\\/ong_amic\\\/\"]}]}<\/script>\n<!-- \/ Yoast SEO plugin. -->","yoast_head_json":{"title":"Becas comedor - Amic ONG","robots":{"index":"index","follow":"follow","max-snippet":"max-snippet:-1","max-image-preview":"max-image-preview:large","max-video-preview":"max-video-preview:-1"},"canonical":"https:\/\/ongamic.org\/es\/becas-comedor\/","og_locale":"es_ES","og_type":"article","og_title":"Becas comedor - Amic ONG","og_description":"En Guinea-Bissau solo un 12% de los ni\u00f1os reciben la alimentaci\u00f3n necesaria para su desarrollo. Una alimentaci\u00f3n equilibrada es imprescindible para tener cura de la salud, adem\u00e1s de ser necesaria para mejorar la capacidad de rendimiento escolar de los ni\u00f1os. Actualmente, los precios de los alimentos b\u00e1sicos en Guyena Bissau se han doblado y triplicado...","og_url":"https:\/\/ongamic.org\/es\/becas-comedor\/","og_site_name":"Amic ONG","article_modified_time":"2026-04-13T09:41:28+00:00","twitter_card":"summary_large_image","twitter_misc":{"Tiempo de lectura":"1 minuto"},"schema":{"@context":"https:\/\/schema.org","@graph":[{"@type":"WebPage","@id":"https:\/\/ongamic.org\/es\/becas-comedor\/","url":"https:\/\/ongamic.org\/es\/becas-comedor\/","name":"Becas comedor - Amic ONG","isPartOf":{"@id":"https:\/\/ongamic.org\/#website"},"datePublished":"2026-04-13T07:31:13+00:00","dateModified":"2026-04-13T09:41:28+00:00","breadcrumb":{"@id":"https:\/\/ongamic.org\/es\/becas-comedor\/#breadcrumb"},"inLanguage":"es","potentialAction":[{"@type":"ReadAction","target":["https:\/\/ongamic.org\/es\/becas-comedor\/"]}]},{"@type":"BreadcrumbList","@id":"https:\/\/ongamic.org\/es\/becas-comedor\/#breadcrumb","itemListElement":[{"@type":"ListItem","position":1,"name":"Inici","item":"https:\/\/ongamic.org\/es\/"},{"@type":"ListItem","position":2,"name":"Becas comedor"}]},{"@type":"WebSite","@id":"https:\/\/ongamic.org\/#website","url":"https:\/\/ongamic.org\/","name":"ONG AMIC","description":"ONG que treballa a Guinea Bissau","publisher":{"@id":"https:\/\/ongamic.org\/#organization"},"potentialAction":[{"@type":"SearchAction","target":{"@type":"EntryPoint","urlTemplate":"https:\/\/ongamic.org\/?s={search_term_string}"},"query-input":{"@type":"PropertyValueSpecification","valueRequired":true,"valueName":"search_term_string"}}],"inLanguage":"es"},{"@type":"Organization","@id":"https:\/\/ongamic.org\/#organization","name":"ONG AMIC","url":"https:\/\/ongamic.org\/","logo":{"@type":"ImageObject","inLanguage":"es","@id":"https:\/\/ongamic.org\/#\/schema\/logo\/image\/","url":"https:\/\/ongamic.org\/wp-content\/uploads\/2023\/01\/logo-amic-per-adhesiu.png","contentUrl":"https:\/\/ongamic.org\/wp-content\/uploads\/2023\/01\/logo-amic-per-adhesiu.png","width":1033,"height":591,"caption":"ONG AMIC"},"image":{"@id":"https:\/\/ongamic.org\/#\/schema\/logo\/image\/"},"sameAs":["https:\/\/www.instagram.com\/ong_amic\/"]}]}},"_links":{"self":[{"href":"https:\/\/ongamic.org\/es\/wp-json\/wp\/v2\/pages\/21900","targetHints":{"allow":["GET"]}}],"collection":[{"href":"https:\/\/ongamic.org\/es\/wp-json\/wp\/v2\/pages"}],"about":[{"href":"https:\/\/ongamic.org\/es\/wp-json\/wp\/v2\/types\/page"}],"author":[{"embeddable":true,"href":"https:\/\/ongamic.org\/es\/wp-json\/wp\/v2\/users\/145"}],"replies":[{"embeddable":true,"href":"https:\/\/ongamic.org\/es\/wp-json\/wp\/v2\/comments?post=21900"}],"version-history":[{"count":5,"href":"https:\/\/ongamic.org\/es\/wp-json\/wp\/v2\/pages\/21900\/revisions"}],"predecessor-version":[{"id":21992,"href":"https:\/\/ongamic.org\/es\/wp-json\/wp\/v2\/pages\/21900\/revisions\/21992"}],"wp:attachment":[{"href":"https:\/\/ongamic.org\/es\/wp-json\/wp\/v2\/media?parent=21900"}],"curies":[{"name":"wp","href":"https:\/\/api.w.org\/{rel}","templated":true}]}}