{"id":21910,"date":"2026-04-13T08:49:04","date_gmt":"2026-04-13T08:49:04","guid":{"rendered":"https:\/\/ongamic.org\/?page_id=21910"},"modified":"2026-04-13T09:45:42","modified_gmt":"2026-04-13T09:45:42","slug":"centro-ninos-con-discapacidad","status":"publish","type":"page","link":"https:\/\/ongamic.org\/es\/centro-ninos-con-discapacidad\/","title":{"rendered":"Centro Casulo para ni\u00f1os con discapacidad"},"content":{"rendered":"\t\t<div data-elementor-type=\"wp-page\" data-elementor-id=\"21910\" class=\"elementor elementor-21910 elementor-21909\" data-elementor-post-type=\"page\">\n\t\t\t\t\t\t<section class=\"elementor-section elementor-top-section elementor-element elementor-element-27d7979 elementor-section-boxed elementor-section-height-default elementor-section-height-default edgtf-elementor-container-no edgtf-section edgtf-parallax-section-holder-touch-disabled edgtf-parallax-section-no\" data-id=\"27d7979\" data-element_type=\"section\" data-e-type=\"section\">\n\t\t\t\t\t\t<div class=\"elementor-container elementor-column-gap-default\">\n\t\t\t\t\t<div class=\"elementor-column elementor-col-100 elementor-top-column elementor-element elementor-element-b9ae595\" data-id=\"b9ae595\" data-element_type=\"column\" data-e-type=\"column\">\n\t\t\t<div class=\"elementor-widget-wrap elementor-element-populated\">\n\t\t\t\t\t\t<div class=\"elementor-element elementor-element-90b7e1f elementor-widget elementor-widget-text-editor\" data-id=\"90b7e1f\" data-element_type=\"widget\" data-e-type=\"widget\" data-widget_type=\"text-editor.default\">\n\t\t\t\t<div class=\"elementor-widget-container\">\n\t\t\t\t\t\t\t\t\t<p>Casa Emanuel Casulo, es un centro escolar y residencial para ni\u00f1os y j\u00f3venes que sufren una discapacidad intelectual grave y \/ o m\u00faltiplo con un alto grado de dependencia y que, por lo tanto, necesitan una atenci\u00f3n continuada. Este Centro educativo y residencial se inaugur\u00f3 en 2018 y est\u00e1 construit en un terreno de 2.200 metres2 situado a Bisselanca (Biombo).<\/p><p><img fetchpriority=\"high\" decoding=\"async\" class=\"size-medium wp-image-19449 alignleft\" src=\"https:\/\/ongamic.org\/wp-content\/uploads\/2023\/01\/Nens-de-Casulo-300x228.jpg\" alt=\"\" width=\"300\" height=\"228\" srcset=\"https:\/\/ongamic.org\/wp-content\/uploads\/2023\/01\/Nens-de-Casulo-300x228.jpg 300w, https:\/\/ongamic.org\/wp-content\/uploads\/2023\/01\/Nens-de-Casulo-600x455.jpg 600w, https:\/\/ongamic.org\/wp-content\/uploads\/2023\/01\/Nens-de-Casulo-768x583.jpg 768w, https:\/\/ongamic.org\/wp-content\/uploads\/2023\/01\/Nens-de-Casulo.jpg 800w\" sizes=\"(max-width: 300px) 100vw, 300px\" \/>La situaci\u00f3n de los menores con discapacidad en Guinea-Bissau es muy grave, especialmente cuando esta discapacidad es motora, intelectual o m\u00faltiple. La fuerte presi\u00f3n social por parte de la comunidad condena estos ni\u00f1os ia sus familias a la exclusi\u00f3n social, incluso expuls\u00e1ndolos del poblado. En masa ocasiones la exclusi\u00f3n puede acabar con maltratos f\u00edsicos graves, con el abandono del ni\u00f1o o, incluso, con un infanticidio.<\/p><p>En el Centro Casulo, adem\u00e1s de acogerlos y darle una atenci\u00f3n especializada y una formaci\u00f3n adecuada se pretende que las familias tomen conciencia de la situaci\u00f3n de su hijo, y reciban formaci\u00f3n y apoyo porque no les rechacen y, poco a poco, contribuir a la construcci\u00f3n de una sociedad inclusiva, m\u00e1s comprensiva y sensible con las personas que sufren una discapacidad.<\/p><p>Para continuar adelante con este proyecto necesitamos tu ayuda para hacer que funcione y que estos ni\u00f1os y j\u00f3venes reciban la ayuda y el apoyo que necesitan en su d\u00eda a d\u00eda. C\u00f3mo se invertir\u00eda tu apoyo econ\u00f3mico?<\/p><ul><li>Alimentaci\u00f3n adaptada a sus necesidades<\/li><li>Productos de higiene<\/li><li>Personal calificado para atenderlos<\/li><li>Acceso a la sanidad<\/li><li>Mantenimiento de las instalaciones<\/li><li>Escolarizaci\u00f3n de aquellos ni\u00f1os que puedan seguir las clases.<\/li><\/ul>\t\t\t\t\t\t\t\t<\/div>\n\t\t\t\t<\/div>\n\t\t\t\t<div class=\"elementor-element elementor-element-0396599 elementor-widget elementor-widget-heading\" data-id=\"0396599\" data-element_type=\"widget\" data-e-type=\"widget\" data-widget_type=\"heading.default\">\n\t\t\t\t<div class=\"elementor-widget-container\">\n\t\t\t\t\t<h2 class=\"elementor-heading-title elementor-size-default\">C\u00f3mo es el centro Casulo para ni\u00f1os con discapacidad?<\/h2>\t\t\t\t<\/div>\n\t\t\t\t<\/div>\n\t\t\t\t<div class=\"elementor-element elementor-element-c2855b0 elementor-widget elementor-widget-text-editor\" data-id=\"c2855b0\" data-element_type=\"widget\" data-e-type=\"widget\" data-widget_type=\"text-editor.default\">\n\t\t\t\t<div class=\"elementor-widget-container\">\n\t\t\t\t\t\t\t\t\t<p><img decoding=\"async\" class=\"size-medium wp-image-19555 alignright\" src=\"https:\/\/ongamic.org\/wp-content\/uploads\/2017\/04\/CE-Casulo-214x300.png\" alt=\"\" width=\"214\" height=\"300\" srcset=\"https:\/\/ongamic.org\/wp-content\/uploads\/2017\/04\/CE-Casulo-214x300.png 214w, https:\/\/ongamic.org\/wp-content\/uploads\/2017\/04\/CE-Casulo-600x841.png 600w, https:\/\/ongamic.org\/wp-content\/uploads\/2017\/04\/CE-Casulo.png 684w\" sizes=\"(max-width: 214px) 100vw, 214px\" \/>El edificio es de una sola planta de 448 metres2 (28 metros x 16 metros) distribuits en 2 habitaciones adaptadas (una para ni\u00f1os y otra para ni\u00f1as), una cocina, un cuarto de estar-comedor, una habitaci\u00f3n con ba\u00f1o para las monitoras , una sala polivalente y otra de estimulaci\u00f3n m\u00faltiple. Estas dos salas formar\u00e1n parte del Centro de Atenci\u00f3n Especializada para menores con discapacidad (zona escolar) y, por lo tanto, tendr\u00e1n una entrada externa diferenciada, a la vez que estar\u00e1n comunicadas con el resto del hogar. Tiene tambi\u00e9n un porche amplio (como zona de recreo durante la \u00e9poca de lluvias), as\u00ed como una zona l\u00fadica y jardines.<\/p>\t\t\t\t\t\t\t\t<\/div>\n\t\t\t\t<\/div>\n\t\t\t\t\t<\/div>\n\t\t<\/div>\n\t\t\t\t\t<\/div>\n\t\t<\/section>\n\t\t\t\t<section class=\"elementor-section elementor-top-section elementor-element elementor-element-dadaaa5 elementor-section-boxed elementor-section-height-default elementor-section-height-default edgtf-elementor-container-no edgtf-section edgtf-parallax-section-holder-touch-disabled edgtf-parallax-section-no\" data-id=\"dadaaa5\" data-element_type=\"section\" data-e-type=\"section\">\n\t\t\t\t\t\t<div class=\"elementor-container elementor-column-gap-default\">\n\t\t\t\t\t<div class=\"elementor-column elementor-col-100 elementor-top-column elementor-element elementor-element-093afa7\" data-id=\"093afa7\" data-element_type=\"column\" data-e-type=\"column\">\n\t\t\t<div class=\"elementor-widget-wrap elementor-element-populated\">\n\t\t\t\t\t\t<div class=\"elementor-element elementor-element-4c71257 elementor-widget elementor-widget-shortcode\" data-id=\"4c71257\" data-element_type=\"widget\" data-e-type=\"widget\" data-widget_type=\"shortcode.default\">\n\t\t\t\t<div class=\"elementor-widget-container\">\n\t\t\t\t\t\t\t<div class=\"elementor-shortcode\">\n<div class=\"wpcf7 no-js\" id=\"wpcf7-f21899-o1\" lang=\"ca\" dir=\"ltr\" data-wpcf7-id=\"21899\">\n<div class=\"screen-reader-response\"><p role=\"status\" aria-live=\"polite\" aria-atomic=\"true\"><\/p> <ul><\/ul><\/div>\n<form action=\"\/es\/wp-json\/wp\/v2\/pages\/21910#wpcf7-f21899-o1\" method=\"post\" class=\"wpcf7-form init\" aria-label=\"Formulari de contacte\" novalidate=\"novalidate\" data-status=\"init\">\n<fieldset class=\"hidden-fields-container\"><input type=\"hidden\" name=\"_wpcf7\" value=\"21899\" \/><input type=\"hidden\" name=\"_wpcf7_version\" value=\"6.1.5\" \/><input type=\"hidden\" name=\"_wpcf7_locale\" value=\"ca\" \/><input type=\"hidden\" name=\"_wpcf7_unit_tag\" value=\"wpcf7-f21899-o1\" \/><input type=\"hidden\" name=\"_wpcf7_container_post\" value=\"0\" \/><input type=\"hidden\" name=\"_wpcf7_posted_data_hash\" value=\"\" \/><input type=\"hidden\" name=\"_wpcf7_recaptcha_response\" value=\"\" \/>\n<\/fieldset>\n<div class=\"form-amic-donacio\">\n\t<div class=\"amic-seccio\">\n\t\t<p><label class=\"amic-label\">Importe (\u20ac)<\/label><br \/>\n<span class=\"wpcf7-form-control-wrap\" data-name=\"import\"><input class=\"wpcf7-form-control wpcf7-number wpcf7-validates-as-required wpcf7-validates-as-number amic-input-field\" min=\"1\" aria-required=\"true\" aria-invalid=\"false\" placeholder=\"10,00\" value=\"\" type=\"number\" name=\"import\" \/><\/span><br \/>\n<span class=\"wpcf7-form-control-wrap\" data-name=\"projecte-id\"><input size=\"40\" maxlength=\"400\" class=\"wpcf7-form-control wpcf7-text amic-camp-ocult\" aria-invalid=\"false\" value=\"\" type=\"text\" name=\"projecte-id\" \/><\/span>\n\t\t<\/p>\n\t<\/div>\n\t<div class=\"amic-seccio\">\n\t\t<p><label class=\"amic-label\">Informaci\u00f3n personal<\/label>\n\t\t<\/p>\n\t\t<div class=\"amic-row\">\n\t\t\t<div class=\"amic-col\">\n\t\t\t\t<p><span class=\"wpcf7-form-control-wrap\" data-name=\"nom\"><input size=\"40\" maxlength=\"400\" class=\"wpcf7-form-control wpcf7-text wpcf7-validates-as-required amic-input-field\" aria-required=\"true\" aria-invalid=\"false\" placeholder=\"Nombre *\" value=\"\" type=\"text\" name=\"nom\" \/><\/span>\n\t\t\t\t<\/p>\n\t\t\t<\/div>\n\t\t\t<div class=\"amic-col\">\n\t\t\t\t<p><span class=\"wpcf7-form-control-wrap\" data-name=\"cognoms\"><input size=\"40\" maxlength=\"400\" class=\"wpcf7-form-control wpcf7-text wpcf7-validates-as-required amic-input-field\" aria-required=\"true\" aria-invalid=\"false\" placeholder=\"Apellidos *\" value=\"\" type=\"text\" name=\"cognoms\" \/><\/span>\n\t\t\t\t<\/p>\n\t\t\t<\/div>\n\t\t<\/div>\n\t\t<p><span class=\"wpcf7-form-control-wrap\" data-name=\"email\"><input size=\"40\" maxlength=\"400\" class=\"wpcf7-form-control wpcf7-email wpcf7-validates-as-required wpcf7-text wpcf7-validates-as-email amic-input-field\" aria-required=\"true\" aria-invalid=\"false\" placeholder=\"Correo electr\u00f3nico *\" value=\"\" type=\"email\" name=\"email\" \/><\/span><br \/>\n<span class=\"wpcf7-form-control-wrap\" data-name=\"nif\"><input size=\"40\" maxlength=\"400\" class=\"wpcf7-form-control wpcf7-text amic-input-field\" aria-invalid=\"false\" placeholder=\"DNI \/ NIF (para el certificado fiscal)\" value=\"\" type=\"text\" name=\"nif\" \/><\/span>\n\t\t<\/p>\n\t<\/div>\n\t<div class=\"amic-seccio\">\n\t\t<p><label class=\"amic-label\">Datos de facturaci\u00f3n<\/label><br \/>\n<span class=\"wpcf7-form-control-wrap\" data-name=\"pais\"><select class=\"wpcf7-form-control wpcf7-select wpcf7-validates-as-required amic-input-field\" aria-required=\"true\" aria-invalid=\"false\" name=\"pais\"><option value=\"Espa\u00f1a\" selected=\"selected\">Espa\u00f1a<\/option><option value=\"Andorra\">Andorra<\/option><option value=\"Francia\">Francia<\/option><option value=\"Portugal\">Portugal<\/option><option value=\"Italia\">Italia<\/option><option value=\"Alemania\">Alemania<\/option><option value=\"Reino Unido\">Reino Unido<\/option><option value=\"Estados Unidos\">Estados Unidos<\/option><option value=\"M\u00e9xico\">M\u00e9xico<\/option><option value=\"Argentina\">Argentina<\/option><option value=\"Colombia\">Colombia<\/option><option value=\"Senegal\">Senegal<\/option><option value=\"Gambia\">Gambia<\/option><option value=\"Otros\">Otros<\/option><\/select><\/span>\n\t\t<\/p>\n\t\t<p><span class=\"wpcf7-form-control-wrap\" data-name=\"direccio-1\"><input size=\"40\" maxlength=\"400\" class=\"wpcf7-form-control wpcf7-text wpcf7-validates-as-required amic-input-field\" aria-required=\"true\" aria-invalid=\"false\" placeholder=\"Direcci\u00f3n l\u00ednea 1 *\" value=\"\" type=\"text\" name=\"direccio-1\" \/><\/span><br \/>\n<span class=\"wpcf7-form-control-wrap\" data-name=\"direccio-2\"><input size=\"40\" maxlength=\"400\" class=\"wpcf7-form-control wpcf7-text amic-input-field\" aria-invalid=\"false\" placeholder=\"Direcci\u00f3n l\u00ednea 2\" value=\"\" type=\"text\" name=\"direccio-2\" \/><\/span>\n\t\t<\/p>\n\t\t<p><span class=\"wpcf7-form-control-wrap\" data-name=\"ciutat\"><input size=\"40\" maxlength=\"400\" class=\"wpcf7-form-control wpcf7-text wpcf7-validates-as-required amic-input-field\" aria-required=\"true\" aria-invalid=\"false\" placeholder=\"Ciudad *\" value=\"\" type=\"text\" name=\"ciutat\" \/><\/span>\n\t\t<\/p>\n\t\t<div class=\"amic-row\">\n\t\t\t<div class=\"amic-col\">\n\t\t\t\t<p><span class=\"wpcf7-form-control-wrap\" data-name=\"provincia\"><select class=\"wpcf7-form-control wpcf7-select wpcf7-validates-as-required amic-input-field\" aria-required=\"true\" aria-invalid=\"false\" name=\"provincia\"><option value=\"Barcelona\" selected=\"selected\">Barcelona<\/option><option value=\"Girona\">Girona<\/option><option value=\"Lleida\">Lleida<\/option><option value=\"Tarragona\">Tarragona<\/option><option value=\"Otras\">Otras<\/option><\/select><\/span>\n\t\t\t\t<\/p>\n\t\t\t<\/div>\n\t\t\t<div class=\"amic-col\">\n\t\t\t\t<p><span class=\"wpcf7-form-control-wrap\" data-name=\"codi-postal\"><input size=\"40\" maxlength=\"400\" class=\"wpcf7-form-control wpcf7-text wpcf7-validates-as-required amic-input-field\" aria-required=\"true\" aria-invalid=\"false\" placeholder=\"C\u00f3digo postal *\" value=\"\" type=\"text\" name=\"codi-postal\" \/><\/span>\n\t\t\t\t<\/p>\n\t\t\t<\/div>\n\t\t<\/div>\n\t<\/div>\n\t<div class=\"amic-seccio\">\n\t\t<p><label class=\"amic-label\">Comentario<\/label><br \/>\n<span class=\"wpcf7-form-control-wrap\" data-name=\"comentari\"><textarea cols=\"40\" rows=\"3\" maxlength=\"2000\" class=\"wpcf7-form-control wpcf7-textarea amic-input-field\" aria-invalid=\"false\" placeholder=\"Deja un comentario\" name=\"comentari\"><\/textarea><\/span>\n\t\t<\/p>\n\t<\/div>\n\t<div class=\"amic-seccio\">\n\t\t<p><label class=\"amic-label\">Seleccionar la forma de pago<\/label>\n\t\t<\/p>\n\t\t<div class=\"amic-selector-pagament\">\n\t\t\t<p><span class=\"wpcf7-form-control-wrap\" data-name=\"forma-pagament\"><span class=\"wpcf7-form-control wpcf7-radio\"><span class=\"wpcf7-list-item first\"><label><input type=\"radio\" name=\"forma-pagament\" value=\"Bizum Solidario\" checked=\"checked\" \/><span class=\"wpcf7-list-item-label\">Bizum Solidario<\/span><\/label><\/span><span class=\"wpcf7-list-item last\"><label><input type=\"radio\" name=\"forma-pagament\" value=\"Transferencia Bancaria\" \/><span class=\"wpcf7-list-item-label\">Transferencia Bancaria<\/span><\/label><\/span><\/span><\/span>\n\t\t\t<\/p>\n\t\t<\/div>\n\t<\/div>\n\t<div class=\"amic-caixa-info\">\n\t\t<p class=\"amic-titol-caixa\">Datos para realizar el pago:\n\t\t<\/p>\n\t\t<div class=\"amic-metode-detall\">\n\t\t\t<p><strong>BIZUM SOLIDARIO:<\/strong>\n\t\t\t<\/p>\n\t\t\t<p>C\u00f3digo: <span class=\"amic-highlight\">13192<\/span>\n\t\t\t<\/p>\n\t\t\t<p><small>(Dentro de tu App del banco, busca la opci\u00f3n \"Donar\" o \"Bizum Solidario\" e introduce el c\u00f3digo).<\/small>\n\t\t\t<\/p>\n\t\t<\/div>\n\t\t<div class=\"amic-metode-detall\" style=\"margin-top:15px;\">\n\t\t\t<p><strong>TRANSFERENCIA:<\/strong>\n\t\t\t<\/p>\n\t\t\t<p>IBAN: <span class=\"amic-highlight\">ES31 0081 1774 1500 0103 6608<\/span>\n\t\t\t<\/p>\n\t\t\t<p><small>Banco: Sabadell | SWIFT: BSABESBB | Titular: ONG AMIC<\/small>\n\t\t\t<\/p>\n\t\t<\/div>\n\t\t<p class=\"amic-recordatori\">Por favor, indica tu <strong>Nombre y DNI<\/strong> en el concepto para que podamos identificar tu donaci\u00f3n.\n\t\t<\/p>\n\t<\/div>\n\t<p><input class=\"wpcf7-form-control wpcf7-submit has-spinner amic-btn-submit\" type=\"submit\" value=\"Dona Ahora\" \/>\n\t<\/p>\n<\/div><div class=\"wpcf7-response-output\" aria-hidden=\"true\"><\/div>\n<\/form>\n<\/div>\n<\/div>\n\t\t\t\t\t\t<\/div>\n\t\t\t\t<\/div>\n\t\t\t\t<div class=\"elementor-element elementor-element-55b80f2 elementor-widget elementor-widget-html\" data-id=\"55b80f2\" data-element_type=\"widget\" data-e-type=\"widget\" data-widget_type=\"html.default\">\n\t\t\t\t<div class=\"elementor-widget-container\">\n\t\t\t\t\t<script>\nwindow.addEventListener('load', function() {\n    \/\/ Esperem un moment perqu\u00e8 el formulari estigui ben carregat\n    setTimeout(function() {\n        \/\/ Busquem el t\u00edtol de l'H1 de la p\u00e0gina (que sol ser el nom del projecte)\n        \/\/ Si prefereixes el t\u00edtol de la pestanya, usa document.title\n        var titolProjecte = document.querySelector('h1').innerText || document.title;\n        \n        \/\/ Busquem el camp del formulari\n        var camps = document.getElementsByName(\"projecte-id\");\n        \n        if(camps.length > 0) {\n            camps[0].value = titolProjecte;\n        }\n    }, 500);\n});\n<\/script>\t\t\t\t<\/div>\n\t\t\t\t<\/div>\n\t\t\t\t\t<\/div>\n\t\t<\/div>\n\t\t\t\t\t<\/div>\n\t\t<\/section>\n\t\t\t\t<\/div>\n\t\t","protected":false},"excerpt":{"rendered":"<p>Casa Emanuel Casulo, es un centro escolar y residencial para ni\u00f1os y j\u00f3venes que sufren una discapacidad intelectual grave y \/ o m\u00faltiplo con un alto grado de dependencia y que, por lo tanto, necesitan una atenci\u00f3n continuada. Este Centro educativo y residencial se inaugur\u00f3 en 2018 y est\u00e1 construit en un terreno de 2.200&#8230;<\/p>\n","protected":false},"author":145,"featured_media":0,"parent":0,"menu_order":0,"comment_status":"closed","ping_status":"closed","template":"","meta":{"_joinchat":[],"footnotes":""},"class_list":["post-21910","page","type-page","status-publish","hentry"],"yoast_head":"<!-- This site is optimized with the Yoast SEO plugin v27.3 - https:\/\/yoast.com\/product\/yoast-seo-wordpress\/ -->\n<title>Centro Casulo para ni\u00f1os con discapacidad - Amic ONG<\/title>\n<meta name=\"robots\" content=\"index, follow, max-snippet:-1, max-image-preview:large, max-video-preview:-1\" \/>\n<link rel=\"canonical\" href=\"https:\/\/ongamic.org\/es\/centro-ninos-con-discapacidad\/\" \/>\n<meta property=\"og:locale\" content=\"es_ES\" \/>\n<meta property=\"og:type\" content=\"article\" \/>\n<meta property=\"og:title\" content=\"Centro Casulo para ni\u00f1os con discapacidad - Amic ONG\" \/>\n<meta property=\"og:description\" content=\"Casa Emanuel Casulo, es un centro escolar y residencial para ni\u00f1os y j\u00f3venes que sufren una discapacidad intelectual grave y \/ o m\u00faltiplo con un alto grado de dependencia y que, por lo tanto, necesitan una atenci\u00f3n continuada. Este Centro educativo y residencial se inaugur\u00f3 en 2018 y est\u00e1 construit en un terreno de 2.200...\" \/>\n<meta property=\"og:url\" content=\"https:\/\/ongamic.org\/es\/centro-ninos-con-discapacidad\/\" \/>\n<meta property=\"og:site_name\" content=\"Amic ONG\" \/>\n<meta property=\"article:modified_time\" content=\"2026-04-13T09:45:42+00:00\" \/>\n<meta property=\"og:image\" content=\"https:\/\/ongamic.org\/wp-content\/uploads\/2023\/01\/Nens-de-Casulo-300x228.jpg\" \/>\n<meta name=\"twitter:card\" content=\"summary_large_image\" \/>\n<meta name=\"twitter:label1\" content=\"Tiempo de lectura\" \/>\n\t<meta name=\"twitter:data1\" content=\"3 minutos\" \/>\n<script type=\"application\/ld+json\" class=\"yoast-schema-graph\">{\"@context\":\"https:\\\/\\\/schema.org\",\"@graph\":[{\"@type\":\"WebPage\",\"@id\":\"https:\\\/\\\/ongamic.org\\\/es\\\/centro-ninos-con-discapacidad\\\/\",\"url\":\"https:\\\/\\\/ongamic.org\\\/es\\\/centro-ninos-con-discapacidad\\\/\",\"name\":\"Centro Casulo para ni\u00f1os con discapacidad - Amic ONG\",\"isPartOf\":{\"@id\":\"https:\\\/\\\/ongamic.org\\\/#website\"},\"primaryImageOfPage\":{\"@id\":\"https:\\\/\\\/ongamic.org\\\/es\\\/centro-ninos-con-discapacidad\\\/#primaryimage\"},\"image\":{\"@id\":\"https:\\\/\\\/ongamic.org\\\/es\\\/centro-ninos-con-discapacidad\\\/#primaryimage\"},\"thumbnailUrl\":\"https:\\\/\\\/ongamic.org\\\/wp-content\\\/uploads\\\/2023\\\/01\\\/Nens-de-Casulo-300x228.jpg\",\"datePublished\":\"2026-04-13T08:49:04+00:00\",\"dateModified\":\"2026-04-13T09:45:42+00:00\",\"breadcrumb\":{\"@id\":\"https:\\\/\\\/ongamic.org\\\/es\\\/centro-ninos-con-discapacidad\\\/#breadcrumb\"},\"inLanguage\":\"es\",\"potentialAction\":[{\"@type\":\"ReadAction\",\"target\":[\"https:\\\/\\\/ongamic.org\\\/es\\\/centro-ninos-con-discapacidad\\\/\"]}]},{\"@type\":\"ImageObject\",\"inLanguage\":\"es\",\"@id\":\"https:\\\/\\\/ongamic.org\\\/es\\\/centro-ninos-con-discapacidad\\\/#primaryimage\",\"url\":\"https:\\\/\\\/ongamic.org\\\/wp-content\\\/uploads\\\/2023\\\/01\\\/Nens-de-Casulo-300x228.jpg\",\"contentUrl\":\"https:\\\/\\\/ongamic.org\\\/wp-content\\\/uploads\\\/2023\\\/01\\\/Nens-de-Casulo-300x228.jpg\"},{\"@type\":\"BreadcrumbList\",\"@id\":\"https:\\\/\\\/ongamic.org\\\/es\\\/centro-ninos-con-discapacidad\\\/#breadcrumb\",\"itemListElement\":[{\"@type\":\"ListItem\",\"position\":1,\"name\":\"Inici\",\"item\":\"https:\\\/\\\/ongamic.org\\\/es\\\/\"},{\"@type\":\"ListItem\",\"position\":2,\"name\":\"Centro Casulo para ni\u00f1os con discapacidad\"}]},{\"@type\":\"WebSite\",\"@id\":\"https:\\\/\\\/ongamic.org\\\/#website\",\"url\":\"https:\\\/\\\/ongamic.org\\\/\",\"name\":\"ONG AMIC\",\"description\":\"ONG que treballa a Guinea Bissau\",\"publisher\":{\"@id\":\"https:\\\/\\\/ongamic.org\\\/#organization\"},\"potentialAction\":[{\"@type\":\"SearchAction\",\"target\":{\"@type\":\"EntryPoint\",\"urlTemplate\":\"https:\\\/\\\/ongamic.org\\\/?s={search_term_string}\"},\"query-input\":{\"@type\":\"PropertyValueSpecification\",\"valueRequired\":true,\"valueName\":\"search_term_string\"}}],\"inLanguage\":\"es\"},{\"@type\":\"Organization\",\"@id\":\"https:\\\/\\\/ongamic.org\\\/#organization\",\"name\":\"ONG AMIC\",\"url\":\"https:\\\/\\\/ongamic.org\\\/\",\"logo\":{\"@type\":\"ImageObject\",\"inLanguage\":\"es\",\"@id\":\"https:\\\/\\\/ongamic.org\\\/#\\\/schema\\\/logo\\\/image\\\/\",\"url\":\"https:\\\/\\\/ongamic.org\\\/wp-content\\\/uploads\\\/2023\\\/01\\\/logo-amic-per-adhesiu.png\",\"contentUrl\":\"https:\\\/\\\/ongamic.org\\\/wp-content\\\/uploads\\\/2023\\\/01\\\/logo-amic-per-adhesiu.png\",\"width\":1033,\"height\":591,\"caption\":\"ONG AMIC\"},\"image\":{\"@id\":\"https:\\\/\\\/ongamic.org\\\/#\\\/schema\\\/logo\\\/image\\\/\"},\"sameAs\":[\"https:\\\/\\\/www.instagram.com\\\/ong_amic\\\/\"]}]}<\/script>\n<!-- \/ Yoast SEO plugin. -->","yoast_head_json":{"title":"Centro Casulo para ni\u00f1os con discapacidad - Amic ONG","robots":{"index":"index","follow":"follow","max-snippet":"max-snippet:-1","max-image-preview":"max-image-preview:large","max-video-preview":"max-video-preview:-1"},"canonical":"https:\/\/ongamic.org\/es\/centro-ninos-con-discapacidad\/","og_locale":"es_ES","og_type":"article","og_title":"Centro Casulo para ni\u00f1os con discapacidad - Amic ONG","og_description":"Casa Emanuel Casulo, es un centro escolar y residencial para ni\u00f1os y j\u00f3venes que sufren una discapacidad intelectual grave y \/ o m\u00faltiplo con un alto grado de dependencia y que, por lo tanto, necesitan una atenci\u00f3n continuada. Este Centro educativo y residencial se inaugur\u00f3 en 2018 y est\u00e1 construit en un terreno de 2.200...","og_url":"https:\/\/ongamic.org\/es\/centro-ninos-con-discapacidad\/","og_site_name":"Amic ONG","article_modified_time":"2026-04-13T09:45:42+00:00","og_image":[{"url":"https:\/\/ongamic.org\/wp-content\/uploads\/2023\/01\/Nens-de-Casulo-300x228.jpg","type":"","width":"","height":""}],"twitter_card":"summary_large_image","twitter_misc":{"Tiempo de lectura":"3 minutos"},"schema":{"@context":"https:\/\/schema.org","@graph":[{"@type":"WebPage","@id":"https:\/\/ongamic.org\/es\/centro-ninos-con-discapacidad\/","url":"https:\/\/ongamic.org\/es\/centro-ninos-con-discapacidad\/","name":"Centro Casulo para ni\u00f1os con discapacidad - Amic ONG","isPartOf":{"@id":"https:\/\/ongamic.org\/#website"},"primaryImageOfPage":{"@id":"https:\/\/ongamic.org\/es\/centro-ninos-con-discapacidad\/#primaryimage"},"image":{"@id":"https:\/\/ongamic.org\/es\/centro-ninos-con-discapacidad\/#primaryimage"},"thumbnailUrl":"https:\/\/ongamic.org\/wp-content\/uploads\/2023\/01\/Nens-de-Casulo-300x228.jpg","datePublished":"2026-04-13T08:49:04+00:00","dateModified":"2026-04-13T09:45:42+00:00","breadcrumb":{"@id":"https:\/\/ongamic.org\/es\/centro-ninos-con-discapacidad\/#breadcrumb"},"inLanguage":"es","potentialAction":[{"@type":"ReadAction","target":["https:\/\/ongamic.org\/es\/centro-ninos-con-discapacidad\/"]}]},{"@type":"ImageObject","inLanguage":"es","@id":"https:\/\/ongamic.org\/es\/centro-ninos-con-discapacidad\/#primaryimage","url":"https:\/\/ongamic.org\/wp-content\/uploads\/2023\/01\/Nens-de-Casulo-300x228.jpg","contentUrl":"https:\/\/ongamic.org\/wp-content\/uploads\/2023\/01\/Nens-de-Casulo-300x228.jpg"},{"@type":"BreadcrumbList","@id":"https:\/\/ongamic.org\/es\/centro-ninos-con-discapacidad\/#breadcrumb","itemListElement":[{"@type":"ListItem","position":1,"name":"Inici","item":"https:\/\/ongamic.org\/es\/"},{"@type":"ListItem","position":2,"name":"Centro Casulo para ni\u00f1os con discapacidad"}]},{"@type":"WebSite","@id":"https:\/\/ongamic.org\/#website","url":"https:\/\/ongamic.org\/","name":"ONG AMIC","description":"ONG que treballa a Guinea Bissau","publisher":{"@id":"https:\/\/ongamic.org\/#organization"},"potentialAction":[{"@type":"SearchAction","target":{"@type":"EntryPoint","urlTemplate":"https:\/\/ongamic.org\/?s={search_term_string}"},"query-input":{"@type":"PropertyValueSpecification","valueRequired":true,"valueName":"search_term_string"}}],"inLanguage":"es"},{"@type":"Organization","@id":"https:\/\/ongamic.org\/#organization","name":"ONG AMIC","url":"https:\/\/ongamic.org\/","logo":{"@type":"ImageObject","inLanguage":"es","@id":"https:\/\/ongamic.org\/#\/schema\/logo\/image\/","url":"https:\/\/ongamic.org\/wp-content\/uploads\/2023\/01\/logo-amic-per-adhesiu.png","contentUrl":"https:\/\/ongamic.org\/wp-content\/uploads\/2023\/01\/logo-amic-per-adhesiu.png","width":1033,"height":591,"caption":"ONG AMIC"},"image":{"@id":"https:\/\/ongamic.org\/#\/schema\/logo\/image\/"},"sameAs":["https:\/\/www.instagram.com\/ong_amic\/"]}]}},"_links":{"self":[{"href":"https:\/\/ongamic.org\/es\/wp-json\/wp\/v2\/pages\/21910","targetHints":{"allow":["GET"]}}],"collection":[{"href":"https:\/\/ongamic.org\/es\/wp-json\/wp\/v2\/pages"}],"about":[{"href":"https:\/\/ongamic.org\/es\/wp-json\/wp\/v2\/types\/page"}],"author":[{"embeddable":true,"href":"https:\/\/ongamic.org\/es\/wp-json\/wp\/v2\/users\/145"}],"replies":[{"embeddable":true,"href":"https:\/\/ongamic.org\/es\/wp-json\/wp\/v2\/comments?post=21910"}],"version-history":[{"count":5,"href":"https:\/\/ongamic.org\/es\/wp-json\/wp\/v2\/pages\/21910\/revisions"}],"predecessor-version":[{"id":21998,"href":"https:\/\/ongamic.org\/es\/wp-json\/wp\/v2\/pages\/21910\/revisions\/21998"}],"wp:attachment":[{"href":"https:\/\/ongamic.org\/es\/wp-json\/wp\/v2\/media?parent=21910"}],"curies":[{"name":"wp","href":"https:\/\/api.w.org\/{rel}","templated":true}]}}