{"id":21923,"date":"2026-04-13T08:59:34","date_gmt":"2026-04-13T08:59:34","guid":{"rendered":"https:\/\/ongamic.org\/?page_id=21923"},"modified":"2026-04-13T09:37:28","modified_gmt":"2026-04-13T09:37:28","slug":"escuela-innova","status":"publish","type":"page","link":"https:\/\/ongamic.org\/es\/escuela-innova\/","title":{"rendered":"Construcci\u00f3n y equipaci\u00f3n escuela Innova"},"content":{"rendered":"\t\t<div data-elementor-type=\"wp-page\" data-elementor-id=\"21923\" class=\"elementor elementor-21923\" data-elementor-post-type=\"page\">\n\t\t\t\t\t\t<section class=\"elementor-section elementor-top-section elementor-element elementor-element-60faa55 elementor-section-boxed elementor-section-height-default elementor-section-height-default edgtf-elementor-container-no edgtf-section edgtf-parallax-section-holder-touch-disabled edgtf-parallax-section-no\" data-id=\"60faa55\" data-element_type=\"section\" data-e-type=\"section\">\n\t\t\t\t\t\t<div class=\"elementor-container elementor-column-gap-default\">\n\t\t\t\t\t<div class=\"elementor-column elementor-col-100 elementor-top-column elementor-element elementor-element-a4bd282\" data-id=\"a4bd282\" data-element_type=\"column\" data-e-type=\"column\">\n\t\t\t<div class=\"elementor-widget-wrap elementor-element-populated\">\n\t\t\t\t\t\t<div class=\"elementor-element elementor-element-05850a8 elementor-widget elementor-widget-text-editor\" data-id=\"05850a8\" data-element_type=\"widget\" data-e-type=\"widget\" data-widget_type=\"text-editor.default\">\n\t\t\t\t<div class=\"elementor-widget-container\">\n\t\t\t\t\t\t\t\t\tPara muchos ni\u00f1os de Guinea-Bissau, ir a la escuela es un lujo que no se pueden permitir. Las escuelas p\u00fablicas pr\u00e1cticamente no funcionan y la adquisici\u00f3n del material escolar supone un coste que, para muchas familias es inabarcable.\n\nEl curso 2019-2020 abrimos la Escuela Innova en la comunidad en un edificio que ya hab\u00edamos construido y que ahora pertenece a nuestra contraparte local Casa Emanuel. Se hicieron las obras pertinentes para adecuarlo al nuevo uso y se equip\u00f3. Se consigui\u00f3 as\u00ed un centro con 4 aulas, una peque\u00f1a secretar\u00eda y un espacio donde elaborar la comida diaria de los alumnos.\n\n<img fetchpriority=\"high\" decoding=\"async\" class=\" wp-image-20231 aligncenter\" src=\"https:\/\/ongamic.org\/wp-content\/uploads\/2023\/03\/Obrers-a-lEscola-Bissalanca-300x228.jpg\" alt=\"Obrers treballant en la nova escola Bissalanca.\" width=\"316\" height=\"240\" srcset=\"https:\/\/ongamic.org\/wp-content\/uploads\/2023\/03\/Obrers-a-lEscola-Bissalanca-300x228.jpg 300w, https:\/\/ongamic.org\/wp-content\/uploads\/2023\/03\/Obrers-a-lEscola-Bissalanca-600x455.jpg 600w, https:\/\/ongamic.org\/wp-content\/uploads\/2023\/03\/Obrers-a-lEscola-Bissalanca-768x583.jpg 768w, https:\/\/ongamic.org\/wp-content\/uploads\/2023\/03\/Obrers-a-lEscola-Bissalanca.jpg 800w\" sizes=\"(max-width: 316px) 100vw, 316px\" \/>\n\nPero la demanda de escolarizaci\u00f3n en el segundo curso super\u00f3 todas las previsiones y el centro se qued\u00f3 peque\u00f1o. Por eso, empezamos la construcci\u00f3n de un nuevo centro que, adem\u00e1s de ofrecer una educaci\u00f3n primaria para los ni\u00f1os m\u00e1s vulnerables de la zona, tambi\u00e9n pudiera ofrecer cursos de alfabetizaci\u00f3n a mujeres y j\u00f3venes analfabetos. Esta fue la demanda de la poblaci\u00f3n.\n\nPara continuar adelante con este proyecto necesitamos tu ayuda para acabar la obra y equipar el centro para convertirlo en una escuela. C\u00f3mo se invertir\u00eda tu apoyo econ\u00f3mico?\n<ul>\n<li>Acabar la construcci\u00f3n del centro<\/li>\n<li>Equipar con mesas, sillas y pizarras todas las aulas<\/li>\n<li>Equipar con ventiladores todas las aulas<\/li>\n<li>Equipar la cocina con fogones, nevera, enseres de cocina y material<\/li>\n<li>Equipar el centro con electricidad<\/li>\n<\/ul>\t\t\t\t\t\t\t\t<\/div>\n\t\t\t\t<\/div>\n\t\t\t\t<div class=\"elementor-element elementor-element-036576c elementor-widget elementor-widget-heading\" data-id=\"036576c\" data-element_type=\"widget\" data-e-type=\"widget\" data-widget_type=\"heading.default\">\n\t\t\t\t<div class=\"elementor-widget-container\">\n\t\t\t\t\t<h2 class=\"elementor-heading-title elementor-size-default\">C\u00f3mo ser\u00e1 la nueva Escuela Innova?<\/h2>\t\t\t\t<\/div>\n\t\t\t\t<\/div>\n\t\t\t\t<div class=\"elementor-element elementor-element-c1c2da6 elementor-widget elementor-widget-text-editor\" data-id=\"c1c2da6\" data-element_type=\"widget\" data-e-type=\"widget\" data-widget_type=\"text-editor.default\">\n\t\t\t\t<div class=\"elementor-widget-container\">\n\t\t\t\t\t\t\t\t\t<p><img decoding=\"async\" class=\" wp-image-20229 aligncenter\" src=\"https:\/\/ongamic.org\/wp-content\/uploads\/2023\/03\/Construccio-escola-Bissalanca-300x228.jpg\" alt=\"Escola Bissalanca en construcci\u00f3n\" width=\"324\" height=\"246\" srcset=\"https:\/\/ongamic.org\/wp-content\/uploads\/2023\/03\/Construccio-escola-Bissalanca-300x228.jpg 300w, https:\/\/ongamic.org\/wp-content\/uploads\/2023\/03\/Construccio-escola-Bissalanca-600x455.jpg 600w, https:\/\/ongamic.org\/wp-content\/uploads\/2023\/03\/Construccio-escola-Bissalanca-768x583.jpg 768w, https:\/\/ongamic.org\/wp-content\/uploads\/2023\/03\/Construccio-escola-Bissalanca.jpg 800w\" sizes=\"(max-width: 324px) 100vw, 324px\" \/><\/p><p>Situada en un terreno de unos 2.700 metros cuadrados, el nuevo edificio de la Escuela Innova tendr\u00e1 dos plantas que donar\u00e0n cabida a 8 aulas, una cocina- laboratorio, una sala polivalente (que servir\u00e1 tanto como biblioteca, sala de reuniones con padres y madres, zona de alfabetizaci\u00f3n de mujeres y j\u00f3venes analfabetos), ba\u00f1os para alumnos y profesores, secretar\u00eda y direcci\u00f3n. Tendr\u00e1 tambi\u00e9n una zona de almac\u00e9n, un amplio patio y una zona destinada al huerto de la escuela.<\/p>\t\t\t\t\t\t\t\t<\/div>\n\t\t\t\t<\/div>\n\t\t\t\t\t<\/div>\n\t\t<\/div>\n\t\t\t\t\t<\/div>\n\t\t<\/section>\n\t\t\t\t<section class=\"elementor-section elementor-top-section elementor-element elementor-element-dadaaa5 elementor-section-boxed elementor-section-height-default elementor-section-height-default edgtf-elementor-container-no edgtf-section edgtf-parallax-section-holder-touch-disabled edgtf-parallax-section-no\" data-id=\"dadaaa5\" data-element_type=\"section\" data-e-type=\"section\">\n\t\t\t\t\t\t<div class=\"elementor-container elementor-column-gap-default\">\n\t\t\t\t\t<div class=\"elementor-column elementor-col-100 elementor-top-column elementor-element elementor-element-093afa7\" data-id=\"093afa7\" data-element_type=\"column\" data-e-type=\"column\">\n\t\t\t<div class=\"elementor-widget-wrap elementor-element-populated\">\n\t\t\t\t\t\t<div class=\"elementor-element elementor-element-4c71257 elementor-widget elementor-widget-shortcode\" data-id=\"4c71257\" data-element_type=\"widget\" data-e-type=\"widget\" data-widget_type=\"shortcode.default\">\n\t\t\t\t<div class=\"elementor-widget-container\">\n\t\t\t\t\t\t\t<div class=\"elementor-shortcode\">\n<div class=\"wpcf7 no-js\" id=\"wpcf7-f21869-o1\" lang=\"ca\" dir=\"ltr\" data-wpcf7-id=\"21869\">\n<div class=\"screen-reader-response\"><p role=\"status\" aria-live=\"polite\" aria-atomic=\"true\"><\/p> <ul><\/ul><\/div>\n<form action=\"\/es\/wp-json\/wp\/v2\/pages\/21923#wpcf7-f21869-o1\" method=\"post\" class=\"wpcf7-form init\" aria-label=\"Formulari de contacte\" novalidate=\"novalidate\" data-status=\"init\">\n<fieldset class=\"hidden-fields-container\"><input type=\"hidden\" name=\"_wpcf7\" value=\"21869\" \/><input type=\"hidden\" name=\"_wpcf7_version\" value=\"6.1.5\" \/><input type=\"hidden\" name=\"_wpcf7_locale\" value=\"ca\" \/><input type=\"hidden\" name=\"_wpcf7_unit_tag\" value=\"wpcf7-f21869-o1\" \/><input type=\"hidden\" name=\"_wpcf7_container_post\" value=\"0\" \/><input type=\"hidden\" name=\"_wpcf7_posted_data_hash\" value=\"\" \/><input type=\"hidden\" name=\"_wpcf7_recaptcha_response\" value=\"\" \/>\n<\/fieldset>\n<div class=\"form-amic-donacio\">\n\t<div class=\"amic-seccio\">\n\t\t<p><label class=\"amic-label\">Import (\u20ac)<\/label><br \/>\n<span class=\"wpcf7-form-control-wrap\" data-name=\"import\"><input class=\"wpcf7-form-control wpcf7-number wpcf7-validates-as-required wpcf7-validates-as-number amic-input-field\" min=\"1\" aria-required=\"true\" aria-invalid=\"false\" placeholder=\"10,00\" value=\"\" type=\"number\" name=\"import\" \/><\/span><br \/>\n<span class=\"wpcf7-form-control-wrap\" data-name=\"projecte-id\"><input size=\"40\" maxlength=\"400\" class=\"wpcf7-form-control wpcf7-text amic-camp-ocult\" aria-invalid=\"false\" value=\"\" type=\"text\" name=\"projecte-id\" \/><\/span>\n\t\t<\/p>\n\t<\/div>\n\t<div class=\"amic-seccio\">\n\t\t<p><label class=\"amic-label\">Informaci\u00f3 personal<\/label>\n\t\t<\/p>\n\t\t<div class=\"amic-row\">\n\t\t\t<div class=\"amic-col\">\n\t\t\t\t<p><span class=\"wpcf7-form-control-wrap\" data-name=\"nom\"><input size=\"40\" maxlength=\"400\" class=\"wpcf7-form-control wpcf7-text wpcf7-validates-as-required amic-input-field\" aria-required=\"true\" aria-invalid=\"false\" placeholder=\"Nom *\" value=\"\" type=\"text\" name=\"nom\" \/><\/span>\n\t\t\t\t<\/p>\n\t\t\t<\/div>\n\t\t\t<div class=\"amic-col\">\n\t\t\t\t<p><span class=\"wpcf7-form-control-wrap\" data-name=\"cognoms\"><input size=\"40\" maxlength=\"400\" class=\"wpcf7-form-control wpcf7-text wpcf7-validates-as-required amic-input-field\" aria-required=\"true\" aria-invalid=\"false\" placeholder=\"Cognoms *\" value=\"\" type=\"text\" name=\"cognoms\" \/><\/span>\n\t\t\t\t<\/p>\n\t\t\t<\/div>\n\t\t<\/div>\n\t\t<p><span class=\"wpcf7-form-control-wrap\" data-name=\"email\"><input size=\"40\" maxlength=\"400\" class=\"wpcf7-form-control wpcf7-email wpcf7-validates-as-required wpcf7-text wpcf7-validates-as-email amic-input-field\" aria-required=\"true\" aria-invalid=\"false\" placeholder=\"Correu electr\u00f2nic *\" value=\"\" type=\"email\" name=\"email\" \/><\/span><br \/>\n<span class=\"wpcf7-form-control-wrap\" data-name=\"nif\"><input size=\"40\" maxlength=\"400\" class=\"wpcf7-form-control wpcf7-text amic-input-field\" aria-invalid=\"false\" placeholder=\"DNI \/ NIF (per al certificat fiscal)\" value=\"\" type=\"text\" name=\"nif\" \/><\/span>\n\t\t<\/p>\n\t<\/div>\n\t<div class=\"amic-seccio\">\n\t\t<p><label class=\"amic-label\">Dades de facturaci\u00f3<\/label><br \/>\n<span class=\"wpcf7-form-control-wrap\" data-name=\"pais\"><select class=\"wpcf7-form-control wpcf7-select wpcf7-validates-as-required amic-input-field\" aria-required=\"true\" aria-invalid=\"false\" name=\"pais\"><option value=\"Espanya\" selected=\"selected\">Espanya<\/option><option value=\"Andorra\">Andorra<\/option><option value=\"Fran\u00e7a\">Fran\u00e7a<\/option><option value=\"Portugal\">Portugal<\/option><option value=\"It\u00e0lia\">It\u00e0lia<\/option><option value=\"Alemanya\">Alemanya<\/option><option value=\"Regne Unit\">Regne Unit<\/option><option value=\"Estats Units\">Estats Units<\/option><option value=\"M\u00e8xic\">M\u00e8xic<\/option><option value=\"Argentina\">Argentina<\/option><option value=\"Col\u00f2mbia\">Col\u00f2mbia<\/option><option value=\"Senegal\">Senegal<\/option><option value=\"G\u00e0mbia\">G\u00e0mbia<\/option><option value=\"Altres\">Altres<\/option><\/select><\/span>\n\t\t<\/p>\n\t\t<p><span class=\"wpcf7-form-control-wrap\" data-name=\"direccio-1\"><input size=\"40\" maxlength=\"400\" class=\"wpcf7-form-control wpcf7-text wpcf7-validates-as-required amic-input-field\" aria-required=\"true\" aria-invalid=\"false\" placeholder=\"Direcci\u00f3 l\u00ednia 1 *\" value=\"\" type=\"text\" name=\"direccio-1\" \/><\/span><br \/>\n<span class=\"wpcf7-form-control-wrap\" data-name=\"direccio-2\"><input size=\"40\" maxlength=\"400\" class=\"wpcf7-form-control wpcf7-text amic-input-field\" aria-invalid=\"false\" placeholder=\"Direcci\u00f3 l\u00ednia 2\" value=\"\" type=\"text\" name=\"direccio-2\" \/><\/span>\n\t\t<\/p>\n\t\t<p><span class=\"wpcf7-form-control-wrap\" data-name=\"ciutat\"><input size=\"40\" maxlength=\"400\" class=\"wpcf7-form-control wpcf7-text wpcf7-validates-as-required amic-input-field\" aria-required=\"true\" aria-invalid=\"false\" placeholder=\"Ciutat *\" value=\"\" type=\"text\" name=\"ciutat\" \/><\/span>\n\t\t<\/p>\n\t\t<div class=\"amic-row\">\n\t\t\t<div class=\"amic-col\">\n\t\t\t\t<p><span class=\"wpcf7-form-control-wrap\" data-name=\"provincia\"><select class=\"wpcf7-form-control wpcf7-select wpcf7-validates-as-required amic-input-field\" aria-required=\"true\" aria-invalid=\"false\" name=\"provincia\"><option value=\"Barcelona\" selected=\"selected\">Barcelona<\/option><option value=\"Girona\">Girona<\/option><option value=\"Lleida\">Lleida<\/option><option value=\"Tarragona\">Tarragona<\/option><option value=\"Altres\">Altres<\/option><\/select><\/span>\n\t\t\t\t<\/p>\n\t\t\t<\/div>\n\t\t\t<div class=\"amic-col\">\n\t\t\t\t<p><span class=\"wpcf7-form-control-wrap\" data-name=\"codi-postal\"><input size=\"40\" maxlength=\"400\" class=\"wpcf7-form-control wpcf7-text wpcf7-validates-as-required amic-input-field\" aria-required=\"true\" aria-invalid=\"false\" placeholder=\"Codi postal *\" value=\"\" type=\"text\" name=\"codi-postal\" \/><\/span>\n\t\t\t\t<\/p>\n\t\t\t<\/div>\n\t\t<\/div>\n\t<\/div>\n\t<div class=\"amic-seccio\">\n\t\t<p><label class=\"amic-label\">Comentari<\/label><br \/>\n<span class=\"wpcf7-form-control-wrap\" data-name=\"comentari\"><textarea cols=\"40\" rows=\"3\" maxlength=\"2000\" class=\"wpcf7-form-control wpcf7-textarea amic-input-field\" aria-invalid=\"false\" placeholder=\"Deixa un comentari\" name=\"comentari\"><\/textarea><\/span>\n\t\t<\/p>\n\t<\/div>\n\t<div class=\"amic-seccio\">\n\t\t<p><label class=\"amic-label\">Seleccionar la forma de pagament<\/label>\n\t\t<\/p>\n\t\t<div class=\"amic-selector-pagament\">\n\t\t\t<p><span class=\"wpcf7-form-control-wrap\" data-name=\"forma-pagament\"><span class=\"wpcf7-form-control wpcf7-radio\"><span class=\"wpcf7-list-item first\"><label><input type=\"radio\" name=\"forma-pagament\" value=\"Bizum Solidari\" checked=\"checked\" \/><span class=\"wpcf7-list-item-label\">Bizum Solidari<\/span><\/label><\/span><span class=\"wpcf7-list-item last\"><label><input type=\"radio\" name=\"forma-pagament\" value=\"Transfer\u00e8ncia Banc\u00e0ria\" \/><span class=\"wpcf7-list-item-label\">Transfer\u00e8ncia Banc\u00e0ria<\/span><\/label><\/span><\/span><\/span>\n\t\t\t<\/p>\n\t\t<\/div>\n\t<\/div>\n\t<div class=\"amic-caixa-info\">\n\t\t<p class=\"amic-titol-caixa\">Dades per realitzar el pagament:\n\t\t<\/p>\n\t\t<div class=\"amic-metode-detall\">\n\t\t\t<p><strong>BIZUM SOLIDARI:<\/strong>\n\t\t\t<\/p>\n\t\t\t<p>Codi: <span class=\"amic-highlight\">13192<\/span>\n\t\t\t<\/p>\n\t\t\t<p><small>(Dins la teva App del banc, busca l'opci\u00f3 \"Donar\" o \"Bizum Solidari\" i introdueix el codi).<\/small>\n\t\t\t<\/p>\n\t\t<\/div>\n\t\t<div class=\"amic-metode-detall\" style=\"margin-top:15px;\">\n\t\t\t<p><strong>TRANSFER\u00c8NCIA:<\/strong>\n\t\t\t<\/p>\n\t\t\t<p>IBAN: <span class=\"amic-highlight\">ES75 2100 9046 9902 0020 9468<\/span>\n\t\t\t<\/p>\n\t\t\t<p><small>Banc: CaixaBank | Titular: ONG AMIC<\/small>\n\t\t\t<\/p>\n\t\t<\/div>\n\t\t<p class=\"amic-recordatori\">Si us plau, indica el teu <strong>Nom i DNI<\/strong> en el concepte perqu\u00e8 puguem identificar la teva donaci\u00f3.\n\t\t<\/p>\n\t<\/div>\n\t<p><input class=\"wpcf7-form-control wpcf7-submit has-spinner amic-btn-submit\" type=\"submit\" value=\"Dona Ara\" \/>\n\t<\/p>\n<\/div><div class=\"wpcf7-response-output\" aria-hidden=\"true\"><\/div>\n<\/form>\n<\/div>\n<\/div>\n\t\t\t\t\t\t<\/div>\n\t\t\t\t<\/div>\n\t\t\t\t<div class=\"elementor-element elementor-element-55b80f2 elementor-widget elementor-widget-html\" data-id=\"55b80f2\" data-element_type=\"widget\" data-e-type=\"widget\" data-widget_type=\"html.default\">\n\t\t\t\t<div class=\"elementor-widget-container\">\n\t\t\t\t\t<script>\nwindow.addEventListener('load', function() {\n    \/\/ Esperem un moment perqu\u00e8 el formulari estigui ben carregat\n    setTimeout(function() {\n        \/\/ Busquem el t\u00edtol de l'H1 de la p\u00e0gina (que sol ser el nom del projecte)\n        \/\/ Si prefereixes el t\u00edtol de la pestanya, usa document.title\n        var titolProjecte = document.querySelector('h1').innerText || document.title;\n        \n        \/\/ Busquem el camp del formulari\n        var camps = document.getElementsByName(\"projecte-id\");\n        \n        if(camps.length > 0) {\n            camps[0].value = titolProjecte;\n        }\n    }, 500);\n});\n<\/script>\t\t\t\t<\/div>\n\t\t\t\t<\/div>\n\t\t\t\t\t<\/div>\n\t\t<\/div>\n\t\t\t\t\t<\/div>\n\t\t<\/section>\n\t\t\t\t<\/div>\n\t\t","protected":false},"excerpt":{"rendered":"<p>Para muchos ni\u00f1os de Guinea-Bissau, ir a la escuela es un lujo que no se pueden permitir. Las escuelas p\u00fablicas pr\u00e1cticamente no funcionan y la adquisici\u00f3n del material escolar supone un coste que, para muchas familias es inabarcable. El curso 2019-2020 abrimos la Escuela Innova en la comunidad en un edificio que ya hab\u00edamos construido&#8230;<\/p>\n","protected":false},"author":145,"featured_media":0,"parent":0,"menu_order":0,"comment_status":"closed","ping_status":"closed","template":"","meta":{"_joinchat":[],"footnotes":""},"class_list":["post-21923","page","type-page","status-publish","hentry"],"yoast_head":"<!-- This site is optimized with the Yoast SEO plugin v27.3 - https:\/\/yoast.com\/product\/yoast-seo-wordpress\/ -->\n<title>Construcci\u00f3n y equipaci\u00f3n escuela Innova - Amic ONG<\/title>\n<meta name=\"robots\" content=\"index, follow, max-snippet:-1, max-image-preview:large, max-video-preview:-1\" \/>\n<link rel=\"canonical\" href=\"https:\/\/ongamic.org\/es\/escuela-innova\/\" \/>\n<meta property=\"og:locale\" content=\"es_ES\" \/>\n<meta property=\"og:type\" content=\"article\" \/>\n<meta property=\"og:title\" content=\"Construcci\u00f3n y equipaci\u00f3n escuela Innova - Amic ONG\" \/>\n<meta property=\"og:description\" content=\"Para muchos ni\u00f1os de Guinea-Bissau, ir a la escuela es un lujo que no se pueden permitir. Las escuelas p\u00fablicas pr\u00e1cticamente no funcionan y la adquisici\u00f3n del material escolar supone un coste que, para muchas familias es inabarcable. El curso 2019-2020 abrimos la Escuela Innova en la comunidad en un edificio que ya hab\u00edamos construido...\" \/>\n<meta property=\"og:url\" content=\"https:\/\/ongamic.org\/es\/escuela-innova\/\" \/>\n<meta property=\"og:site_name\" content=\"Amic ONG\" \/>\n<meta property=\"article:modified_time\" content=\"2026-04-13T09:37:28+00:00\" \/>\n<meta property=\"og:image\" content=\"https:\/\/ongamic.org\/wp-content\/uploads\/2023\/03\/Obrers-a-lEscola-Bissalanca-300x228.jpg\" \/>\n<meta name=\"twitter:card\" content=\"summary_large_image\" \/>\n<meta name=\"twitter:label1\" content=\"Tiempo de lectura\" \/>\n\t<meta name=\"twitter:data1\" content=\"3 minutos\" \/>\n<script type=\"application\/ld+json\" class=\"yoast-schema-graph\">{\"@context\":\"https:\\\/\\\/schema.org\",\"@graph\":[{\"@type\":\"WebPage\",\"@id\":\"https:\\\/\\\/ongamic.org\\\/es\\\/escuela-innova\\\/\",\"url\":\"https:\\\/\\\/ongamic.org\\\/es\\\/escuela-innova\\\/\",\"name\":\"Construcci\u00f3n y equipaci\u00f3n escuela Innova - Amic ONG\",\"isPartOf\":{\"@id\":\"https:\\\/\\\/ongamic.org\\\/#website\"},\"primaryImageOfPage\":{\"@id\":\"https:\\\/\\\/ongamic.org\\\/es\\\/escuela-innova\\\/#primaryimage\"},\"image\":{\"@id\":\"https:\\\/\\\/ongamic.org\\\/es\\\/escuela-innova\\\/#primaryimage\"},\"thumbnailUrl\":\"https:\\\/\\\/ongamic.org\\\/wp-content\\\/uploads\\\/2023\\\/03\\\/Obrers-a-lEscola-Bissalanca-300x228.jpg\",\"datePublished\":\"2026-04-13T08:59:34+00:00\",\"dateModified\":\"2026-04-13T09:37:28+00:00\",\"breadcrumb\":{\"@id\":\"https:\\\/\\\/ongamic.org\\\/es\\\/escuela-innova\\\/#breadcrumb\"},\"inLanguage\":\"es\",\"potentialAction\":[{\"@type\":\"ReadAction\",\"target\":[\"https:\\\/\\\/ongamic.org\\\/es\\\/escuela-innova\\\/\"]}]},{\"@type\":\"ImageObject\",\"inLanguage\":\"es\",\"@id\":\"https:\\\/\\\/ongamic.org\\\/es\\\/escuela-innova\\\/#primaryimage\",\"url\":\"https:\\\/\\\/ongamic.org\\\/wp-content\\\/uploads\\\/2023\\\/03\\\/Obrers-a-lEscola-Bissalanca-300x228.jpg\",\"contentUrl\":\"https:\\\/\\\/ongamic.org\\\/wp-content\\\/uploads\\\/2023\\\/03\\\/Obrers-a-lEscola-Bissalanca-300x228.jpg\"},{\"@type\":\"BreadcrumbList\",\"@id\":\"https:\\\/\\\/ongamic.org\\\/es\\\/escuela-innova\\\/#breadcrumb\",\"itemListElement\":[{\"@type\":\"ListItem\",\"position\":1,\"name\":\"Inici\",\"item\":\"https:\\\/\\\/ongamic.org\\\/es\\\/\"},{\"@type\":\"ListItem\",\"position\":2,\"name\":\"Construcci\u00f3n y equipaci\u00f3n escuela Innova\"}]},{\"@type\":\"WebSite\",\"@id\":\"https:\\\/\\\/ongamic.org\\\/#website\",\"url\":\"https:\\\/\\\/ongamic.org\\\/\",\"name\":\"ONG AMIC\",\"description\":\"ONG que treballa a Guinea Bissau\",\"publisher\":{\"@id\":\"https:\\\/\\\/ongamic.org\\\/#organization\"},\"potentialAction\":[{\"@type\":\"SearchAction\",\"target\":{\"@type\":\"EntryPoint\",\"urlTemplate\":\"https:\\\/\\\/ongamic.org\\\/?s={search_term_string}\"},\"query-input\":{\"@type\":\"PropertyValueSpecification\",\"valueRequired\":true,\"valueName\":\"search_term_string\"}}],\"inLanguage\":\"es\"},{\"@type\":\"Organization\",\"@id\":\"https:\\\/\\\/ongamic.org\\\/#organization\",\"name\":\"ONG AMIC\",\"url\":\"https:\\\/\\\/ongamic.org\\\/\",\"logo\":{\"@type\":\"ImageObject\",\"inLanguage\":\"es\",\"@id\":\"https:\\\/\\\/ongamic.org\\\/#\\\/schema\\\/logo\\\/image\\\/\",\"url\":\"https:\\\/\\\/ongamic.org\\\/wp-content\\\/uploads\\\/2023\\\/01\\\/logo-amic-per-adhesiu.png\",\"contentUrl\":\"https:\\\/\\\/ongamic.org\\\/wp-content\\\/uploads\\\/2023\\\/01\\\/logo-amic-per-adhesiu.png\",\"width\":1033,\"height\":591,\"caption\":\"ONG AMIC\"},\"image\":{\"@id\":\"https:\\\/\\\/ongamic.org\\\/#\\\/schema\\\/logo\\\/image\\\/\"},\"sameAs\":[\"https:\\\/\\\/www.instagram.com\\\/ong_amic\\\/\"]}]}<\/script>\n<!-- \/ Yoast SEO plugin. -->","yoast_head_json":{"title":"Construcci\u00f3n y equipaci\u00f3n escuela Innova - Amic ONG","robots":{"index":"index","follow":"follow","max-snippet":"max-snippet:-1","max-image-preview":"max-image-preview:large","max-video-preview":"max-video-preview:-1"},"canonical":"https:\/\/ongamic.org\/es\/escuela-innova\/","og_locale":"es_ES","og_type":"article","og_title":"Construcci\u00f3n y equipaci\u00f3n escuela Innova - Amic ONG","og_description":"Para muchos ni\u00f1os de Guinea-Bissau, ir a la escuela es un lujo que no se pueden permitir. Las escuelas p\u00fablicas pr\u00e1cticamente no funcionan y la adquisici\u00f3n del material escolar supone un coste que, para muchas familias es inabarcable. El curso 2019-2020 abrimos la Escuela Innova en la comunidad en un edificio que ya hab\u00edamos construido...","og_url":"https:\/\/ongamic.org\/es\/escuela-innova\/","og_site_name":"Amic ONG","article_modified_time":"2026-04-13T09:37:28+00:00","og_image":[{"url":"https:\/\/ongamic.org\/wp-content\/uploads\/2023\/03\/Obrers-a-lEscola-Bissalanca-300x228.jpg","type":"","width":"","height":""}],"twitter_card":"summary_large_image","twitter_misc":{"Tiempo de lectura":"3 minutos"},"schema":{"@context":"https:\/\/schema.org","@graph":[{"@type":"WebPage","@id":"https:\/\/ongamic.org\/es\/escuela-innova\/","url":"https:\/\/ongamic.org\/es\/escuela-innova\/","name":"Construcci\u00f3n y equipaci\u00f3n escuela Innova - Amic ONG","isPartOf":{"@id":"https:\/\/ongamic.org\/#website"},"primaryImageOfPage":{"@id":"https:\/\/ongamic.org\/es\/escuela-innova\/#primaryimage"},"image":{"@id":"https:\/\/ongamic.org\/es\/escuela-innova\/#primaryimage"},"thumbnailUrl":"https:\/\/ongamic.org\/wp-content\/uploads\/2023\/03\/Obrers-a-lEscola-Bissalanca-300x228.jpg","datePublished":"2026-04-13T08:59:34+00:00","dateModified":"2026-04-13T09:37:28+00:00","breadcrumb":{"@id":"https:\/\/ongamic.org\/es\/escuela-innova\/#breadcrumb"},"inLanguage":"es","potentialAction":[{"@type":"ReadAction","target":["https:\/\/ongamic.org\/es\/escuela-innova\/"]}]},{"@type":"ImageObject","inLanguage":"es","@id":"https:\/\/ongamic.org\/es\/escuela-innova\/#primaryimage","url":"https:\/\/ongamic.org\/wp-content\/uploads\/2023\/03\/Obrers-a-lEscola-Bissalanca-300x228.jpg","contentUrl":"https:\/\/ongamic.org\/wp-content\/uploads\/2023\/03\/Obrers-a-lEscola-Bissalanca-300x228.jpg"},{"@type":"BreadcrumbList","@id":"https:\/\/ongamic.org\/es\/escuela-innova\/#breadcrumb","itemListElement":[{"@type":"ListItem","position":1,"name":"Inici","item":"https:\/\/ongamic.org\/es\/"},{"@type":"ListItem","position":2,"name":"Construcci\u00f3n y equipaci\u00f3n escuela Innova"}]},{"@type":"WebSite","@id":"https:\/\/ongamic.org\/#website","url":"https:\/\/ongamic.org\/","name":"ONG AMIC","description":"ONG que treballa a Guinea Bissau","publisher":{"@id":"https:\/\/ongamic.org\/#organization"},"potentialAction":[{"@type":"SearchAction","target":{"@type":"EntryPoint","urlTemplate":"https:\/\/ongamic.org\/?s={search_term_string}"},"query-input":{"@type":"PropertyValueSpecification","valueRequired":true,"valueName":"search_term_string"}}],"inLanguage":"es"},{"@type":"Organization","@id":"https:\/\/ongamic.org\/#organization","name":"ONG AMIC","url":"https:\/\/ongamic.org\/","logo":{"@type":"ImageObject","inLanguage":"es","@id":"https:\/\/ongamic.org\/#\/schema\/logo\/image\/","url":"https:\/\/ongamic.org\/wp-content\/uploads\/2023\/01\/logo-amic-per-adhesiu.png","contentUrl":"https:\/\/ongamic.org\/wp-content\/uploads\/2023\/01\/logo-amic-per-adhesiu.png","width":1033,"height":591,"caption":"ONG AMIC"},"image":{"@id":"https:\/\/ongamic.org\/#\/schema\/logo\/image\/"},"sameAs":["https:\/\/www.instagram.com\/ong_amic\/"]}]}},"_links":{"self":[{"href":"https:\/\/ongamic.org\/es\/wp-json\/wp\/v2\/pages\/21923","targetHints":{"allow":["GET"]}}],"collection":[{"href":"https:\/\/ongamic.org\/es\/wp-json\/wp\/v2\/pages"}],"about":[{"href":"https:\/\/ongamic.org\/es\/wp-json\/wp\/v2\/types\/page"}],"author":[{"embeddable":true,"href":"https:\/\/ongamic.org\/es\/wp-json\/wp\/v2\/users\/145"}],"replies":[{"embeddable":true,"href":"https:\/\/ongamic.org\/es\/wp-json\/wp\/v2\/comments?post=21923"}],"version-history":[{"count":6,"href":"https:\/\/ongamic.org\/es\/wp-json\/wp\/v2\/pages\/21923\/revisions"}],"predecessor-version":[{"id":21974,"href":"https:\/\/ongamic.org\/es\/wp-json\/wp\/v2\/pages\/21923\/revisions\/21974"}],"wp:attachment":[{"href":"https:\/\/ongamic.org\/es\/wp-json\/wp\/v2\/media?parent=21923"}],"curies":[{"name":"wp","href":"https:\/\/api.w.org\/{rel}","templated":true}]}}