{"id":22144,"date":"2015-03-18T17:07:31","date_gmt":"2015-03-18T17:07:31","guid":{"rendered":"https:\/\/ongamic.org\/collabora\/"},"modified":"2026-04-17T11:54:05","modified_gmt":"2026-04-17T11:54:05","slug":"colabora","status":"publish","type":"page","link":"https:\/\/ongamic.org\/es\/colabora\/","title":{"rendered":"Col\u00b7labora"},"content":{"rendered":"\t\t<div data-elementor-type=\"wp-page\" data-elementor-id=\"22144\" class=\"elementor elementor-22144 elementor-23\" data-elementor-post-type=\"page\">\n\t\t\t\t\t\t<section class=\"elementor-section elementor-top-section elementor-element elementor-element-724dd43e elementor-section-boxed elementor-section-height-default elementor-section-height-default edgtf-elementor-container-no edgtf-section edgtf-parallax-section-holder-touch-disabled edgtf-parallax-section-no\" data-id=\"724dd43e\" data-element_type=\"section\" data-e-type=\"section\">\n\t\t\t\t\t\t<div class=\"elementor-container elementor-column-gap-default\">\n\t\t\t\t\t<div class=\"elementor-column elementor-col-100 elementor-top-column elementor-element elementor-element-2e7e8b3d\" data-id=\"2e7e8b3d\" data-element_type=\"column\" data-e-type=\"column\">\n\t\t\t<div class=\"elementor-widget-wrap elementor-element-populated\">\n\t\t\t\t\t\t<div class=\"elementor-element elementor-element-d4a5900 elementor-widget elementor-widget-text-editor\" data-id=\"d4a5900\" data-element_type=\"widget\" data-e-type=\"widget\" data-widget_type=\"text-editor.default\">\n\t\t\t\t<div class=\"elementor-widget-container\">\n\t\t\t\t\t\t\t\t\t<h2>Apadrinar<\/h2><p>Cuando apadrinas tenso la oportunidad de poner un rostro a tu ayuda. Gracias a tu aportaci\u00f3n un ni\u00f1o o ni\u00f1a podr\u00e1 mejorar su futuro, ofreciendo una educaci\u00f3n, alimentaci\u00f3n y una sanidad de calidad. El apadrinamiento que realiza AMIGO es directo, es decir, cada padrino permite que un ni\u00f1o o ni\u00f1a vaya a la escuela, disponga de sus libros y de su uniforme, as\u00ed como tambi\u00e9n que haga una comida en el comedor social infantil.<\/p><p><a href=\"https:\/\/ongamic.org\/es\/apadrinar\/\">Leer m\u00e1s<\/a><\/p><h2>Hazte socio<\/h2><p>Ser socio colaborador te permite participar activamente en la evoluci\u00f3n de nuestros proyectos, ayudar a hacerlos realidad y contribuir a construir una situaci\u00f3n mejor para la poblaci\u00f3n m\u00e1s desfavorecida de Guinea-Bissau.<\/p><p>Gracias a tu apoyo continuado, los proyectos pueden andar hacia el futuro con firmeza. Adem\u00e1s, podr\u00e1s escoger la cuota y la temporalidad con que quieres participar.<\/p><p><a href=\"https:\/\/ongamic.org\/transparencia\/avantatges-per-col\u00b7laborar\/\">Leer m\u00e1s<\/a><\/p><h2>Voluntariado<\/h2><p>El voluntariado es la fuerza de nuestra ONG, entendiendo este como el desarrollo de una actividad profesional llevada a cabo con diligencia y experiencia, pero sin recibir jefe m\u00e1s compensaci\u00f3n que la de una sonrisa.<\/p><p>Para ser voluntario, solo necesitas tiempo, ganas e ilusi\u00f3n. Si quieres formar parte de nuestro voluntariado, ponte en contacto con nosotros.<\/p><p><a href=\"https:\/\/ongamic.org\/collabora\/voluntariat\/\">Leer m\u00e1s<\/a><\/p><h2>Patrocina un proyecto<\/h2><p>Un patrocinador puede apostar firmemente por un proyecto espec\u00edfico realizando una donaci\u00f3n puntual. De este modo ve su esfuerzo reflejado en un proyecto concreto y puede comprobar como crece y como ayuda a muchas personas. Adem\u00e1s de la satisfacci\u00f3n de ver en marcha el proyecto, AMIGO tambi\u00e9n ofrece tanto a empresas como particulares ventajas fiscales por su ayuda.<\/p><p><a href=\"https:\/\/ongamic.org\/transparencia\/avantatges-per-col\u00b7laborar\/\">Leer m\u00e1s<\/a><\/p><h2>Donativo<\/h2><p>A veces, cuando creemos que las cosas nos van bien o cuando recibimos una aportaci\u00f3n inesperada, queremos que esto repercuta en otras personas menos afortunadas. Haciendo un donativo puntual tambi\u00e9n colaboras en la transformaci\u00f3n de un entorno que beneficiar\u00e1 muchos ni\u00f1os.<\/p><p><a href=\"https:\/\/ongamic.org\/transparencia\/avantatges-per-col\u00b7laborar\/\">Leer m\u00e1s<\/a><\/p><h2>Campa\u00f1as solidarias<\/h2><p>Has pensado que quiz\u00e1s podr\u00edas ayudarnos organizando un torneo deportivo, una actividad l\u00fadica o cultural, una charla o una exposici\u00f3n? Ponte en contacto con nosotros y hablamos; cualquier acci\u00f3n puede ayudar a sensibilizar y a trabajar para conseguir que los ni\u00f1os de Guinea-Bissau tengan un futuro mejor.<\/p><p><a href=\"https:\/\/ongamic.org\/collabora\/voluntariat\/\">Leer m\u00e1s<\/a><\/p>\t\t\t\t\t\t\t\t<\/div>\n\t\t\t\t<\/div>\n\t\t\t\t<div class=\"elementor-element elementor-element-126ae0c elementor-widget elementor-widget-shortcode\" data-id=\"126ae0c\" data-element_type=\"widget\" data-e-type=\"widget\" data-widget_type=\"shortcode.default\">\n\t\t\t\t<div class=\"elementor-widget-container\">\n\t\t\t\t\t\t\t<div class=\"elementor-shortcode\">\n<div class=\"wpcf7 no-js\" id=\"wpcf7-f518-o1\" lang=\"ca\" dir=\"ltr\" data-wpcf7-id=\"518\">\n<div class=\"screen-reader-response\"><p role=\"status\" aria-live=\"polite\" aria-atomic=\"true\"><\/p> <ul><\/ul><\/div>\n<form action=\"\/es\/wp-json\/wp\/v2\/pages\/22144#wpcf7-f518-o1\" method=\"post\" class=\"wpcf7-form init\" aria-label=\"Formulari de contacte\" novalidate=\"novalidate\" data-status=\"init\">\n<fieldset class=\"hidden-fields-container\"><input type=\"hidden\" name=\"_wpcf7\" value=\"518\" \/><input type=\"hidden\" name=\"_wpcf7_version\" value=\"6.1.5\" \/><input type=\"hidden\" name=\"_wpcf7_locale\" value=\"ca\" \/><input type=\"hidden\" name=\"_wpcf7_unit_tag\" value=\"wpcf7-f518-o1\" \/><input type=\"hidden\" name=\"_wpcf7_container_post\" value=\"0\" \/><input type=\"hidden\" name=\"_wpcf7_posted_data_hash\" value=\"\" \/><input type=\"hidden\" name=\"_wpcf7_recaptcha_response\" value=\"\" \/>\n<\/fieldset>\n<div>\n\t<p><label for=\"nombre\">Nombre<\/label><span class=\"wpcf7-form-control-wrap\" data-name=\"nom\"><input size=\"1\" maxlength=\"400\" class=\"wpcf7-form-control wpcf7-text wpcf7-validates-as-required\" id=\"nom\" aria-required=\"true\" aria-invalid=\"false\" value=\"\" type=\"text\" name=\"nom\" \/><\/span>\n\t<\/p>\n<\/div>\n<div>\n\t<p><label for=\"apellidos\">Apellidos<\/label><span class=\"wpcf7-form-control-wrap\" data-name=\"cognoms\"><input size=\"1\" maxlength=\"400\" class=\"wpcf7-form-control wpcf7-text wpcf7-validates-as-required\" id=\"cognoms\" aria-required=\"true\" aria-invalid=\"false\" value=\"\" type=\"text\" name=\"cognoms\" \/><\/span>\n\t<\/p>\n<\/div>\n<div>\n\t<p><label for=\"nif\">NIF<\/label><span class=\"wpcf7-form-control-wrap\" data-name=\"nif\"><input size=\"1\" maxlength=\"400\" class=\"wpcf7-form-control wpcf7-text wpcf7-validates-as-required\" id=\"nif\" aria-required=\"true\" aria-invalid=\"false\" value=\"\" type=\"text\" name=\"nif\" \/><\/span>\n\t<\/p>\n<\/div>\n<div>\n\t<p><label for=\"direccion\">Direcci\u00f3n<\/label><span class=\"wpcf7-form-control-wrap\" data-name=\"direccio\"><input size=\"1\" maxlength=\"400\" class=\"wpcf7-form-control wpcf7-text wpcf7-validates-as-required\" id=\"direccio\" aria-required=\"true\" aria-invalid=\"false\" value=\"\" type=\"text\" name=\"direccio\" \/><\/span>\n\t<\/p>\n<\/div>\n<div>\n\t<p><label for=\"poblacion\">Poblaci\u00f3n<\/label><span class=\"wpcf7-form-control-wrap\" data-name=\"poblacio\"><input size=\"1\" maxlength=\"400\" class=\"wpcf7-form-control wpcf7-text wpcf7-validates-as-required\" id=\"poblacio\" aria-required=\"true\" aria-invalid=\"false\" value=\"\" type=\"text\" name=\"poblacio\" \/><\/span>\n\t<\/p>\n<\/div>\n<div>\n\t<p><label for=\"codigo_postal\">C\u00f3digo Postal<\/label><span class=\"wpcf7-form-control-wrap\" data-name=\"codi_postal\"><input size=\"1\" maxlength=\"400\" class=\"wpcf7-form-control wpcf7-text wpcf7-validates-as-required\" id=\"codi_postal\" aria-required=\"true\" aria-invalid=\"false\" value=\"\" type=\"text\" name=\"codi_postal\" \/><\/span>\n\t<\/p>\n<\/div>\n<div>\n\t<p><label for=\"provincia\">Provincia<\/label><span class=\"wpcf7-form-control-wrap\" data-name=\"provincia\"><input size=\"1\" maxlength=\"400\" class=\"wpcf7-form-control wpcf7-text wpcf7-validates-as-required\" id=\"provincia\" aria-required=\"true\" aria-invalid=\"false\" value=\"\" type=\"text\" name=\"provincia\" \/><\/span>\n\t<\/p>\n<\/div>\n<div>\n\t<p><label for=\"telefono\">Tel\u00e9fono<\/label><span class=\"wpcf7-form-control-wrap\" data-name=\"telefon\"><input size=\"1\" maxlength=\"400\" class=\"wpcf7-form-control wpcf7-text wpcf7-validates-as-required\" id=\"telefon\" aria-required=\"true\" aria-invalid=\"false\" value=\"\" type=\"text\" name=\"telefon\" \/><\/span>\n\t<\/p>\n<\/div>\n<div>\n\t<p><label for=\"nacimiento\">Fecha de nacimiento<\/label><span class=\"wpcf7-form-control-wrap\" data-name=\"naixement\"><input size=\"1\" maxlength=\"400\" class=\"wpcf7-form-control wpcf7-text wpcf7-validates-as-required\" id=\"naixement\" aria-required=\"true\" aria-invalid=\"false\" value=\"\" type=\"text\" name=\"naixement\" \/><\/span>\n\t<\/p>\n<\/div>\n<div>\n\t<p><label for=\"email\">E-mail<\/label><span class=\"wpcf7-form-control-wrap\" data-name=\"email\"><input size=\"40\" maxlength=\"400\" class=\"wpcf7-form-control wpcf7-email wpcf7-validates-as-required wpcf7-text wpcf7-validates-as-email\" id=\"email\" aria-required=\"true\" aria-invalid=\"false\" value=\"\" type=\"email\" name=\"email\" \/><\/span>\n\t<\/p>\n<\/div>\n<div>\n\t<p><label for=\"cuenta\">N\u00fam. de cuenta<\/label><span class=\"wpcf7-form-control-wrap\" data-name=\"compte\"><input size=\"1\" maxlength=\"400\" class=\"wpcf7-form-control wpcf7-text wpcf7-validates-as-required\" id=\"compte\" aria-required=\"true\" aria-invalid=\"false\" value=\"\" type=\"text\" name=\"compte\" \/><\/span>\n\t<\/p>\n<\/div>\n<div>\n\t<p>\u00bfC\u00f3mo quieres colabora?<br \/>\n<span class=\"wpcf7-form-control-wrap\" data-name=\"com_collabores\"><span class=\"wpcf7-form-control wpcf7-checkbox\" id=\"com_collabores\"><span class=\"wpcf7-list-item first\"><label><input type=\"checkbox\" name=\"com_collabores[]\" value=\"20\u20ac\/mes Apadrina un\/a ni\u00f1o\/a\" \/><span class=\"wpcf7-list-item-label\">20\u20ac\/mes Apadrina un\/a ni\u00f1o\/a<\/span><\/label><\/span><span class=\"wpcf7-list-item last\"><label><input type=\"checkbox\" name=\"com_collabores[]\" value=\"40\u20ac\/mes Apadrina un\/a ni\u00f1o\/a especial\" \/><span class=\"wpcf7-list-item-label\">40\u20ac\/mes Apadrina un\/a ni\u00f1o\/a especial<\/span><\/label><\/span><\/span><\/span>\n\t<\/p>\n\t<div style=\"float:left\">\n\t\t<p><span class=\"wpcf7-form-control-wrap\" data-name=\"com_collabores3\"><span class=\"wpcf7-form-control wpcf7-checkbox\" id=\"com_collabores3\"><span class=\"wpcf7-list-item first last\"><label><input type=\"checkbox\" name=\"com_collabores3[]\" value=\"Hacer un donativo de\" \/><span class=\"wpcf7-list-item-label\">Hacer un donativo de<\/span><\/label><\/span><\/span><\/span>\n\t\t<\/p>\n\t<\/div>\n\t<div style=\"float:left;padding-left:5px;\">\n\t\t<p><span class=\"wpcf7-form-control-wrap\" data-name=\"donatiu\"><input size=\"2\" maxlength=\"400\" class=\"wpcf7-form-control wpcf7-text\" id=\"donatiu\" aria-invalid=\"false\" value=\"\" type=\"text\" name=\"donatiu\" \/><\/span>\n\t\t<\/p>\n\t<\/div>\n\t<div style=\"float:left;padding-left:5px;\">\n\t\t<p>\u20ac\n\t\t<\/p>\n\t<\/div>\n\t<div style=\"clear:both\">\n\t<\/div>\n\t<div style=\"float:left\">\n\t\t<p><span class=\"wpcf7-form-control-wrap\" data-name=\"com_collabores5\"><span class=\"wpcf7-form-control wpcf7-checkbox\" id=\"com_collabores5\"><span class=\"wpcf7-list-item first last\"><label><input type=\"checkbox\" name=\"com_collabores5[]\" value=\"Socio con\" \/><span class=\"wpcf7-list-item-label\">Socio con<\/span><\/label><\/span><\/span><\/span>\n\t\t<\/p>\n\t<\/div>\n\t<div style=\"float:left;padding-left:5px;\">\n\t\t<p><span class=\"wpcf7-form-control-wrap\" data-name=\"donatiu-soci\"><input size=\"2\" maxlength=\"400\" class=\"wpcf7-form-control wpcf7-text\" id=\"donatiu-soci\" aria-invalid=\"false\" value=\"\" type=\"text\" name=\"donatiu-soci\" \/><\/span>\n\t\t<\/p>\n\t<\/div>\n\t<div style=\"float:left;padding-left:5px;\">\n\t\t<p>\u20ac\n\t\t<\/p>\n\t<\/div>\n\t<div style=\"clear:both\">\n\t<\/div>\n\t<p><span class=\"wpcf7-form-control-wrap\" data-name=\"com_collabores4\"><span class=\"wpcf7-form-control wpcf7-checkbox\" id=\"com_collabores4\"><span class=\"wpcf7-list-item first\"><label><input type=\"checkbox\" name=\"com_collabores4[]\" value=\"Voluntariado\" \/><span class=\"wpcf7-list-item-label\">Voluntariado<\/span><\/label><\/span><span class=\"wpcf7-list-item last\"><label><input type=\"checkbox\" name=\"com_collabores4[]\" value=\"Campa\u00f1a solidaria\" \/><span class=\"wpcf7-list-item-label\">Campa\u00f1a solidaria<\/span><\/label><\/span><\/span><\/span>\n\t<\/p>\n<\/div>\n<div>\n\t<p><label for=\"nom\">Comentarios<\/label><span class=\"wpcf7-form-control-wrap\" data-name=\"comentaris\"><textarea cols=\"40\" rows=\"10\" maxlength=\"2000\" class=\"wpcf7-form-control wpcf7-textarea\" id=\"comentaris\" aria-invalid=\"false\" name=\"comentaris\"><\/textarea><\/span>\n\t<\/p>\n<\/div>\n<div>\n\t<p><span class=\"wpcf7-form-control-wrap\" data-name=\"politica\"><span class=\"wpcf7-form-control wpcf7-checkbox wpcf7-validates-as-required\" id=\"politica\"><span class=\"wpcf7-list-item first last\"><label><input type=\"checkbox\" name=\"politica[]\" value=\"He le\u00eddo y estoy conforme con los T\u00e9rminos y Condiciones\" \/><span class=\"wpcf7-list-item-label\">He le\u00eddo y estoy conforme con los T\u00e9rminos y Condiciones<\/span><\/label><\/span><\/span><\/span>\n\t<\/p>\n<\/div>\n<p><input class=\"wpcf7-form-control wpcf7-submit has-spinner\" type=\"submit\" value=\"Enviar\" \/>\n<\/p><div class=\"wpcf7-response-output\" aria-hidden=\"true\"><\/div>\n<\/form>\n<\/div>\n<\/div>\n\t\t\t\t\t\t<\/div>\n\t\t\t\t<\/div>\n\t\t\t\t\t<\/div>\n\t\t<\/div>\n\t\t\t\t\t<\/div>\n\t\t<\/section>\n\t\t\t\t<\/div>\n\t\t","protected":false},"excerpt":{"rendered":"<p>Apadrinar Cuando apadrinas tenso la oportunidad de poner un rostro a tu ayuda. Gracias a tu aportaci\u00f3n un ni\u00f1o o ni\u00f1a podr\u00e1 mejorar su futuro, ofreciendo una educaci\u00f3n, alimentaci\u00f3n y una sanidad de calidad. El apadrinamiento que realiza AMIGO es directo, es decir, cada padrino permite que un ni\u00f1o o ni\u00f1a vaya a la escuela,&#8230;<\/p>\n","protected":false},"author":1,"featured_media":0,"parent":0,"menu_order":0,"comment_status":"closed","ping_status":"closed","template":"","meta":{"_joinchat":[],"footnotes":""},"class_list":["post-22144","page","type-page","status-publish","hentry"],"yoast_head":"<!-- This site is optimized with the Yoast SEO plugin v27.3 - https:\/\/yoast.com\/product\/yoast-seo-wordpress\/ -->\n<title>Col\u00b7labora - Amic ONG<\/title>\n<meta name=\"robots\" content=\"index, follow, max-snippet:-1, max-image-preview:large, max-video-preview:-1\" \/>\n<link rel=\"canonical\" href=\"https:\/\/ongamic.org\/es\/colabora\/\" \/>\n<meta property=\"og:locale\" content=\"es_ES\" \/>\n<meta property=\"og:type\" content=\"article\" \/>\n<meta property=\"og:title\" content=\"Col\u00b7labora - Amic ONG\" \/>\n<meta property=\"og:description\" content=\"Apadrinar Cuando apadrinas tenso la oportunidad de poner un rostro a tu ayuda. Gracias a tu aportaci\u00f3n un ni\u00f1o o ni\u00f1a podr\u00e1 mejorar su futuro, ofreciendo una educaci\u00f3n, alimentaci\u00f3n y una sanidad de calidad. El apadrinamiento que realiza AMIGO es directo, es decir, cada padrino permite que un ni\u00f1o o ni\u00f1a vaya a la escuela,...\" \/>\n<meta property=\"og:url\" content=\"https:\/\/ongamic.org\/es\/colabora\/\" \/>\n<meta property=\"og:site_name\" content=\"Amic ONG\" \/>\n<meta property=\"article:modified_time\" content=\"2026-04-17T11:54:05+00:00\" \/>\n<meta name=\"twitter:card\" content=\"summary_large_image\" \/>\n<meta name=\"twitter:label1\" content=\"Tiempo de lectura\" \/>\n\t<meta name=\"twitter:data1\" content=\"2 minutos\" \/>\n<script type=\"application\/ld+json\" class=\"yoast-schema-graph\">{\"@context\":\"https:\\\/\\\/schema.org\",\"@graph\":[{\"@type\":\"WebPage\",\"@id\":\"https:\\\/\\\/ongamic.org\\\/es\\\/colabora\\\/\",\"url\":\"https:\\\/\\\/ongamic.org\\\/es\\\/colabora\\\/\",\"name\":\"Col\u00b7labora - Amic ONG\",\"isPartOf\":{\"@id\":\"https:\\\/\\\/ongamic.org\\\/#website\"},\"datePublished\":\"2015-03-18T17:07:31+00:00\",\"dateModified\":\"2026-04-17T11:54:05+00:00\",\"breadcrumb\":{\"@id\":\"https:\\\/\\\/ongamic.org\\\/es\\\/colabora\\\/#breadcrumb\"},\"inLanguage\":\"es\",\"potentialAction\":[{\"@type\":\"ReadAction\",\"target\":[\"https:\\\/\\\/ongamic.org\\\/es\\\/colabora\\\/\"]}]},{\"@type\":\"BreadcrumbList\",\"@id\":\"https:\\\/\\\/ongamic.org\\\/es\\\/colabora\\\/#breadcrumb\",\"itemListElement\":[{\"@type\":\"ListItem\",\"position\":1,\"name\":\"Inici\",\"item\":\"https:\\\/\\\/ongamic.org\\\/es\\\/\"},{\"@type\":\"ListItem\",\"position\":2,\"name\":\"Col\u00b7labora\"}]},{\"@type\":\"WebSite\",\"@id\":\"https:\\\/\\\/ongamic.org\\\/#website\",\"url\":\"https:\\\/\\\/ongamic.org\\\/\",\"name\":\"ONG AMIC\",\"description\":\"ONG que treballa a Guinea Bissau\",\"publisher\":{\"@id\":\"https:\\\/\\\/ongamic.org\\\/#organization\"},\"potentialAction\":[{\"@type\":\"SearchAction\",\"target\":{\"@type\":\"EntryPoint\",\"urlTemplate\":\"https:\\\/\\\/ongamic.org\\\/?s={search_term_string}\"},\"query-input\":{\"@type\":\"PropertyValueSpecification\",\"valueRequired\":true,\"valueName\":\"search_term_string\"}}],\"inLanguage\":\"es\"},{\"@type\":\"Organization\",\"@id\":\"https:\\\/\\\/ongamic.org\\\/#organization\",\"name\":\"ONG AMIC\",\"url\":\"https:\\\/\\\/ongamic.org\\\/\",\"logo\":{\"@type\":\"ImageObject\",\"inLanguage\":\"es\",\"@id\":\"https:\\\/\\\/ongamic.org\\\/#\\\/schema\\\/logo\\\/image\\\/\",\"url\":\"https:\\\/\\\/ongamic.org\\\/wp-content\\\/uploads\\\/2023\\\/01\\\/logo-amic-per-adhesiu.png\",\"contentUrl\":\"https:\\\/\\\/ongamic.org\\\/wp-content\\\/uploads\\\/2023\\\/01\\\/logo-amic-per-adhesiu.png\",\"width\":1033,\"height\":591,\"caption\":\"ONG AMIC\"},\"image\":{\"@id\":\"https:\\\/\\\/ongamic.org\\\/#\\\/schema\\\/logo\\\/image\\\/\"},\"sameAs\":[\"https:\\\/\\\/www.instagram.com\\\/ong_amic\\\/\"]}]}<\/script>\n<!-- \/ Yoast SEO plugin. -->","yoast_head_json":{"title":"Col\u00b7labora - Amic ONG","robots":{"index":"index","follow":"follow","max-snippet":"max-snippet:-1","max-image-preview":"max-image-preview:large","max-video-preview":"max-video-preview:-1"},"canonical":"https:\/\/ongamic.org\/es\/colabora\/","og_locale":"es_ES","og_type":"article","og_title":"Col\u00b7labora - Amic ONG","og_description":"Apadrinar Cuando apadrinas tenso la oportunidad de poner un rostro a tu ayuda. Gracias a tu aportaci\u00f3n un ni\u00f1o o ni\u00f1a podr\u00e1 mejorar su futuro, ofreciendo una educaci\u00f3n, alimentaci\u00f3n y una sanidad de calidad. El apadrinamiento que realiza AMIGO es directo, es decir, cada padrino permite que un ni\u00f1o o ni\u00f1a vaya a la escuela,...","og_url":"https:\/\/ongamic.org\/es\/colabora\/","og_site_name":"Amic ONG","article_modified_time":"2026-04-17T11:54:05+00:00","twitter_card":"summary_large_image","twitter_misc":{"Tiempo de lectura":"2 minutos"},"schema":{"@context":"https:\/\/schema.org","@graph":[{"@type":"WebPage","@id":"https:\/\/ongamic.org\/es\/colabora\/","url":"https:\/\/ongamic.org\/es\/colabora\/","name":"Col\u00b7labora - Amic ONG","isPartOf":{"@id":"https:\/\/ongamic.org\/#website"},"datePublished":"2015-03-18T17:07:31+00:00","dateModified":"2026-04-17T11:54:05+00:00","breadcrumb":{"@id":"https:\/\/ongamic.org\/es\/colabora\/#breadcrumb"},"inLanguage":"es","potentialAction":[{"@type":"ReadAction","target":["https:\/\/ongamic.org\/es\/colabora\/"]}]},{"@type":"BreadcrumbList","@id":"https:\/\/ongamic.org\/es\/colabora\/#breadcrumb","itemListElement":[{"@type":"ListItem","position":1,"name":"Inici","item":"https:\/\/ongamic.org\/es\/"},{"@type":"ListItem","position":2,"name":"Col\u00b7labora"}]},{"@type":"WebSite","@id":"https:\/\/ongamic.org\/#website","url":"https:\/\/ongamic.org\/","name":"ONG AMIC","description":"ONG que treballa a Guinea Bissau","publisher":{"@id":"https:\/\/ongamic.org\/#organization"},"potentialAction":[{"@type":"SearchAction","target":{"@type":"EntryPoint","urlTemplate":"https:\/\/ongamic.org\/?s={search_term_string}"},"query-input":{"@type":"PropertyValueSpecification","valueRequired":true,"valueName":"search_term_string"}}],"inLanguage":"es"},{"@type":"Organization","@id":"https:\/\/ongamic.org\/#organization","name":"ONG AMIC","url":"https:\/\/ongamic.org\/","logo":{"@type":"ImageObject","inLanguage":"es","@id":"https:\/\/ongamic.org\/#\/schema\/logo\/image\/","url":"https:\/\/ongamic.org\/wp-content\/uploads\/2023\/01\/logo-amic-per-adhesiu.png","contentUrl":"https:\/\/ongamic.org\/wp-content\/uploads\/2023\/01\/logo-amic-per-adhesiu.png","width":1033,"height":591,"caption":"ONG AMIC"},"image":{"@id":"https:\/\/ongamic.org\/#\/schema\/logo\/image\/"},"sameAs":["https:\/\/www.instagram.com\/ong_amic\/"]}]}},"_links":{"self":[{"href":"https:\/\/ongamic.org\/es\/wp-json\/wp\/v2\/pages\/22144","targetHints":{"allow":["GET"]}}],"collection":[{"href":"https:\/\/ongamic.org\/es\/wp-json\/wp\/v2\/pages"}],"about":[{"href":"https:\/\/ongamic.org\/es\/wp-json\/wp\/v2\/types\/page"}],"author":[{"embeddable":true,"href":"https:\/\/ongamic.org\/es\/wp-json\/wp\/v2\/users\/1"}],"replies":[{"embeddable":true,"href":"https:\/\/ongamic.org\/es\/wp-json\/wp\/v2\/comments?post=22144"}],"version-history":[{"count":4,"href":"https:\/\/ongamic.org\/es\/wp-json\/wp\/v2\/pages\/22144\/revisions"}],"predecessor-version":[{"id":22150,"href":"https:\/\/ongamic.org\/es\/wp-json\/wp\/v2\/pages\/22144\/revisions\/22150"}],"wp:attachment":[{"href":"https:\/\/ongamic.org\/es\/wp-json\/wp\/v2\/media?parent=22144"}],"curies":[{"name":"wp","href":"https:\/\/api.w.org\/{rel}","templated":true}]}}