{"id":228,"date":"2015-04-12T09:32:32","date_gmt":"2015-04-12T09:32:32","guid":{"rendered":"https:\/\/ongamic.org\/?page_id=228"},"modified":"2026-04-20T07:31:53","modified_gmt":"2026-04-20T07:31:53","slug":"como-trabajamos","status":"publish","type":"page","link":"https:\/\/ongamic.org\/es\/como-trabajamos\/","title":{"rendered":"C\u00f3mo trabajamos"},"content":{"rendered":"<p>[custom_headline type=\u00bbcenter\u00bb level=\u00bbh1&#8243; looks_like=\u00bbh1&#8243; accent=\u00bbtrue\u00bb] Como trabajamos [\/custom_headline]<\/p>\n<p>AMIC considera imprescindible que el trabajo de cooperaci\u00f3n se base en la<strong> participaci\u00f3n activa de la comunidad a la que van destinadas las ayudas<\/strong>. De esta manera, los beneficiarios, que son las que identificaron la necesidad, consolidan el proyecto y lo hacen suyo, convirti\u00e9ndose de este modo en el aut\u00e9ntico motor de desarrollo de su pa\u00eds.<\/p>\n<p>AMIC no tendr\u00eda sentido sin <a href=\"https:\/\/ongamic.org\/es\/inici\/casa-emanuel\/\"><strong>Casa Emanuel (ASOCE)<\/strong><\/a>, una organizaci\u00f3n local que lleva m\u00e1s de 20 a\u00f1os trabajando sobre el terreno en proyectos de desarrollo dirigidos principalmente a los ni\u00f1os, pero tambi\u00e9n el desarrollo de toda la comunidad de Hafia. Desde nuestra fundaci\u00f3n hemos trabajado con ASOCE en los \u00e1mbitos sanitarios, educativos, de alimentaci\u00f3n y log\u00edsticos, tanto de forma econ\u00f3mica como con env\u00edo de suministros (material escolar, alimentos, medicamentos, mobiliario y material sanitario, material b\u00e1sico, material de construcci\u00f3n , etc.) o con el apoyo continuado de personal voluntario sobre el terreno. Todos nuestros proyectos nacen de su iniciativa y dedicaci\u00f3n a las poblaciones m\u00e1s desfavorecidas de Guinea Bissau.<\/p>\n<p>AMIC tambi\u00e9n trabaja y colabora con otras ONG sobre el terreno o en nuestro pa\u00eds, ofreci\u00e9ndoles apoyo o realizando conjuntamente algunos proyectos de vital importancia para la comunidad a los que van dirigidos.<\/p>\n<p>Adem\u00e1s, AMIC trabaja en Espa\u00f1a para concienciar a la poblaci\u00f3n, a trav\u00e9s de campa\u00f1as de sensibilizaci\u00f3n, de que un mundo m\u00e1s justo y solidario es posible. Pero tambi\u00e9n en proyectos propios como el de Lucha contra la Mutilaci\u00f3n Genital Femenina en nuestro pa\u00eds.<\/p>\n<p><iframe title=\"Entrevista a Ruth Ma\u00f1ero, ONG AMIC\" width=\"1060\" height=\"596\" src=\"https:\/\/www.youtube.com\/embed\/JkRQjiQgpzc?feature=oembed&#038;enablejsapi=1&#038;origin=https:\/\/ongamic.org\" frameborder=\"0\" allow=\"accelerometer; autoplay; clipboard-write; encrypted-media; gyroscope; picture-in-picture; web-share\" referrerpolicy=\"strict-origin-when-cross-origin\" allowfullscreen><\/iframe><\/p>\n","protected":false},"excerpt":{"rendered":"<p>[custom_headline type=\u00bbcenter\u00bb level=\u00bbh1&#8243; looks_like=\u00bbh1&#8243; accent=\u00bbtrue\u00bb] Como trabajamos [\/custom_headline] AMIC considera imprescindible que el trabajo de cooperaci\u00f3n se base en la participaci\u00f3n activa de la comunidad a la que van destinadas las ayudas. De esta manera, los beneficiarios, que son las que identificaron la necesidad, consolidan el proyecto y lo hacen suyo, convirti\u00e9ndose de este modo&#8230;<\/p>\n","protected":false},"author":1,"featured_media":229,"parent":0,"menu_order":0,"comment_status":"closed","ping_status":"open","template":"template-layout-full-width.php","meta":{"_joinchat":[],"footnotes":""},"class_list":["post-228","page","type-page","status-publish","has-post-thumbnail","hentry"],"yoast_head":"<!-- This site is optimized with the Yoast SEO plugin v27.3 - https:\/\/yoast.com\/product\/yoast-seo-wordpress\/ -->\n<title>C\u00f3mo trabajamos - Amic ONG<\/title>\n<meta name=\"description\" content=\"Descubre como trabajamos para mejorar la calidad de vida de ni\u00f1os y ni\u00f1as en Guinea Bissau. Esfuerzo, compromiso y solidaridad.\" \/>\n<meta name=\"robots\" content=\"index, follow, max-snippet:-1, max-image-preview:large, max-video-preview:-1\" \/>\n<link rel=\"canonical\" href=\"https:\/\/ongamic.org\/es\/como-trabajamos\/\" \/>\n<meta property=\"og:locale\" content=\"es_ES\" \/>\n<meta property=\"og:type\" content=\"article\" \/>\n<meta property=\"og:title\" content=\"C\u00f3mo trabajamos - Amic ONG\" \/>\n<meta property=\"og:description\" content=\"Descubre como trabajamos para mejorar la calidad de vida de ni\u00f1os y ni\u00f1as en Guinea Bissau. Esfuerzo, compromiso y solidaridad.\" \/>\n<meta property=\"og:url\" content=\"https:\/\/ongamic.org\/es\/como-trabajamos\/\" \/>\n<meta property=\"og:site_name\" content=\"Amic ONG\" \/>\n<meta property=\"article:modified_time\" content=\"2026-04-20T07:31:53+00:00\" \/>\n<meta property=\"og:image\" content=\"https:\/\/ongamic.org\/wp-content\/uploads\/2015\/04\/com-treballem.png\" \/>\n\t<meta property=\"og:image:width\" content=\"1021\" \/>\n\t<meta property=\"og:image:height\" content=\"681\" \/>\n\t<meta property=\"og:image:type\" content=\"image\/png\" \/>\n<meta name=\"twitter:card\" content=\"summary_large_image\" \/>\n<meta name=\"twitter:label1\" content=\"Tiempo de lectura\" \/>\n\t<meta name=\"twitter:data1\" content=\"2 minutos\" \/>\n<script type=\"application\/ld+json\" class=\"yoast-schema-graph\">{\"@context\":\"https:\\\/\\\/schema.org\",\"@graph\":[{\"@type\":\"WebPage\",\"@id\":\"https:\\\/\\\/ongamic.org\\\/es\\\/como-trabajamos\\\/\",\"url\":\"https:\\\/\\\/ongamic.org\\\/es\\\/como-trabajamos\\\/\",\"name\":\"C\u00f3mo trabajamos - Amic ONG\",\"isPartOf\":{\"@id\":\"https:\\\/\\\/ongamic.org\\\/#website\"},\"primaryImageOfPage\":{\"@id\":\"https:\\\/\\\/ongamic.org\\\/es\\\/como-trabajamos\\\/#primaryimage\"},\"image\":{\"@id\":\"https:\\\/\\\/ongamic.org\\\/es\\\/como-trabajamos\\\/#primaryimage\"},\"thumbnailUrl\":\"https:\\\/\\\/ongamic.org\\\/wp-content\\\/uploads\\\/2015\\\/04\\\/com-treballem.png\",\"datePublished\":\"2015-04-12T09:32:32+00:00\",\"dateModified\":\"2026-04-20T07:31:53+00:00\",\"description\":\"Descubre como trabajamos para mejorar la calidad de vida de ni\u00f1os y ni\u00f1as en Guinea Bissau. Esfuerzo, compromiso y solidaridad.\",\"breadcrumb\":{\"@id\":\"https:\\\/\\\/ongamic.org\\\/es\\\/como-trabajamos\\\/#breadcrumb\"},\"inLanguage\":\"es\",\"potentialAction\":[{\"@type\":\"ReadAction\",\"target\":[\"https:\\\/\\\/ongamic.org\\\/es\\\/como-trabajamos\\\/\"]}]},{\"@type\":\"ImageObject\",\"inLanguage\":\"es\",\"@id\":\"https:\\\/\\\/ongamic.org\\\/es\\\/como-trabajamos\\\/#primaryimage\",\"url\":\"https:\\\/\\\/ongamic.org\\\/wp-content\\\/uploads\\\/2015\\\/04\\\/com-treballem.png\",\"contentUrl\":\"https:\\\/\\\/ongamic.org\\\/wp-content\\\/uploads\\\/2015\\\/04\\\/com-treballem.png\",\"width\":1021,\"height\":681},{\"@type\":\"BreadcrumbList\",\"@id\":\"https:\\\/\\\/ongamic.org\\\/es\\\/como-trabajamos\\\/#breadcrumb\",\"itemListElement\":[{\"@type\":\"ListItem\",\"position\":1,\"name\":\"Inici\",\"item\":\"https:\\\/\\\/ongamic.org\\\/es\\\/\"},{\"@type\":\"ListItem\",\"position\":2,\"name\":\"C\u00f3mo trabajamos\"}]},{\"@type\":\"WebSite\",\"@id\":\"https:\\\/\\\/ongamic.org\\\/#website\",\"url\":\"https:\\\/\\\/ongamic.org\\\/\",\"name\":\"ONG AMIC\",\"description\":\"ONG que treballa a Guinea Bissau\",\"publisher\":{\"@id\":\"https:\\\/\\\/ongamic.org\\\/#organization\"},\"potentialAction\":[{\"@type\":\"SearchAction\",\"target\":{\"@type\":\"EntryPoint\",\"urlTemplate\":\"https:\\\/\\\/ongamic.org\\\/?s={search_term_string}\"},\"query-input\":{\"@type\":\"PropertyValueSpecification\",\"valueRequired\":true,\"valueName\":\"search_term_string\"}}],\"inLanguage\":\"es\"},{\"@type\":\"Organization\",\"@id\":\"https:\\\/\\\/ongamic.org\\\/#organization\",\"name\":\"ONG AMIC\",\"url\":\"https:\\\/\\\/ongamic.org\\\/\",\"logo\":{\"@type\":\"ImageObject\",\"inLanguage\":\"es\",\"@id\":\"https:\\\/\\\/ongamic.org\\\/#\\\/schema\\\/logo\\\/image\\\/\",\"url\":\"https:\\\/\\\/ongamic.org\\\/wp-content\\\/uploads\\\/2023\\\/01\\\/logo-amic-per-adhesiu.png\",\"contentUrl\":\"https:\\\/\\\/ongamic.org\\\/wp-content\\\/uploads\\\/2023\\\/01\\\/logo-amic-per-adhesiu.png\",\"width\":1033,\"height\":591,\"caption\":\"ONG AMIC\"},\"image\":{\"@id\":\"https:\\\/\\\/ongamic.org\\\/#\\\/schema\\\/logo\\\/image\\\/\"},\"sameAs\":[\"https:\\\/\\\/www.instagram.com\\\/ong_amic\\\/\"]}]}<\/script>\n<!-- \/ Yoast SEO plugin. -->","yoast_head_json":{"title":"C\u00f3mo trabajamos - Amic ONG","description":"Descubre como trabajamos para mejorar la calidad de vida de ni\u00f1os y ni\u00f1as en Guinea Bissau. Esfuerzo, compromiso y solidaridad.","robots":{"index":"index","follow":"follow","max-snippet":"max-snippet:-1","max-image-preview":"max-image-preview:large","max-video-preview":"max-video-preview:-1"},"canonical":"https:\/\/ongamic.org\/es\/como-trabajamos\/","og_locale":"es_ES","og_type":"article","og_title":"C\u00f3mo trabajamos - Amic ONG","og_description":"Descubre como trabajamos para mejorar la calidad de vida de ni\u00f1os y ni\u00f1as en Guinea Bissau. Esfuerzo, compromiso y solidaridad.","og_url":"https:\/\/ongamic.org\/es\/como-trabajamos\/","og_site_name":"Amic ONG","article_modified_time":"2026-04-20T07:31:53+00:00","og_image":[{"width":1021,"height":681,"url":"https:\/\/ongamic.org\/wp-content\/uploads\/2015\/04\/com-treballem.png","type":"image\/png"}],"twitter_card":"summary_large_image","twitter_misc":{"Tiempo de lectura":"2 minutos"},"schema":{"@context":"https:\/\/schema.org","@graph":[{"@type":"WebPage","@id":"https:\/\/ongamic.org\/es\/como-trabajamos\/","url":"https:\/\/ongamic.org\/es\/como-trabajamos\/","name":"C\u00f3mo trabajamos - Amic ONG","isPartOf":{"@id":"https:\/\/ongamic.org\/#website"},"primaryImageOfPage":{"@id":"https:\/\/ongamic.org\/es\/como-trabajamos\/#primaryimage"},"image":{"@id":"https:\/\/ongamic.org\/es\/como-trabajamos\/#primaryimage"},"thumbnailUrl":"https:\/\/ongamic.org\/wp-content\/uploads\/2015\/04\/com-treballem.png","datePublished":"2015-04-12T09:32:32+00:00","dateModified":"2026-04-20T07:31:53+00:00","description":"Descubre como trabajamos para mejorar la calidad de vida de ni\u00f1os y ni\u00f1as en Guinea Bissau. Esfuerzo, compromiso y solidaridad.","breadcrumb":{"@id":"https:\/\/ongamic.org\/es\/como-trabajamos\/#breadcrumb"},"inLanguage":"es","potentialAction":[{"@type":"ReadAction","target":["https:\/\/ongamic.org\/es\/como-trabajamos\/"]}]},{"@type":"ImageObject","inLanguage":"es","@id":"https:\/\/ongamic.org\/es\/como-trabajamos\/#primaryimage","url":"https:\/\/ongamic.org\/wp-content\/uploads\/2015\/04\/com-treballem.png","contentUrl":"https:\/\/ongamic.org\/wp-content\/uploads\/2015\/04\/com-treballem.png","width":1021,"height":681},{"@type":"BreadcrumbList","@id":"https:\/\/ongamic.org\/es\/como-trabajamos\/#breadcrumb","itemListElement":[{"@type":"ListItem","position":1,"name":"Inici","item":"https:\/\/ongamic.org\/es\/"},{"@type":"ListItem","position":2,"name":"C\u00f3mo trabajamos"}]},{"@type":"WebSite","@id":"https:\/\/ongamic.org\/#website","url":"https:\/\/ongamic.org\/","name":"ONG AMIC","description":"ONG que treballa a Guinea Bissau","publisher":{"@id":"https:\/\/ongamic.org\/#organization"},"potentialAction":[{"@type":"SearchAction","target":{"@type":"EntryPoint","urlTemplate":"https:\/\/ongamic.org\/?s={search_term_string}"},"query-input":{"@type":"PropertyValueSpecification","valueRequired":true,"valueName":"search_term_string"}}],"inLanguage":"es"},{"@type":"Organization","@id":"https:\/\/ongamic.org\/#organization","name":"ONG AMIC","url":"https:\/\/ongamic.org\/","logo":{"@type":"ImageObject","inLanguage":"es","@id":"https:\/\/ongamic.org\/#\/schema\/logo\/image\/","url":"https:\/\/ongamic.org\/wp-content\/uploads\/2023\/01\/logo-amic-per-adhesiu.png","contentUrl":"https:\/\/ongamic.org\/wp-content\/uploads\/2023\/01\/logo-amic-per-adhesiu.png","width":1033,"height":591,"caption":"ONG AMIC"},"image":{"@id":"https:\/\/ongamic.org\/#\/schema\/logo\/image\/"},"sameAs":["https:\/\/www.instagram.com\/ong_amic\/"]}]}},"_links":{"self":[{"href":"https:\/\/ongamic.org\/es\/wp-json\/wp\/v2\/pages\/228","targetHints":{"allow":["GET"]}}],"collection":[{"href":"https:\/\/ongamic.org\/es\/wp-json\/wp\/v2\/pages"}],"about":[{"href":"https:\/\/ongamic.org\/es\/wp-json\/wp\/v2\/types\/page"}],"author":[{"embeddable":true,"href":"https:\/\/ongamic.org\/es\/wp-json\/wp\/v2\/users\/1"}],"replies":[{"embeddable":true,"href":"https:\/\/ongamic.org\/es\/wp-json\/wp\/v2\/comments?post=228"}],"version-history":[{"count":1,"href":"https:\/\/ongamic.org\/es\/wp-json\/wp\/v2\/pages\/228\/revisions"}],"predecessor-version":[{"id":22178,"href":"https:\/\/ongamic.org\/es\/wp-json\/wp\/v2\/pages\/228\/revisions\/22178"}],"wp:featuredmedia":[{"embeddable":true,"href":"https:\/\/ongamic.org\/es\/wp-json\/wp\/v2\/media\/229"}],"wp:attachment":[{"href":"https:\/\/ongamic.org\/es\/wp-json\/wp\/v2\/media?parent=228"}],"curies":[{"name":"wp","href":"https:\/\/api.w.org\/{rel}","templated":true}]}}