{"id":46,"date":"2015-04-12T09:34:08","date_gmt":"2015-04-12T09:34:08","guid":{"rendered":"https:\/\/ongamic.org\/?page_id=46"},"modified":"2025-10-13T07:22:35","modified_gmt":"2025-10-13T07:22:35","slug":"guinea-bissau","status":"publish","type":"page","link":"https:\/\/ongamic.org\/es\/guinea-bissau\/","title":{"rendered":"Guinea Bissau"},"content":{"rendered":"<div>[custom_headline type=\u00bbcenter\u00bb level=\u00bbh1&#8243; looks_like=\u00bbh1&#8243; accent=\u00bbtrue\u00bb] Guinea Bissau [\/custom_headline]<\/div>\n<div><\/div>\n<div>La Rep\u00fablica de Guinea-Bissau es un estado del \u00c1frica Occidental que limita al norte con Senegal y Guinea-Conakry al este y al sur. Al oeste y al sudoeste, se abre al Oc\u00e9ano Atl\u00e1ntico. Adem\u00e1s de su territorio continental. Guinea-Bissau incluye unas sesenta islas del litoral, entre las cuales destaca el archipi\u00e9lago de Bisagos. En total tiene una superficie de unos 36.125 kil\u00f3metros cuadrados, poblada por 1.606.311 habitantes. Su capital, situada en la costa, es Bissau. Y como ciudades importantes tambi\u00e9n destacan Bafat\u00e1 (con 13.429 habitantes) y Gab\u00fa (con 7.803 habitantes). La poblaci\u00f3n urbana tan solo representa el 23% de la poblaci\u00f3n total. Su clima es tropical, generalmente caluroso y h\u00famedo (con una temperatura media de 25\u00ba C). Tienen una estaci\u00f3n lluviosa, que abarca de junio a noviembre, y otra seca, de diciembre a mayo.Guinea-Bissau es un estado dividido en 9 regiones, donde conviven distintas etnias: Balanta (27 %), Fula (23%), Mandinga (13%), Manjaca (11%), Papel (10 %), Beafada (3%), Mancanha (3%), Bijago (2,5 %), entre otras m\u00e1s minoritarias.<\/div>\n<div><\/div>\n<div><strong>POL\u00cdTICA Y ECONOM\u00cdA<\/strong><br \/>\nEste es un pa\u00eds que se ha caracterizado por los frecuentes ciclos de guerras civiles, golpes de estado y d\u00e9biles estructuras gubernamentales, desde que logr\u00f3 su independencia de Portugal en 1974. El exiguo progreso logrado durante la d\u00e9cada de los 90 se reverti\u00f3 fuertemente por la guerra del 98 y por el golpe de Estado en 2003. Como consecuencia, las condiciones de vida empeoraron mucho m\u00e1s en un pa\u00eds ya muy pobre, destruyendo el sistema sanitario p\u00fablico, la industria, los campos de cultivo, las infraestructuras tanto el\u00e9ctricas como de agua potable&#8230; Actualmente, la situaci\u00f3n no ha mejorado mucho, un golpe de estado en abril de 2012, obligaron a retirar buena parte de la ayuda exterior que recib\u00eda el pa\u00eds. Las elecciones democr\u00e1ticas de 2014, le han dado cierta estabilidad.<\/div>\n<div><\/div>\n<div><strong>DESARROLLO<\/strong><br \/>\nDe acuerdo con el Programa de las Naciones Unidas para el Desarrollo (PNUD), Guinea-Bissau est\u00e1 dentro de los 5 pa\u00edses menos desarrollados del mundo, de bajo rendimiento econ\u00f3mico y alimentaci\u00f3n precaria. La pobreza predomina en el \u00e1rea rural: casi el 80% de la poblaci\u00f3n est\u00e1 conformada por campesinos de escasos recursos. Todas las regiones del pa\u00eds son deficitarias en cuanto a alimentaci\u00f3n y servicios b\u00e1sicos se refiere (agua, electricidad, sanidad, escolarizaci\u00f3n, etc.).El 82% de la poblaci\u00f3n activa trabaja en agricultura, generalmente las tierras agr\u00edcolas de subsistencia dependen completamente de la lluvia y son principalmente las mujeres quienes se ocupan del abastecimiento familiar.<\/div>\n<div><\/div>\n<div><strong>SALUD Y NUTRICI\u00d3N<\/strong><br \/>\nLos indicadores de mortalidad se sit\u00faan entre los m\u00e1s elevados del \u00c1frica y del mundo con una tasa de mortalidad infantil de 97 beb\u00e9s fallecidos por cada 1000 nacidos (que le sit\u00faa entre los 10 pa\u00edses del mundo con una mayor mortalidad infantil) y una mortalidad materna de 1000 mujeres que perecen por cada 100 mil beb\u00e9s nacidos vivos (es el 4\u00ba pa\u00eds de 172 con un \u00edndice de mortalidad maternal m\u00e1s alto del planeta).<\/div>\n<div><\/div>\n<div><strong>EDUCACI\u00d3N<\/strong><br \/>\nEl sistema de ense\u00f1anza primaria est\u00e1 en una crisis profunda. Las estad\u00edsticas del Ministerio de Educaci\u00f3n se\u00f1alan que apenas el 47% de los ni\u00f1os y ni\u00f1as matriculados completaron el ciclo primario. La situaci\u00f3n en secundaria es mucho peor, sobre todo para las ni\u00f1as. Todo ello da unos \u00edndices de alfabetizaci\u00f3n alarmantes: el 73 % de las mujeres y el 58 % de los hombres mayores de 15 a\u00f1os son analfabetos.<\/div>\n","protected":false},"excerpt":{"rendered":"<p>[custom_headline type=\u00bbcenter\u00bb level=\u00bbh1&#8243; looks_like=\u00bbh1&#8243; accent=\u00bbtrue\u00bb] Guinea Bissau [\/custom_headline] La Rep\u00fablica de Guinea-Bissau es un estado del \u00c1frica Occidental que limita al norte con Senegal y Guinea-Conakry al este y al sur. Al oeste y al sudoeste, se abre al Oc\u00e9ano Atl\u00e1ntico. Adem\u00e1s de su territorio continental. Guinea-Bissau incluye unas sesenta islas del litoral, entre las&#8230;<\/p>\n","protected":false},"author":1,"featured_media":123,"parent":0,"menu_order":0,"comment_status":"closed","ping_status":"open","template":"","meta":{"_joinchat":[],"footnotes":""},"class_list":["post-46","page","type-page","status-publish","has-post-thumbnail","hentry"],"yoast_head":"<!-- This site is optimized with the Yoast SEO plugin v27.3 - https:\/\/yoast.com\/product\/yoast-seo-wordpress\/ -->\n<title>Guinea Bissau - Amic ONG<\/title>\n<meta name=\"description\" content=\"Conoce con profundidad el por qu\u00e9 trabajamos en Guinea Bissau y las condiciones del pa\u00eds d\u00f3nde volcamos toda nuestra ayuda y solidaridad.\" \/>\n<meta name=\"robots\" content=\"index, follow, max-snippet:-1, max-image-preview:large, max-video-preview:-1\" \/>\n<link rel=\"canonical\" href=\"https:\/\/ongamic.org\/es\/guinea-bissau\/\" \/>\n<meta property=\"og:locale\" content=\"es_ES\" \/>\n<meta property=\"og:type\" content=\"article\" \/>\n<meta property=\"og:title\" content=\"Guinea Bissau - Amic ONG\" \/>\n<meta property=\"og:description\" content=\"Conoce con profundidad el por qu\u00e9 trabajamos en Guinea Bissau y las condiciones del pa\u00eds d\u00f3nde volcamos toda nuestra ayuda y solidaridad.\" \/>\n<meta property=\"og:url\" content=\"https:\/\/ongamic.org\/es\/guinea-bissau\/\" \/>\n<meta property=\"og:site_name\" content=\"Amic ONG\" \/>\n<meta property=\"article:modified_time\" content=\"2025-10-13T07:22:35+00:00\" \/>\n<meta property=\"og:image\" content=\"https:\/\/ongamic.org\/wp-content\/uploads\/2015\/04\/Captura-de-pantalla-2015-04-24-a-las-13.08.31.png\" \/>\n\t<meta property=\"og:image:width\" content=\"1028\" \/>\n\t<meta property=\"og:image:height\" content=\"686\" \/>\n\t<meta property=\"og:image:type\" content=\"image\/png\" \/>\n<meta name=\"twitter:card\" content=\"summary_large_image\" \/>\n<meta name=\"twitter:label1\" content=\"Tiempo de lectura\" \/>\n\t<meta name=\"twitter:data1\" content=\"4 minutos\" \/>\n<script type=\"application\/ld+json\" class=\"yoast-schema-graph\">{\"@context\":\"https:\\\/\\\/schema.org\",\"@graph\":[{\"@type\":\"WebPage\",\"@id\":\"https:\\\/\\\/ongamic.org\\\/es\\\/guinea-bissau\\\/\",\"url\":\"https:\\\/\\\/ongamic.org\\\/es\\\/guinea-bissau\\\/\",\"name\":\"Guinea Bissau - Amic ONG\",\"isPartOf\":{\"@id\":\"https:\\\/\\\/ongamic.org\\\/#website\"},\"primaryImageOfPage\":{\"@id\":\"https:\\\/\\\/ongamic.org\\\/es\\\/guinea-bissau\\\/#primaryimage\"},\"image\":{\"@id\":\"https:\\\/\\\/ongamic.org\\\/es\\\/guinea-bissau\\\/#primaryimage\"},\"thumbnailUrl\":\"https:\\\/\\\/ongamic.org\\\/wp-content\\\/uploads\\\/2015\\\/04\\\/Captura-de-pantalla-2015-04-24-a-las-13.08.31.png\",\"datePublished\":\"2015-04-12T09:34:08+00:00\",\"dateModified\":\"2025-10-13T07:22:35+00:00\",\"description\":\"Conoce con profundidad el por qu\u00e9 trabajamos en Guinea Bissau y las condiciones del pa\u00eds d\u00f3nde volcamos toda nuestra ayuda y solidaridad.\",\"breadcrumb\":{\"@id\":\"https:\\\/\\\/ongamic.org\\\/es\\\/guinea-bissau\\\/#breadcrumb\"},\"inLanguage\":\"es\",\"potentialAction\":[{\"@type\":\"ReadAction\",\"target\":[\"https:\\\/\\\/ongamic.org\\\/es\\\/guinea-bissau\\\/\"]}]},{\"@type\":\"ImageObject\",\"inLanguage\":\"es\",\"@id\":\"https:\\\/\\\/ongamic.org\\\/es\\\/guinea-bissau\\\/#primaryimage\",\"url\":\"https:\\\/\\\/ongamic.org\\\/wp-content\\\/uploads\\\/2015\\\/04\\\/Captura-de-pantalla-2015-04-24-a-las-13.08.31.png\",\"contentUrl\":\"https:\\\/\\\/ongamic.org\\\/wp-content\\\/uploads\\\/2015\\\/04\\\/Captura-de-pantalla-2015-04-24-a-las-13.08.31.png\",\"width\":1028,\"height\":686},{\"@type\":\"BreadcrumbList\",\"@id\":\"https:\\\/\\\/ongamic.org\\\/es\\\/guinea-bissau\\\/#breadcrumb\",\"itemListElement\":[{\"@type\":\"ListItem\",\"position\":1,\"name\":\"Inici\",\"item\":\"https:\\\/\\\/ongamic.org\\\/es\\\/\"},{\"@type\":\"ListItem\",\"position\":2,\"name\":\"Guinea Bissau\"}]},{\"@type\":\"WebSite\",\"@id\":\"https:\\\/\\\/ongamic.org\\\/#website\",\"url\":\"https:\\\/\\\/ongamic.org\\\/\",\"name\":\"ONG AMIC\",\"description\":\"ONG que treballa a Guinea Bissau\",\"publisher\":{\"@id\":\"https:\\\/\\\/ongamic.org\\\/#organization\"},\"potentialAction\":[{\"@type\":\"SearchAction\",\"target\":{\"@type\":\"EntryPoint\",\"urlTemplate\":\"https:\\\/\\\/ongamic.org\\\/?s={search_term_string}\"},\"query-input\":{\"@type\":\"PropertyValueSpecification\",\"valueRequired\":true,\"valueName\":\"search_term_string\"}}],\"inLanguage\":\"es\"},{\"@type\":\"Organization\",\"@id\":\"https:\\\/\\\/ongamic.org\\\/#organization\",\"name\":\"ONG AMIC\",\"url\":\"https:\\\/\\\/ongamic.org\\\/\",\"logo\":{\"@type\":\"ImageObject\",\"inLanguage\":\"es\",\"@id\":\"https:\\\/\\\/ongamic.org\\\/#\\\/schema\\\/logo\\\/image\\\/\",\"url\":\"https:\\\/\\\/ongamic.org\\\/wp-content\\\/uploads\\\/2023\\\/01\\\/logo-amic-per-adhesiu.png\",\"contentUrl\":\"https:\\\/\\\/ongamic.org\\\/wp-content\\\/uploads\\\/2023\\\/01\\\/logo-amic-per-adhesiu.png\",\"width\":1033,\"height\":591,\"caption\":\"ONG AMIC\"},\"image\":{\"@id\":\"https:\\\/\\\/ongamic.org\\\/#\\\/schema\\\/logo\\\/image\\\/\"},\"sameAs\":[\"https:\\\/\\\/www.instagram.com\\\/ong_amic\\\/\"]}]}<\/script>\n<!-- \/ Yoast SEO plugin. -->","yoast_head_json":{"title":"Guinea Bissau - Amic ONG","description":"Conoce con profundidad el por qu\u00e9 trabajamos en Guinea Bissau y las condiciones del pa\u00eds d\u00f3nde volcamos toda nuestra ayuda y solidaridad.","robots":{"index":"index","follow":"follow","max-snippet":"max-snippet:-1","max-image-preview":"max-image-preview:large","max-video-preview":"max-video-preview:-1"},"canonical":"https:\/\/ongamic.org\/es\/guinea-bissau\/","og_locale":"es_ES","og_type":"article","og_title":"Guinea Bissau - Amic ONG","og_description":"Conoce con profundidad el por qu\u00e9 trabajamos en Guinea Bissau y las condiciones del pa\u00eds d\u00f3nde volcamos toda nuestra ayuda y solidaridad.","og_url":"https:\/\/ongamic.org\/es\/guinea-bissau\/","og_site_name":"Amic ONG","article_modified_time":"2025-10-13T07:22:35+00:00","og_image":[{"width":1028,"height":686,"url":"https:\/\/ongamic.org\/wp-content\/uploads\/2015\/04\/Captura-de-pantalla-2015-04-24-a-las-13.08.31.png","type":"image\/png"}],"twitter_card":"summary_large_image","twitter_misc":{"Tiempo de lectura":"4 minutos"},"schema":{"@context":"https:\/\/schema.org","@graph":[{"@type":"WebPage","@id":"https:\/\/ongamic.org\/es\/guinea-bissau\/","url":"https:\/\/ongamic.org\/es\/guinea-bissau\/","name":"Guinea Bissau - Amic ONG","isPartOf":{"@id":"https:\/\/ongamic.org\/#website"},"primaryImageOfPage":{"@id":"https:\/\/ongamic.org\/es\/guinea-bissau\/#primaryimage"},"image":{"@id":"https:\/\/ongamic.org\/es\/guinea-bissau\/#primaryimage"},"thumbnailUrl":"https:\/\/ongamic.org\/wp-content\/uploads\/2015\/04\/Captura-de-pantalla-2015-04-24-a-las-13.08.31.png","datePublished":"2015-04-12T09:34:08+00:00","dateModified":"2025-10-13T07:22:35+00:00","description":"Conoce con profundidad el por qu\u00e9 trabajamos en Guinea Bissau y las condiciones del pa\u00eds d\u00f3nde volcamos toda nuestra ayuda y solidaridad.","breadcrumb":{"@id":"https:\/\/ongamic.org\/es\/guinea-bissau\/#breadcrumb"},"inLanguage":"es","potentialAction":[{"@type":"ReadAction","target":["https:\/\/ongamic.org\/es\/guinea-bissau\/"]}]},{"@type":"ImageObject","inLanguage":"es","@id":"https:\/\/ongamic.org\/es\/guinea-bissau\/#primaryimage","url":"https:\/\/ongamic.org\/wp-content\/uploads\/2015\/04\/Captura-de-pantalla-2015-04-24-a-las-13.08.31.png","contentUrl":"https:\/\/ongamic.org\/wp-content\/uploads\/2015\/04\/Captura-de-pantalla-2015-04-24-a-las-13.08.31.png","width":1028,"height":686},{"@type":"BreadcrumbList","@id":"https:\/\/ongamic.org\/es\/guinea-bissau\/#breadcrumb","itemListElement":[{"@type":"ListItem","position":1,"name":"Inici","item":"https:\/\/ongamic.org\/es\/"},{"@type":"ListItem","position":2,"name":"Guinea Bissau"}]},{"@type":"WebSite","@id":"https:\/\/ongamic.org\/#website","url":"https:\/\/ongamic.org\/","name":"ONG AMIC","description":"ONG que treballa a Guinea Bissau","publisher":{"@id":"https:\/\/ongamic.org\/#organization"},"potentialAction":[{"@type":"SearchAction","target":{"@type":"EntryPoint","urlTemplate":"https:\/\/ongamic.org\/?s={search_term_string}"},"query-input":{"@type":"PropertyValueSpecification","valueRequired":true,"valueName":"search_term_string"}}],"inLanguage":"es"},{"@type":"Organization","@id":"https:\/\/ongamic.org\/#organization","name":"ONG AMIC","url":"https:\/\/ongamic.org\/","logo":{"@type":"ImageObject","inLanguage":"es","@id":"https:\/\/ongamic.org\/#\/schema\/logo\/image\/","url":"https:\/\/ongamic.org\/wp-content\/uploads\/2023\/01\/logo-amic-per-adhesiu.png","contentUrl":"https:\/\/ongamic.org\/wp-content\/uploads\/2023\/01\/logo-amic-per-adhesiu.png","width":1033,"height":591,"caption":"ONG AMIC"},"image":{"@id":"https:\/\/ongamic.org\/#\/schema\/logo\/image\/"},"sameAs":["https:\/\/www.instagram.com\/ong_amic\/"]}]}},"_links":{"self":[{"href":"https:\/\/ongamic.org\/es\/wp-json\/wp\/v2\/pages\/46","targetHints":{"allow":["GET"]}}],"collection":[{"href":"https:\/\/ongamic.org\/es\/wp-json\/wp\/v2\/pages"}],"about":[{"href":"https:\/\/ongamic.org\/es\/wp-json\/wp\/v2\/types\/page"}],"author":[{"embeddable":true,"href":"https:\/\/ongamic.org\/es\/wp-json\/wp\/v2\/users\/1"}],"replies":[{"embeddable":true,"href":"https:\/\/ongamic.org\/es\/wp-json\/wp\/v2\/comments?post=46"}],"version-history":[{"count":0,"href":"https:\/\/ongamic.org\/es\/wp-json\/wp\/v2\/pages\/46\/revisions"}],"wp:featuredmedia":[{"embeddable":true,"href":"https:\/\/ongamic.org\/es\/wp-json\/wp\/v2\/media\/123"}],"wp:attachment":[{"href":"https:\/\/ongamic.org\/es\/wp-json\/wp\/v2\/media?parent=46"}],"curies":[{"name":"wp","href":"https:\/\/api.w.org\/{rel}","templated":true}]}}