{"id":948,"date":"2018-06-01T10:10:35","date_gmt":"2018-06-01T10:10:35","guid":{"rendered":"https:\/\/ongamic.org\/es\/politica-de-galetes\/"},"modified":"2026-03-31T11:48:39","modified_gmt":"2026-03-31T11:48:39","slug":"politica-de-cookies","status":"publish","type":"page","link":"https:\/\/ongamic.org\/es\/politica-de-cookies\/","title":{"rendered":"Pol\u00edtica de cookies"},"content":{"rendered":"<p>Definici\u00f3n y funci\u00f3n de las cookies.<\/p>\n<p>Una cookie es un fichero que se descarga en su ordenador\/tablet\/smartphone al acceder a determinadas p\u00e1ginas web. Las cookies permiten a una p\u00e1gina web, entre otras cosas, almacenar y recuperar informaci\u00f3n sobre los h\u00e1bitos de navegaci\u00f3n de un usuario o de su equipo.<\/p>\n<p>Cookies que utilizamos.<\/p>\n<p>Cookies t\u00e9cnicas:<\/p>\n<p>Son aquellas que permiten gestionar la sesi\u00f3n, el registro y solicitud de informaci\u00f3n desde los diferentes formularios de la aplicaci\u00f3n, controlar la comunicaci\u00f3n de dato y la utilizaci\u00f3n de los servicios. Su finalidad es la de prestar los servicios solicitados por el usuario de acuerdos con los t\u00e9rminos de la pol\u00edtica de cookies y la normativa.<\/p>\n<p>Cookies de an\u00e1lisis:<\/p>\n<p>Son aqu\u00e9llas que tratadas por nosotros o por terceros (Google Analytics, Adobe Analytics u otros), nos permiten cuantificar el n\u00famero de visitas a p\u00e1ginas y secciones, sitios visitados previamente, navegadores utilizados y tiempo de navegaci\u00f3n. La finalidad es la elaboraci\u00f3n de informes estad\u00edsticos sobre el tr\u00e1fico en el sitio web y la usabilidad del mismo.<\/p>\n<p>Cookies de configuraci\u00f3n:<\/p>\n<p>Son aquellas que permiten adaptar al usuarios funciones de la web como el idioma, la presentaci\u00f3n de contenidos. La finalidad es mejorar y adecuar el uso al perfil de cada usuario.<\/p>\n<p>Cookies publicitarias:<\/p>\n<p>Son aqu\u00e9llas que nos permiten gestionar las preferencias del usuario, la interacci\u00f3n con el sitio web, la localizaci\u00f3n geogr\u00e1fica, las p\u00e1ginas visitadas, inter\u00e9s sobre productos, sistema operativo, IP, y tipo de navegador. Su finalidad es la de poder personalizar la acciones publicitarias a cada usuario.<\/p>\n<p>Administraci\u00f3n de las cookies<\/p>\n<p>En cualquier momento el usuario puede desactivar, eliminar o bloquear las cookies que se hayan instalado anteriormente utilizando los par\u00e1metros de configuraci\u00f3n de su navegador.<\/p>\n<p>Los navegadores m\u00e1s utilizados como: Internet Explorer, Google Chrome, Mozilla Firefox y Safari permiten desactivar, bloquear o eliminar las cookies. Encontrar\u00e1 informaci\u00f3n en la documentaci\u00f3n de cada uno de ellos.<\/p>\n<p>Chrome, desde http:\/\/support.google.com\/chrome\/bin\/answer.py?hl=es&amp;answer=95647<br \/>\nExplorer, desde http:\/\/windows.microsoft.com\/es-es\/windows7\/how-to-manage-cookies-in-internet-explorer-9<br \/>\nFirefox, desde http:\/\/support.mozilla.org\/es\/kb\/habilitar-y-deshabilitar-cookies-que-los-sitios-we<br \/>\nSafari, desde http:\/\/support.apple.com\/kb\/ph5042<br \/>\nONG AMIC no se hace responsable de la pol\u00edtica de privacidad de terceros, ni de los posibles cambios en las funcionalidades ni documentaci\u00f3n de los link incluidos a la informaci\u00f3n de los navegadores.<\/p>\n<p>Si usted como usuario tiene cualquier duda sobre la informaci\u00f3n que aqu\u00ed le facilitamos puede dirigirse a: info@ongamic.org<\/p>\n","protected":false},"excerpt":{"rendered":"<p>Definici\u00f3n y funci\u00f3n de las cookies. Una cookie es un fichero que se descarga en su ordenador\/tablet\/smartphone al acceder a determinadas p\u00e1ginas web. Las cookies permiten a una p\u00e1gina web, entre otras cosas, almacenar y recuperar informaci\u00f3n sobre los h\u00e1bitos de navegaci\u00f3n de un usuario o de su equipo. Cookies que utilizamos. Cookies t\u00e9cnicas: Son&#8230;<\/p>\n","protected":false},"author":2,"featured_media":0,"parent":0,"menu_order":0,"comment_status":"closed","ping_status":"closed","template":"","meta":{"_joinchat":[],"footnotes":""},"class_list":["post-948","page","type-page","status-publish","hentry"],"yoast_head":"<!-- This site is optimized with the Yoast SEO plugin v27.3 - https:\/\/yoast.com\/product\/yoast-seo-wordpress\/ -->\n<title>Pol\u00edtica de cookies - Amic ONG<\/title>\n<meta name=\"description\" content=\"Informaci\u00f3n sobre la pol\u00edtica de cookies y su finalidad.\" \/>\n<meta name=\"robots\" content=\"noindex, nofollow\" \/>\n<meta property=\"og:locale\" content=\"es_ES\" \/>\n<meta property=\"og:type\" content=\"article\" \/>\n<meta property=\"og:title\" content=\"Pol\u00edtica de cookies - Amic ONG\" \/>\n<meta property=\"og:description\" content=\"Informaci\u00f3n sobre la pol\u00edtica de cookies y su finalidad.\" \/>\n<meta property=\"og:url\" content=\"https:\/\/ongamic.org\/es\/politica-de-cookies\/\" \/>\n<meta property=\"og:site_name\" content=\"Amic ONG\" \/>\n<meta property=\"article:modified_time\" content=\"2026-03-31T11:48:39+00:00\" \/>\n<meta name=\"twitter:card\" content=\"summary_large_image\" \/>\n<meta name=\"twitter:label1\" content=\"Tiempo de lectura\" \/>\n\t<meta name=\"twitter:data1\" content=\"3 minutos\" \/>\n<script type=\"application\/ld+json\" class=\"yoast-schema-graph\">{\"@context\":\"https:\\\/\\\/schema.org\",\"@graph\":[{\"@type\":\"WebPage\",\"@id\":\"https:\\\/\\\/ongamic.org\\\/es\\\/politica-de-cookies\\\/\",\"url\":\"https:\\\/\\\/ongamic.org\\\/es\\\/politica-de-cookies\\\/\",\"name\":\"Pol\u00edtica de cookies - Amic ONG\",\"isPartOf\":{\"@id\":\"https:\\\/\\\/ongamic.org\\\/#website\"},\"datePublished\":\"2018-06-01T10:10:35+00:00\",\"dateModified\":\"2026-03-31T11:48:39+00:00\",\"description\":\"Informaci\u00f3n sobre la pol\u00edtica de cookies y su finalidad.\",\"breadcrumb\":{\"@id\":\"https:\\\/\\\/ongamic.org\\\/es\\\/politica-de-cookies\\\/#breadcrumb\"},\"inLanguage\":\"es\",\"potentialAction\":[{\"@type\":\"ReadAction\",\"target\":[\"https:\\\/\\\/ongamic.org\\\/es\\\/politica-de-cookies\\\/\"]}]},{\"@type\":\"BreadcrumbList\",\"@id\":\"https:\\\/\\\/ongamic.org\\\/es\\\/politica-de-cookies\\\/#breadcrumb\",\"itemListElement\":[{\"@type\":\"ListItem\",\"position\":1,\"name\":\"Inici\",\"item\":\"https:\\\/\\\/ongamic.org\\\/es\\\/\"},{\"@type\":\"ListItem\",\"position\":2,\"name\":\"Pol\u00edtica de cookies\"}]},{\"@type\":\"WebSite\",\"@id\":\"https:\\\/\\\/ongamic.org\\\/#website\",\"url\":\"https:\\\/\\\/ongamic.org\\\/\",\"name\":\"ONG AMIC\",\"description\":\"ONG que treballa a Guinea Bissau\",\"publisher\":{\"@id\":\"https:\\\/\\\/ongamic.org\\\/#organization\"},\"potentialAction\":[{\"@type\":\"SearchAction\",\"target\":{\"@type\":\"EntryPoint\",\"urlTemplate\":\"https:\\\/\\\/ongamic.org\\\/?s={search_term_string}\"},\"query-input\":{\"@type\":\"PropertyValueSpecification\",\"valueRequired\":true,\"valueName\":\"search_term_string\"}}],\"inLanguage\":\"es\"},{\"@type\":\"Organization\",\"@id\":\"https:\\\/\\\/ongamic.org\\\/#organization\",\"name\":\"ONG AMIC\",\"url\":\"https:\\\/\\\/ongamic.org\\\/\",\"logo\":{\"@type\":\"ImageObject\",\"inLanguage\":\"es\",\"@id\":\"https:\\\/\\\/ongamic.org\\\/#\\\/schema\\\/logo\\\/image\\\/\",\"url\":\"https:\\\/\\\/ongamic.org\\\/wp-content\\\/uploads\\\/2023\\\/01\\\/logo-amic-per-adhesiu.png\",\"contentUrl\":\"https:\\\/\\\/ongamic.org\\\/wp-content\\\/uploads\\\/2023\\\/01\\\/logo-amic-per-adhesiu.png\",\"width\":1033,\"height\":591,\"caption\":\"ONG AMIC\"},\"image\":{\"@id\":\"https:\\\/\\\/ongamic.org\\\/#\\\/schema\\\/logo\\\/image\\\/\"},\"sameAs\":[\"https:\\\/\\\/www.instagram.com\\\/ong_amic\\\/\"]}]}<\/script>\n<!-- \/ Yoast SEO plugin. -->","yoast_head_json":{"title":"Pol\u00edtica de cookies - Amic ONG","description":"Informaci\u00f3n sobre la pol\u00edtica de cookies y su finalidad.","robots":{"index":"noindex","follow":"nofollow"},"og_locale":"es_ES","og_type":"article","og_title":"Pol\u00edtica de cookies - Amic ONG","og_description":"Informaci\u00f3n sobre la pol\u00edtica de cookies y su finalidad.","og_url":"https:\/\/ongamic.org\/es\/politica-de-cookies\/","og_site_name":"Amic ONG","article_modified_time":"2026-03-31T11:48:39+00:00","twitter_card":"summary_large_image","twitter_misc":{"Tiempo de lectura":"3 minutos"},"schema":{"@context":"https:\/\/schema.org","@graph":[{"@type":"WebPage","@id":"https:\/\/ongamic.org\/es\/politica-de-cookies\/","url":"https:\/\/ongamic.org\/es\/politica-de-cookies\/","name":"Pol\u00edtica de cookies - Amic ONG","isPartOf":{"@id":"https:\/\/ongamic.org\/#website"},"datePublished":"2018-06-01T10:10:35+00:00","dateModified":"2026-03-31T11:48:39+00:00","description":"Informaci\u00f3n sobre la pol\u00edtica de cookies y su finalidad.","breadcrumb":{"@id":"https:\/\/ongamic.org\/es\/politica-de-cookies\/#breadcrumb"},"inLanguage":"es","potentialAction":[{"@type":"ReadAction","target":["https:\/\/ongamic.org\/es\/politica-de-cookies\/"]}]},{"@type":"BreadcrumbList","@id":"https:\/\/ongamic.org\/es\/politica-de-cookies\/#breadcrumb","itemListElement":[{"@type":"ListItem","position":1,"name":"Inici","item":"https:\/\/ongamic.org\/es\/"},{"@type":"ListItem","position":2,"name":"Pol\u00edtica de cookies"}]},{"@type":"WebSite","@id":"https:\/\/ongamic.org\/#website","url":"https:\/\/ongamic.org\/","name":"ONG AMIC","description":"ONG que treballa a Guinea Bissau","publisher":{"@id":"https:\/\/ongamic.org\/#organization"},"potentialAction":[{"@type":"SearchAction","target":{"@type":"EntryPoint","urlTemplate":"https:\/\/ongamic.org\/?s={search_term_string}"},"query-input":{"@type":"PropertyValueSpecification","valueRequired":true,"valueName":"search_term_string"}}],"inLanguage":"es"},{"@type":"Organization","@id":"https:\/\/ongamic.org\/#organization","name":"ONG AMIC","url":"https:\/\/ongamic.org\/","logo":{"@type":"ImageObject","inLanguage":"es","@id":"https:\/\/ongamic.org\/#\/schema\/logo\/image\/","url":"https:\/\/ongamic.org\/wp-content\/uploads\/2023\/01\/logo-amic-per-adhesiu.png","contentUrl":"https:\/\/ongamic.org\/wp-content\/uploads\/2023\/01\/logo-amic-per-adhesiu.png","width":1033,"height":591,"caption":"ONG AMIC"},"image":{"@id":"https:\/\/ongamic.org\/#\/schema\/logo\/image\/"},"sameAs":["https:\/\/www.instagram.com\/ong_amic\/"]}]}},"_links":{"self":[{"href":"https:\/\/ongamic.org\/es\/wp-json\/wp\/v2\/pages\/948","targetHints":{"allow":["GET"]}}],"collection":[{"href":"https:\/\/ongamic.org\/es\/wp-json\/wp\/v2\/pages"}],"about":[{"href":"https:\/\/ongamic.org\/es\/wp-json\/wp\/v2\/types\/page"}],"author":[{"embeddable":true,"href":"https:\/\/ongamic.org\/es\/wp-json\/wp\/v2\/users\/2"}],"replies":[{"embeddable":true,"href":"https:\/\/ongamic.org\/es\/wp-json\/wp\/v2\/comments?post=948"}],"version-history":[{"count":0,"href":"https:\/\/ongamic.org\/es\/wp-json\/wp\/v2\/pages\/948\/revisions"}],"wp:attachment":[{"href":"https:\/\/ongamic.org\/es\/wp-json\/wp\/v2\/media?parent=948"}],"curies":[{"name":"wp","href":"https:\/\/api.w.org\/{rel}","templated":true}]}}