{"id":1526,"date":"2016-03-04T15:14:20","date_gmt":"2016-03-04T15:14:20","guid":{"rendered":"http:\/\/barista.edge-themes.com\/?post_type=product&#038;p=1526"},"modified":"2026-04-10T10:13:28","modified_gmt":"2026-04-10T10:13:28","slug":"coberts-artesanals-fusta","status":"publish","type":"product","link":"https:\/\/ongamic.org\/es\/producte\/coberts-artesanals-fusta\/","title":{"rendered":"Coberts artesanals"},"content":{"rendered":"<p>Coberts artesanals decoratius, tallats a Guinea Bissau. Conjunt de forquilla i cullera de fusta tallades a m\u00e0 en forma de granota. Tenen una funci\u00f3 decorativa, i es venen les dues peces juntes per fer la parella.<\/p>\n<p>Amb la compra d&#8217;aquesta pe\u00e7a col\u00b7labores amb els projectes educatius de l&#8217;ONG AMIC.<\/p>\n<p>Per compres o consultes, contacta&#8217;ns al 604 90 86 75 o via WhatsApp. Pagaments disponibles mitjan\u00e7ant Bizum (13192) o transfer\u00e8ncia banc\u00e0ria.<\/p>\n<div><a href=\"https:\/\/wa.me\/34604908675?text=Hola!%20Vull%20m\u00e9s%20informaci\u00f3%20sobre%20els%20vostres%20productes\" \n   target=\"_blank\" \n   rel=\"noopener noreferrer\" \n   class=\"bt-whatsapp-seo\"\n   title=\"Comprar per WhatsApp - ONG AMIC\"\n   aria-label=\"Contactar amb ONG AMIC per WhatsApp per realitzar una compra\">Comprar per WhatsApp<\/a><\/div>\n","protected":false},"excerpt":{"rendered":"<p>Coberts artesanals decoratius, tallats a Guinea Bissau. Conjunt de forquilla i cullera de fusta tallades a m\u00e0 en forma de granota. Tenen una funci\u00f3 decorativa, i es venen les dues peces juntes per fer la parella.<\/p>\n","protected":false},"featured_media":20511,"comment_status":"open","ping_status":"closed","template":"","meta":{"_joinchat":[]},"product_brand":[],"product_cat":[334],"product_tag":[298,312],"class_list":{"0":"post-1526","1":"product","2":"type-product","3":"status-publish","4":"has-post-thumbnail","6":"product_cat-artesania","7":"product_tag-natural","8":"product_tag-wood","10":"first","11":"instock","12":"shipping-taxable","13":"purchasable","14":"product-type-simple"},"yoast_head":"<!-- This site is optimized with the Yoast SEO plugin v27.3 - https:\/\/yoast.com\/product\/yoast-seo-wordpress\/ -->\n<title>Coberts artesanals - Amic ONG<\/title>\n<meta name=\"description\" content=\"Coberts artesanals decoratius, tallats a Guinea Bissau. Conjunt de forquilla i cullera de fusta en forma de granota.\" \/>\n<meta name=\"robots\" content=\"index, follow, max-snippet:-1, max-image-preview:large, max-video-preview:-1\" \/>\n<link rel=\"canonical\" href=\"https:\/\/ongamic.org\/producte\/coberts-artesanals-fusta\/\" \/>\n<meta property=\"og:locale\" content=\"es_ES\" \/>\n<meta property=\"og:type\" content=\"article\" \/>\n<meta property=\"og:title\" content=\"Coberts artesanals - Amic ONG\" \/>\n<meta property=\"og:description\" content=\"Coberts artesanals decoratius, tallats a Guinea Bissau. Conjunt de forquilla i cullera de fusta en forma de granota.\" \/>\n<meta property=\"og:url\" content=\"https:\/\/ongamic.org\/producte\/coberts-artesanals-fusta\/\" \/>\n<meta property=\"og:site_name\" content=\"Amic ONG\" \/>\n<meta property=\"article:modified_time\" content=\"2026-04-10T10:13:28+00:00\" \/>\n<meta property=\"og:image\" content=\"https:\/\/ongamic.org\/wp-content\/uploads\/2016\/03\/cubiertos-artesanos-2.jpg\" \/>\n\t<meta property=\"og:image:width\" content=\"1004\" \/>\n\t<meta property=\"og:image:height\" content=\"1419\" \/>\n\t<meta property=\"og:image:type\" content=\"image\/jpeg\" \/>\n<meta name=\"twitter:card\" content=\"summary_large_image\" \/>\n<meta name=\"twitter:label1\" content=\"Tiempo de lectura\" \/>\n\t<meta name=\"twitter:data1\" content=\"1 minuto\" \/>\n<script type=\"application\/ld+json\" class=\"yoast-schema-graph\">{\"@context\":\"https:\\\/\\\/schema.org\",\"@graph\":[{\"@type\":\"WebPage\",\"@id\":\"https:\\\/\\\/ongamic.org\\\/producte\\\/coberts-artesanals-fusta\\\/\",\"url\":\"https:\\\/\\\/ongamic.org\\\/producte\\\/coberts-artesanals-fusta\\\/\",\"name\":\"Coberts artesanals - Amic ONG\",\"isPartOf\":{\"@id\":\"https:\\\/\\\/ongamic.org\\\/#website\"},\"primaryImageOfPage\":{\"@id\":\"https:\\\/\\\/ongamic.org\\\/producte\\\/coberts-artesanals-fusta\\\/#primaryimage\"},\"image\":{\"@id\":\"https:\\\/\\\/ongamic.org\\\/producte\\\/coberts-artesanals-fusta\\\/#primaryimage\"},\"thumbnailUrl\":\"https:\\\/\\\/ongamic.org\\\/wp-content\\\/uploads\\\/2016\\\/03\\\/cubiertos-artesanos-2.jpg\",\"datePublished\":\"2016-03-04T15:14:20+00:00\",\"dateModified\":\"2026-04-10T10:13:28+00:00\",\"description\":\"Coberts artesanals decoratius, tallats a Guinea Bissau. Conjunt de forquilla i cullera de fusta en forma de granota.\",\"breadcrumb\":{\"@id\":\"https:\\\/\\\/ongamic.org\\\/producte\\\/coberts-artesanals-fusta\\\/#breadcrumb\"},\"inLanguage\":\"es\",\"potentialAction\":[{\"@type\":\"ReadAction\",\"target\":[\"https:\\\/\\\/ongamic.org\\\/producte\\\/coberts-artesanals-fusta\\\/\"]}]},{\"@type\":\"ImageObject\",\"inLanguage\":\"es\",\"@id\":\"https:\\\/\\\/ongamic.org\\\/producte\\\/coberts-artesanals-fusta\\\/#primaryimage\",\"url\":\"https:\\\/\\\/ongamic.org\\\/wp-content\\\/uploads\\\/2016\\\/03\\\/cubiertos-artesanos-2.jpg\",\"contentUrl\":\"https:\\\/\\\/ongamic.org\\\/wp-content\\\/uploads\\\/2016\\\/03\\\/cubiertos-artesanos-2.jpg\",\"width\":1004,\"height\":1419,\"caption\":\"coberts artesanals AMIC\"},{\"@type\":\"BreadcrumbList\",\"@id\":\"https:\\\/\\\/ongamic.org\\\/producte\\\/coberts-artesanals-fusta\\\/#breadcrumb\",\"itemListElement\":[{\"@type\":\"ListItem\",\"position\":1,\"name\":\"Inici\",\"item\":\"https:\\\/\\\/ongamic.org\\\/es\\\/\"},{\"@type\":\"ListItem\",\"position\":2,\"name\":\"Tienda\",\"item\":\"https:\\\/\\\/ongamic.org\\\/es\\\/tienda\\\/\"},{\"@type\":\"ListItem\",\"position\":3,\"name\":\"Coberts artesanals\"}]},{\"@type\":\"WebSite\",\"@id\":\"https:\\\/\\\/ongamic.org\\\/#website\",\"url\":\"https:\\\/\\\/ongamic.org\\\/\",\"name\":\"ONG AMIC\",\"description\":\"ONG que treballa a Guinea Bissau\",\"publisher\":{\"@id\":\"https:\\\/\\\/ongamic.org\\\/#organization\"},\"potentialAction\":[{\"@type\":\"SearchAction\",\"target\":{\"@type\":\"EntryPoint\",\"urlTemplate\":\"https:\\\/\\\/ongamic.org\\\/?s={search_term_string}\"},\"query-input\":{\"@type\":\"PropertyValueSpecification\",\"valueRequired\":true,\"valueName\":\"search_term_string\"}}],\"inLanguage\":\"es\"},{\"@type\":\"Organization\",\"@id\":\"https:\\\/\\\/ongamic.org\\\/#organization\",\"name\":\"ONG AMIC\",\"url\":\"https:\\\/\\\/ongamic.org\\\/\",\"logo\":{\"@type\":\"ImageObject\",\"inLanguage\":\"es\",\"@id\":\"https:\\\/\\\/ongamic.org\\\/#\\\/schema\\\/logo\\\/image\\\/\",\"url\":\"https:\\\/\\\/ongamic.org\\\/wp-content\\\/uploads\\\/2023\\\/01\\\/logo-amic-per-adhesiu.png\",\"contentUrl\":\"https:\\\/\\\/ongamic.org\\\/wp-content\\\/uploads\\\/2023\\\/01\\\/logo-amic-per-adhesiu.png\",\"width\":1033,\"height\":591,\"caption\":\"ONG AMIC\"},\"image\":{\"@id\":\"https:\\\/\\\/ongamic.org\\\/#\\\/schema\\\/logo\\\/image\\\/\"},\"sameAs\":[\"https:\\\/\\\/www.instagram.com\\\/ong_amic\\\/\"]}]}<\/script>\n<!-- \/ Yoast SEO plugin. -->","yoast_head_json":{"title":"Coberts artesanals - Amic ONG","description":"Coberts artesanals decoratius, tallats a Guinea Bissau. Conjunt de forquilla i cullera de fusta en forma de granota.","robots":{"index":"index","follow":"follow","max-snippet":"max-snippet:-1","max-image-preview":"max-image-preview:large","max-video-preview":"max-video-preview:-1"},"canonical":"https:\/\/ongamic.org\/producte\/coberts-artesanals-fusta\/","og_locale":"es_ES","og_type":"article","og_title":"Coberts artesanals - Amic ONG","og_description":"Coberts artesanals decoratius, tallats a Guinea Bissau. Conjunt de forquilla i cullera de fusta en forma de granota.","og_url":"https:\/\/ongamic.org\/producte\/coberts-artesanals-fusta\/","og_site_name":"Amic ONG","article_modified_time":"2026-04-10T10:13:28+00:00","og_image":[{"width":1004,"height":1419,"url":"https:\/\/ongamic.org\/wp-content\/uploads\/2016\/03\/cubiertos-artesanos-2.jpg","type":"image\/jpeg"}],"twitter_card":"summary_large_image","twitter_misc":{"Tiempo de lectura":"1 minuto"},"schema":{"@context":"https:\/\/schema.org","@graph":[{"@type":"WebPage","@id":"https:\/\/ongamic.org\/producte\/coberts-artesanals-fusta\/","url":"https:\/\/ongamic.org\/producte\/coberts-artesanals-fusta\/","name":"Coberts artesanals - Amic ONG","isPartOf":{"@id":"https:\/\/ongamic.org\/#website"},"primaryImageOfPage":{"@id":"https:\/\/ongamic.org\/producte\/coberts-artesanals-fusta\/#primaryimage"},"image":{"@id":"https:\/\/ongamic.org\/producte\/coberts-artesanals-fusta\/#primaryimage"},"thumbnailUrl":"https:\/\/ongamic.org\/wp-content\/uploads\/2016\/03\/cubiertos-artesanos-2.jpg","datePublished":"2016-03-04T15:14:20+00:00","dateModified":"2026-04-10T10:13:28+00:00","description":"Coberts artesanals decoratius, tallats a Guinea Bissau. Conjunt de forquilla i cullera de fusta en forma de granota.","breadcrumb":{"@id":"https:\/\/ongamic.org\/producte\/coberts-artesanals-fusta\/#breadcrumb"},"inLanguage":"es","potentialAction":[{"@type":"ReadAction","target":["https:\/\/ongamic.org\/producte\/coberts-artesanals-fusta\/"]}]},{"@type":"ImageObject","inLanguage":"es","@id":"https:\/\/ongamic.org\/producte\/coberts-artesanals-fusta\/#primaryimage","url":"https:\/\/ongamic.org\/wp-content\/uploads\/2016\/03\/cubiertos-artesanos-2.jpg","contentUrl":"https:\/\/ongamic.org\/wp-content\/uploads\/2016\/03\/cubiertos-artesanos-2.jpg","width":1004,"height":1419,"caption":"coberts artesanals AMIC"},{"@type":"BreadcrumbList","@id":"https:\/\/ongamic.org\/producte\/coberts-artesanals-fusta\/#breadcrumb","itemListElement":[{"@type":"ListItem","position":1,"name":"Inici","item":"https:\/\/ongamic.org\/es\/"},{"@type":"ListItem","position":2,"name":"Tienda","item":"https:\/\/ongamic.org\/es\/tienda\/"},{"@type":"ListItem","position":3,"name":"Coberts artesanals"}]},{"@type":"WebSite","@id":"https:\/\/ongamic.org\/#website","url":"https:\/\/ongamic.org\/","name":"ONG AMIC","description":"ONG que treballa a Guinea Bissau","publisher":{"@id":"https:\/\/ongamic.org\/#organization"},"potentialAction":[{"@type":"SearchAction","target":{"@type":"EntryPoint","urlTemplate":"https:\/\/ongamic.org\/?s={search_term_string}"},"query-input":{"@type":"PropertyValueSpecification","valueRequired":true,"valueName":"search_term_string"}}],"inLanguage":"es"},{"@type":"Organization","@id":"https:\/\/ongamic.org\/#organization","name":"ONG AMIC","url":"https:\/\/ongamic.org\/","logo":{"@type":"ImageObject","inLanguage":"es","@id":"https:\/\/ongamic.org\/#\/schema\/logo\/image\/","url":"https:\/\/ongamic.org\/wp-content\/uploads\/2023\/01\/logo-amic-per-adhesiu.png","contentUrl":"https:\/\/ongamic.org\/wp-content\/uploads\/2023\/01\/logo-amic-per-adhesiu.png","width":1033,"height":591,"caption":"ONG AMIC"},"image":{"@id":"https:\/\/ongamic.org\/#\/schema\/logo\/image\/"},"sameAs":["https:\/\/www.instagram.com\/ong_amic\/"]}]}},"_links":{"self":[{"href":"https:\/\/ongamic.org\/es\/wp-json\/wp\/v2\/product\/1526","targetHints":{"allow":["GET"]}}],"collection":[{"href":"https:\/\/ongamic.org\/es\/wp-json\/wp\/v2\/product"}],"about":[{"href":"https:\/\/ongamic.org\/es\/wp-json\/wp\/v2\/types\/product"}],"replies":[{"embeddable":true,"href":"https:\/\/ongamic.org\/es\/wp-json\/wp\/v2\/comments?post=1526"}],"wp:featuredmedia":[{"embeddable":true,"href":"https:\/\/ongamic.org\/es\/wp-json\/wp\/v2\/media\/20511"}],"wp:attachment":[{"href":"https:\/\/ongamic.org\/es\/wp-json\/wp\/v2\/media?parent=1526"}],"wp:term":[{"taxonomy":"product_brand","embeddable":true,"href":"https:\/\/ongamic.org\/es\/wp-json\/wp\/v2\/product_brand?post=1526"},{"taxonomy":"product_cat","embeddable":true,"href":"https:\/\/ongamic.org\/es\/wp-json\/wp\/v2\/product_cat?post=1526"},{"taxonomy":"product_tag","embeddable":true,"href":"https:\/\/ongamic.org\/es\/wp-json\/wp\/v2\/product_tag?post=1526"}],"curies":[{"name":"wp","href":"https:\/\/api.w.org\/{rel}","templated":true}]}}