{"id":20784,"date":"2023-10-09T15:39:59","date_gmt":"2023-10-09T15:39:59","guid":{"rendered":"https:\/\/ongamic.org\/?post_type=product&#038;p=20784"},"modified":"2026-04-27T07:56:12","modified_gmt":"2026-04-27T07:56:12","slug":"capsa-activitats-per-a-infants-llegendes-africanes","status":"publish","type":"product","link":"https:\/\/ongamic.org\/es\/producte\/capsa-activitats-per-a-infants-llegendes-africanes\/","title":{"rendered":"Capsa d&#8217;activitats per a infants: llegendes africanes"},"content":{"rendered":"<p>Capsa d&#8217;activitats per a infants que cont\u00e9:<\/p>\n<ul>\n<li>una targeta de mem\u00f2ria amb 7 \u00e0udiocontes explicats no llegits sobre diferents llegendes africanes (una in\u00e8dita),<\/li>\n<li>un llibret de mandales africans per pintar inspirat en les teles africanes,<\/li>\n<li>un paquet de colors,<\/li>\n<li>les receptes dels plats que apareixen en les llegendes,<\/li>\n<li>un davantal afri\u00e0 cosit pels alumnes del Taller de Costura de Bissalanca,<\/li>\n<li>el conte El nen sense Nom,<\/li>\n<li>I una capsa ben bonica i sostenible per guardar-ho tot.<\/li>\n<\/ul>\n<p>Tamb\u00e9 pots descarregar-te aquest <a href=\"https:\/\/ongamic.org\/wp-content\/uploads\/2023\/01\/Glossari-per-a-infants_compressed.pdf\">glossari<\/a> sobre les llegendes i si sou educadors <a href=\"https:\/\/ongamic.org\/wp-content\/uploads\/2023\/01\/guia-didactica-llegendes-africanes.pdf\">aquesta guia did\u00e0ctica<\/a>.<\/p>\n<p>I a m\u00e9s, col\u00b7labores durant un mes en una beca de menjador per a un infant de Guinea Bissau.<\/p>\n<p>Pots veure-ho tot en <a href=\"https:\/\/youtu.be\/1Jteksw7QUY?si=tuD4w0V6ARK5DCEl\">aquest v\u00eddeo<\/a>:<\/p>\n<p><iframe title=\"La capsa AMIC: Un viatge a l&#039;\u00c0frica amb els sentits\" width=\"1060\" height=\"596\" src=\"https:\/\/www.youtube.com\/embed\/1Jteksw7QUY?feature=oembed&#038;enablejsapi=1&#038;origin=https:\/\/ongamic.org\" frameborder=\"0\" allow=\"accelerometer; autoplay; clipboard-write; encrypted-media; gyroscope; picture-in-picture; web-share\" referrerpolicy=\"strict-origin-when-cross-origin\" allowfullscreen><\/iframe><\/p>\n<p>Per compres o consultes, contacta&#8217;ns al 604 90 86 75 o via WhatsApp. Pagaments disponibles mitjan\u00e7ant Bizum (13192) o transfer\u00e8ncia banc\u00e0ria.<\/p>\n<div><a class=\"bt-whatsapp-seo\" title=\"Comprar per WhatsApp - ONG AMIC\" href=\"https:\/\/wa.me\/34604908675?text=Hola!%20Vull%20m\u00e9s%20informaci\u00f3%20sobre%20els%20vostres%20productes\" target=\"_blank\" rel=\"noopener noreferrer\" aria-label=\"Contactar amb ONG AMIC per WhatsApp per realitzar una compra\">Comprar per WhatsApp<\/a><\/div>\n","protected":false},"excerpt":{"rendered":"<p>Capsa d&#8217;activitats per a infants amb \u00e0udiocontes de llegendes africanes i material educatiu.<\/p>\n","protected":false},"featured_media":20756,"comment_status":"closed","ping_status":"closed","template":"","meta":{"_joinchat":[]},"product_brand":[],"product_cat":[336,333],"product_tag":[343,344],"class_list":{"0":"post-20784","1":"product","2":"type-product","3":"status-publish","4":"has-post-thumbnail","6":"product_cat-cajas-educativas","7":"product_cat-cuentos-y-libros","8":"product_tag-caixes-educatives","9":"product_tag-contes-i-llibres","11":"first","12":"instock","13":"shipping-taxable","14":"purchasable","15":"product-type-simple"},"yoast_head":"<!-- This site is optimized with the Yoast SEO plugin v27.3 - https:\/\/yoast.com\/product\/yoast-seo-wordpress\/ -->\n<title>Capsa d&#039;activitats per a infants: llegendes africanes - Amic ONG<\/title>\n<meta name=\"description\" content=\"Capsa d&#039;activitats per a infants sobre llegendes africanes que contenen 7 \u00e0udiocontes i molt material per con\u00e8ixer millor \u00c0frica.\" \/>\n<meta name=\"robots\" content=\"index, follow, max-snippet:-1, max-image-preview:large, max-video-preview:-1\" \/>\n<link rel=\"canonical\" href=\"https:\/\/ongamic.org\/producte\/capsa-activitats-per-a-infants-llegendes-africanes\/\" \/>\n<meta property=\"og:locale\" content=\"es_ES\" \/>\n<meta property=\"og:type\" content=\"article\" \/>\n<meta property=\"og:title\" content=\"Capsa d&#039;activitats per a infants: llegendes africanes - Amic ONG\" \/>\n<meta property=\"og:description\" content=\"Capsa d&#039;activitats per a infants sobre llegendes africanes que contenen 7 \u00e0udiocontes i molt material per con\u00e8ixer millor \u00c0frica.\" \/>\n<meta property=\"og:url\" content=\"https:\/\/ongamic.org\/producte\/capsa-activitats-per-a-infants-llegendes-africanes\/\" \/>\n<meta property=\"og:site_name\" content=\"Amic ONG\" \/>\n<meta property=\"article:modified_time\" content=\"2026-04-27T07:56:12+00:00\" \/>\n<meta property=\"og:image\" content=\"https:\/\/ongamic.org\/wp-content\/uploads\/2023\/06\/4-scaled.jpg\" \/>\n\t<meta property=\"og:image:width\" content=\"2560\" \/>\n\t<meta property=\"og:image:height\" content=\"1637\" \/>\n\t<meta property=\"og:image:type\" content=\"image\/jpeg\" \/>\n<meta name=\"twitter:card\" content=\"summary_large_image\" \/>\n<meta name=\"twitter:label1\" content=\"Tiempo de lectura\" \/>\n\t<meta name=\"twitter:data1\" content=\"1 minuto\" \/>\n<script type=\"application\/ld+json\" class=\"yoast-schema-graph\">{\"@context\":\"https:\\\/\\\/schema.org\",\"@graph\":[{\"@type\":\"WebPage\",\"@id\":\"https:\\\/\\\/ongamic.org\\\/producte\\\/capsa-activitats-per-a-infants-llegendes-africanes\\\/\",\"url\":\"https:\\\/\\\/ongamic.org\\\/producte\\\/capsa-activitats-per-a-infants-llegendes-africanes\\\/\",\"name\":\"Capsa d'activitats per a infants: llegendes africanes - Amic ONG\",\"isPartOf\":{\"@id\":\"https:\\\/\\\/ongamic.org\\\/#website\"},\"primaryImageOfPage\":{\"@id\":\"https:\\\/\\\/ongamic.org\\\/producte\\\/capsa-activitats-per-a-infants-llegendes-africanes\\\/#primaryimage\"},\"image\":{\"@id\":\"https:\\\/\\\/ongamic.org\\\/producte\\\/capsa-activitats-per-a-infants-llegendes-africanes\\\/#primaryimage\"},\"thumbnailUrl\":\"https:\\\/\\\/ongamic.org\\\/wp-content\\\/uploads\\\/2023\\\/06\\\/4-scaled.jpg\",\"datePublished\":\"2023-10-09T15:39:59+00:00\",\"dateModified\":\"2026-04-27T07:56:12+00:00\",\"description\":\"Capsa d'activitats per a infants sobre llegendes africanes que contenen 7 \u00e0udiocontes i molt material per con\u00e8ixer millor \u00c0frica.\",\"breadcrumb\":{\"@id\":\"https:\\\/\\\/ongamic.org\\\/producte\\\/capsa-activitats-per-a-infants-llegendes-africanes\\\/#breadcrumb\"},\"inLanguage\":\"es\",\"potentialAction\":[{\"@type\":\"ReadAction\",\"target\":[\"https:\\\/\\\/ongamic.org\\\/producte\\\/capsa-activitats-per-a-infants-llegendes-africanes\\\/\"]}]},{\"@type\":\"ImageObject\",\"inLanguage\":\"es\",\"@id\":\"https:\\\/\\\/ongamic.org\\\/producte\\\/capsa-activitats-per-a-infants-llegendes-africanes\\\/#primaryimage\",\"url\":\"https:\\\/\\\/ongamic.org\\\/wp-content\\\/uploads\\\/2023\\\/06\\\/4-scaled.jpg\",\"contentUrl\":\"https:\\\/\\\/ongamic.org\\\/wp-content\\\/uploads\\\/2023\\\/06\\\/4-scaled.jpg\",\"width\":2560,\"height\":1637,\"caption\":\"Caixa educativa per a infants llegendes africanes\"},{\"@type\":\"BreadcrumbList\",\"@id\":\"https:\\\/\\\/ongamic.org\\\/producte\\\/capsa-activitats-per-a-infants-llegendes-africanes\\\/#breadcrumb\",\"itemListElement\":[{\"@type\":\"ListItem\",\"position\":1,\"name\":\"Inici\",\"item\":\"https:\\\/\\\/ongamic.org\\\/es\\\/\"},{\"@type\":\"ListItem\",\"position\":2,\"name\":\"Tienda\",\"item\":\"https:\\\/\\\/ongamic.org\\\/es\\\/tienda\\\/\"},{\"@type\":\"ListItem\",\"position\":3,\"name\":\"Capsa d&#8217;activitats per a infants: llegendes africanes\"}]},{\"@type\":\"WebSite\",\"@id\":\"https:\\\/\\\/ongamic.org\\\/#website\",\"url\":\"https:\\\/\\\/ongamic.org\\\/\",\"name\":\"ONG AMIC\",\"description\":\"ONG que treballa a Guinea Bissau\",\"publisher\":{\"@id\":\"https:\\\/\\\/ongamic.org\\\/#organization\"},\"potentialAction\":[{\"@type\":\"SearchAction\",\"target\":{\"@type\":\"EntryPoint\",\"urlTemplate\":\"https:\\\/\\\/ongamic.org\\\/?s={search_term_string}\"},\"query-input\":{\"@type\":\"PropertyValueSpecification\",\"valueRequired\":true,\"valueName\":\"search_term_string\"}}],\"inLanguage\":\"es\"},{\"@type\":\"Organization\",\"@id\":\"https:\\\/\\\/ongamic.org\\\/#organization\",\"name\":\"ONG AMIC\",\"url\":\"https:\\\/\\\/ongamic.org\\\/\",\"logo\":{\"@type\":\"ImageObject\",\"inLanguage\":\"es\",\"@id\":\"https:\\\/\\\/ongamic.org\\\/#\\\/schema\\\/logo\\\/image\\\/\",\"url\":\"https:\\\/\\\/ongamic.org\\\/wp-content\\\/uploads\\\/2023\\\/01\\\/logo-amic-per-adhesiu.png\",\"contentUrl\":\"https:\\\/\\\/ongamic.org\\\/wp-content\\\/uploads\\\/2023\\\/01\\\/logo-amic-per-adhesiu.png\",\"width\":1033,\"height\":591,\"caption\":\"ONG AMIC\"},\"image\":{\"@id\":\"https:\\\/\\\/ongamic.org\\\/#\\\/schema\\\/logo\\\/image\\\/\"},\"sameAs\":[\"https:\\\/\\\/www.instagram.com\\\/ong_amic\\\/\"]}]}<\/script>\n<!-- \/ Yoast SEO plugin. -->","yoast_head_json":{"title":"Capsa d'activitats per a infants: llegendes africanes - Amic ONG","description":"Capsa d'activitats per a infants sobre llegendes africanes que contenen 7 \u00e0udiocontes i molt material per con\u00e8ixer millor \u00c0frica.","robots":{"index":"index","follow":"follow","max-snippet":"max-snippet:-1","max-image-preview":"max-image-preview:large","max-video-preview":"max-video-preview:-1"},"canonical":"https:\/\/ongamic.org\/producte\/capsa-activitats-per-a-infants-llegendes-africanes\/","og_locale":"es_ES","og_type":"article","og_title":"Capsa d'activitats per a infants: llegendes africanes - Amic ONG","og_description":"Capsa d'activitats per a infants sobre llegendes africanes que contenen 7 \u00e0udiocontes i molt material per con\u00e8ixer millor \u00c0frica.","og_url":"https:\/\/ongamic.org\/producte\/capsa-activitats-per-a-infants-llegendes-africanes\/","og_site_name":"Amic ONG","article_modified_time":"2026-04-27T07:56:12+00:00","og_image":[{"width":2560,"height":1637,"url":"https:\/\/ongamic.org\/wp-content\/uploads\/2023\/06\/4-scaled.jpg","type":"image\/jpeg"}],"twitter_card":"summary_large_image","twitter_misc":{"Tiempo de lectura":"1 minuto"},"schema":{"@context":"https:\/\/schema.org","@graph":[{"@type":"WebPage","@id":"https:\/\/ongamic.org\/producte\/capsa-activitats-per-a-infants-llegendes-africanes\/","url":"https:\/\/ongamic.org\/producte\/capsa-activitats-per-a-infants-llegendes-africanes\/","name":"Capsa d'activitats per a infants: llegendes africanes - Amic ONG","isPartOf":{"@id":"https:\/\/ongamic.org\/#website"},"primaryImageOfPage":{"@id":"https:\/\/ongamic.org\/producte\/capsa-activitats-per-a-infants-llegendes-africanes\/#primaryimage"},"image":{"@id":"https:\/\/ongamic.org\/producte\/capsa-activitats-per-a-infants-llegendes-africanes\/#primaryimage"},"thumbnailUrl":"https:\/\/ongamic.org\/wp-content\/uploads\/2023\/06\/4-scaled.jpg","datePublished":"2023-10-09T15:39:59+00:00","dateModified":"2026-04-27T07:56:12+00:00","description":"Capsa d'activitats per a infants sobre llegendes africanes que contenen 7 \u00e0udiocontes i molt material per con\u00e8ixer millor \u00c0frica.","breadcrumb":{"@id":"https:\/\/ongamic.org\/producte\/capsa-activitats-per-a-infants-llegendes-africanes\/#breadcrumb"},"inLanguage":"es","potentialAction":[{"@type":"ReadAction","target":["https:\/\/ongamic.org\/producte\/capsa-activitats-per-a-infants-llegendes-africanes\/"]}]},{"@type":"ImageObject","inLanguage":"es","@id":"https:\/\/ongamic.org\/producte\/capsa-activitats-per-a-infants-llegendes-africanes\/#primaryimage","url":"https:\/\/ongamic.org\/wp-content\/uploads\/2023\/06\/4-scaled.jpg","contentUrl":"https:\/\/ongamic.org\/wp-content\/uploads\/2023\/06\/4-scaled.jpg","width":2560,"height":1637,"caption":"Caixa educativa per a infants llegendes africanes"},{"@type":"BreadcrumbList","@id":"https:\/\/ongamic.org\/producte\/capsa-activitats-per-a-infants-llegendes-africanes\/#breadcrumb","itemListElement":[{"@type":"ListItem","position":1,"name":"Inici","item":"https:\/\/ongamic.org\/es\/"},{"@type":"ListItem","position":2,"name":"Tienda","item":"https:\/\/ongamic.org\/es\/tienda\/"},{"@type":"ListItem","position":3,"name":"Capsa d&#8217;activitats per a infants: llegendes africanes"}]},{"@type":"WebSite","@id":"https:\/\/ongamic.org\/#website","url":"https:\/\/ongamic.org\/","name":"ONG AMIC","description":"ONG que treballa a Guinea Bissau","publisher":{"@id":"https:\/\/ongamic.org\/#organization"},"potentialAction":[{"@type":"SearchAction","target":{"@type":"EntryPoint","urlTemplate":"https:\/\/ongamic.org\/?s={search_term_string}"},"query-input":{"@type":"PropertyValueSpecification","valueRequired":true,"valueName":"search_term_string"}}],"inLanguage":"es"},{"@type":"Organization","@id":"https:\/\/ongamic.org\/#organization","name":"ONG AMIC","url":"https:\/\/ongamic.org\/","logo":{"@type":"ImageObject","inLanguage":"es","@id":"https:\/\/ongamic.org\/#\/schema\/logo\/image\/","url":"https:\/\/ongamic.org\/wp-content\/uploads\/2023\/01\/logo-amic-per-adhesiu.png","contentUrl":"https:\/\/ongamic.org\/wp-content\/uploads\/2023\/01\/logo-amic-per-adhesiu.png","width":1033,"height":591,"caption":"ONG AMIC"},"image":{"@id":"https:\/\/ongamic.org\/#\/schema\/logo\/image\/"},"sameAs":["https:\/\/www.instagram.com\/ong_amic\/"]}]}},"_links":{"self":[{"href":"https:\/\/ongamic.org\/es\/wp-json\/wp\/v2\/product\/20784","targetHints":{"allow":["GET"]}}],"collection":[{"href":"https:\/\/ongamic.org\/es\/wp-json\/wp\/v2\/product"}],"about":[{"href":"https:\/\/ongamic.org\/es\/wp-json\/wp\/v2\/types\/product"}],"replies":[{"embeddable":true,"href":"https:\/\/ongamic.org\/es\/wp-json\/wp\/v2\/comments?post=20784"}],"wp:featuredmedia":[{"embeddable":true,"href":"https:\/\/ongamic.org\/es\/wp-json\/wp\/v2\/media\/20756"}],"wp:attachment":[{"href":"https:\/\/ongamic.org\/es\/wp-json\/wp\/v2\/media?parent=20784"}],"wp:term":[{"taxonomy":"product_brand","embeddable":true,"href":"https:\/\/ongamic.org\/es\/wp-json\/wp\/v2\/product_brand?post=20784"},{"taxonomy":"product_cat","embeddable":true,"href":"https:\/\/ongamic.org\/es\/wp-json\/wp\/v2\/product_cat?post=20784"},{"taxonomy":"product_tag","embeddable":true,"href":"https:\/\/ongamic.org\/es\/wp-json\/wp\/v2\/product_tag?post=20784"}],"curies":[{"name":"wp","href":"https:\/\/api.w.org\/{rel}","templated":true}]}}