{"id":20794,"date":"2023-10-09T16:14:41","date_gmt":"2023-10-09T16:14:41","guid":{"rendered":"https:\/\/ongamic.org\/?post_type=product&#038;p=20794"},"modified":"2023-10-09T16:14:41","modified_gmt":"2023-10-09T16:14:41","slug":"conte-la-nena-del-mar","status":"publish","type":"product","link":"https:\/\/ongamic.org\/es\/producte\/conte-la-nena-del-mar\/","title":{"rendered":"Conte: La Nena del Mar"},"content":{"rendered":"<p>Conte solidari que explica les aventures d&#8217;una nena de Guinea Bissau diferent a qui marginen per una difer\u00e8ncia que ning\u00fa veu. Conte per ensenyar als infants a que tots som iguals i alhora diferents. Conte per parlar de valors com la igualtat, la solidaritat, l&#8217;acceptaci\u00f3 i el respecte per a les difer\u00e8ncies.<\/p>\n<p>Conte basat en fets reals.<\/p>\n<p>Catal\u00e0 i criol (Guinea Bissau)<\/p>\n<p>A partir de 3 anys.<\/p>\n","protected":false},"excerpt":{"rendered":"<p>Conte solidari que explica les aventures d&#8217;una nena de Guinea Bissau diferent a qui marginen per una difer\u00e8ncia que ning\u00fa veu. Catal\u00e0. A partir de 3 anys.<\/p>\n","protected":false},"featured_media":20788,"comment_status":"closed","ping_status":"closed","template":"","meta":{"give_campaign_id":0,"_joinchat":[]},"product_brand":[],"product_cat":[333],"product_tag":[345],"class_list":{"0":"post-20794","1":"product","2":"type-product","3":"status-publish","4":"has-post-thumbnail","6":"product_cat-cuentos-y-libros","7":"product_tag-contes","9":"first","10":"instock","11":"shipping-taxable","12":"purchasable","13":"product-type-simple"},"yoast_head":"<!-- This site is optimized with the Yoast SEO plugin v27.3 - https:\/\/yoast.com\/product\/yoast-seo-wordpress\/ -->\n<title>Conte: La Nena del Mar - Amic ONG<\/title>\n<meta name=\"description\" content=\"Conte solidari La Nena del Mar que explica les aventures d&#039;una nena a qui marginen per una difer\u00e8ncia que ning\u00fa veu. Catal\u00e0. A partir de 3 anys.\" \/>\n<meta name=\"robots\" content=\"index, follow, max-snippet:-1, max-image-preview:large, max-video-preview:-1\" \/>\n<link rel=\"canonical\" href=\"https:\/\/ongamic.org\/producte\/conte-la-nena-del-mar\/\" \/>\n<meta property=\"og:locale\" content=\"es_ES\" \/>\n<meta property=\"og:type\" content=\"article\" \/>\n<meta property=\"og:title\" content=\"Conte: La Nena del Mar - Amic ONG\" \/>\n<meta property=\"og:description\" content=\"Conte solidari La Nena del Mar que explica les aventures d&#039;una nena a qui marginen per una difer\u00e8ncia que ning\u00fa veu. Catal\u00e0. A partir de 3 anys.\" \/>\n<meta property=\"og:url\" content=\"https:\/\/ongamic.org\/producte\/conte-la-nena-del-mar\/\" \/>\n<meta property=\"og:site_name\" content=\"Amic ONG\" \/>\n<meta property=\"og:image\" content=\"https:\/\/ongamic.org\/wp-content\/uploads\/2023\/10\/conte-la-nena-del-mar.jpg\" \/>\n\t<meta property=\"og:image:width\" content=\"1080\" \/>\n\t<meta property=\"og:image:height\" content=\"1080\" \/>\n\t<meta property=\"og:image:type\" content=\"image\/jpeg\" \/>\n<meta name=\"twitter:card\" content=\"summary_large_image\" \/>\n<meta name=\"twitter:label1\" content=\"Tiempo de lectura\" \/>\n\t<meta name=\"twitter:data1\" content=\"1 minuto\" \/>\n<script type=\"application\/ld+json\" class=\"yoast-schema-graph\">{\"@context\":\"https:\\\/\\\/schema.org\",\"@graph\":[{\"@type\":\"WebPage\",\"@id\":\"https:\\\/\\\/ongamic.org\\\/producte\\\/conte-la-nena-del-mar\\\/\",\"url\":\"https:\\\/\\\/ongamic.org\\\/producte\\\/conte-la-nena-del-mar\\\/\",\"name\":\"Conte: La Nena del Mar - Amic ONG\",\"isPartOf\":{\"@id\":\"https:\\\/\\\/ongamic.org\\\/#website\"},\"primaryImageOfPage\":{\"@id\":\"https:\\\/\\\/ongamic.org\\\/producte\\\/conte-la-nena-del-mar\\\/#primaryimage\"},\"image\":{\"@id\":\"https:\\\/\\\/ongamic.org\\\/producte\\\/conte-la-nena-del-mar\\\/#primaryimage\"},\"thumbnailUrl\":\"https:\\\/\\\/ongamic.org\\\/wp-content\\\/uploads\\\/2023\\\/10\\\/conte-la-nena-del-mar.jpg\",\"datePublished\":\"2023-10-09T16:14:41+00:00\",\"description\":\"Conte solidari La Nena del Mar que explica les aventures d'una nena a qui marginen per una difer\u00e8ncia que ning\u00fa veu. Catal\u00e0. A partir de 3 anys.\",\"breadcrumb\":{\"@id\":\"https:\\\/\\\/ongamic.org\\\/producte\\\/conte-la-nena-del-mar\\\/#breadcrumb\"},\"inLanguage\":\"es\",\"potentialAction\":[{\"@type\":\"ReadAction\",\"target\":[\"https:\\\/\\\/ongamic.org\\\/producte\\\/conte-la-nena-del-mar\\\/\"]}]},{\"@type\":\"ImageObject\",\"inLanguage\":\"es\",\"@id\":\"https:\\\/\\\/ongamic.org\\\/producte\\\/conte-la-nena-del-mar\\\/#primaryimage\",\"url\":\"https:\\\/\\\/ongamic.org\\\/wp-content\\\/uploads\\\/2023\\\/10\\\/conte-la-nena-del-mar.jpg\",\"contentUrl\":\"https:\\\/\\\/ongamic.org\\\/wp-content\\\/uploads\\\/2023\\\/10\\\/conte-la-nena-del-mar.jpg\",\"width\":1080,\"height\":1080,\"caption\":\"Conte solidari, la Nena del Mar\"},{\"@type\":\"BreadcrumbList\",\"@id\":\"https:\\\/\\\/ongamic.org\\\/producte\\\/conte-la-nena-del-mar\\\/#breadcrumb\",\"itemListElement\":[{\"@type\":\"ListItem\",\"position\":1,\"name\":\"Inici\",\"item\":\"https:\\\/\\\/ongamic.org\\\/es\\\/\"},{\"@type\":\"ListItem\",\"position\":2,\"name\":\"Tienda\",\"item\":\"https:\\\/\\\/ongamic.org\\\/es\\\/tienda\\\/\"},{\"@type\":\"ListItem\",\"position\":3,\"name\":\"Conte: La Nena del Mar\"}]},{\"@type\":\"WebSite\",\"@id\":\"https:\\\/\\\/ongamic.org\\\/#website\",\"url\":\"https:\\\/\\\/ongamic.org\\\/\",\"name\":\"ONG AMIC\",\"description\":\"ONG que treballa a Guinea Bissau\",\"publisher\":{\"@id\":\"https:\\\/\\\/ongamic.org\\\/#organization\"},\"potentialAction\":[{\"@type\":\"SearchAction\",\"target\":{\"@type\":\"EntryPoint\",\"urlTemplate\":\"https:\\\/\\\/ongamic.org\\\/?s={search_term_string}\"},\"query-input\":{\"@type\":\"PropertyValueSpecification\",\"valueRequired\":true,\"valueName\":\"search_term_string\"}}],\"inLanguage\":\"es\"},{\"@type\":\"Organization\",\"@id\":\"https:\\\/\\\/ongamic.org\\\/#organization\",\"name\":\"ONG AMIC\",\"url\":\"https:\\\/\\\/ongamic.org\\\/\",\"logo\":{\"@type\":\"ImageObject\",\"inLanguage\":\"es\",\"@id\":\"https:\\\/\\\/ongamic.org\\\/#\\\/schema\\\/logo\\\/image\\\/\",\"url\":\"https:\\\/\\\/ongamic.org\\\/wp-content\\\/uploads\\\/2023\\\/01\\\/logo-amic-per-adhesiu.png\",\"contentUrl\":\"https:\\\/\\\/ongamic.org\\\/wp-content\\\/uploads\\\/2023\\\/01\\\/logo-amic-per-adhesiu.png\",\"width\":1033,\"height\":591,\"caption\":\"ONG AMIC\"},\"image\":{\"@id\":\"https:\\\/\\\/ongamic.org\\\/#\\\/schema\\\/logo\\\/image\\\/\"},\"sameAs\":[\"https:\\\/\\\/www.instagram.com\\\/ong_amic\\\/\"]}]}<\/script>\n<!-- \/ Yoast SEO plugin. -->","yoast_head_json":{"title":"Conte: La Nena del Mar - Amic ONG","description":"Conte solidari La Nena del Mar que explica les aventures d'una nena a qui marginen per una difer\u00e8ncia que ning\u00fa veu. Catal\u00e0. A partir de 3 anys.","robots":{"index":"index","follow":"follow","max-snippet":"max-snippet:-1","max-image-preview":"max-image-preview:large","max-video-preview":"max-video-preview:-1"},"canonical":"https:\/\/ongamic.org\/producte\/conte-la-nena-del-mar\/","og_locale":"es_ES","og_type":"article","og_title":"Conte: La Nena del Mar - Amic ONG","og_description":"Conte solidari La Nena del Mar que explica les aventures d'una nena a qui marginen per una difer\u00e8ncia que ning\u00fa veu. Catal\u00e0. A partir de 3 anys.","og_url":"https:\/\/ongamic.org\/producte\/conte-la-nena-del-mar\/","og_site_name":"Amic ONG","og_image":[{"width":1080,"height":1080,"url":"https:\/\/ongamic.org\/wp-content\/uploads\/2023\/10\/conte-la-nena-del-mar.jpg","type":"image\/jpeg"}],"twitter_card":"summary_large_image","twitter_misc":{"Tiempo de lectura":"1 minuto"},"schema":{"@context":"https:\/\/schema.org","@graph":[{"@type":"WebPage","@id":"https:\/\/ongamic.org\/producte\/conte-la-nena-del-mar\/","url":"https:\/\/ongamic.org\/producte\/conte-la-nena-del-mar\/","name":"Conte: La Nena del Mar - Amic ONG","isPartOf":{"@id":"https:\/\/ongamic.org\/#website"},"primaryImageOfPage":{"@id":"https:\/\/ongamic.org\/producte\/conte-la-nena-del-mar\/#primaryimage"},"image":{"@id":"https:\/\/ongamic.org\/producte\/conte-la-nena-del-mar\/#primaryimage"},"thumbnailUrl":"https:\/\/ongamic.org\/wp-content\/uploads\/2023\/10\/conte-la-nena-del-mar.jpg","datePublished":"2023-10-09T16:14:41+00:00","description":"Conte solidari La Nena del Mar que explica les aventures d'una nena a qui marginen per una difer\u00e8ncia que ning\u00fa veu. Catal\u00e0. A partir de 3 anys.","breadcrumb":{"@id":"https:\/\/ongamic.org\/producte\/conte-la-nena-del-mar\/#breadcrumb"},"inLanguage":"es","potentialAction":[{"@type":"ReadAction","target":["https:\/\/ongamic.org\/producte\/conte-la-nena-del-mar\/"]}]},{"@type":"ImageObject","inLanguage":"es","@id":"https:\/\/ongamic.org\/producte\/conte-la-nena-del-mar\/#primaryimage","url":"https:\/\/ongamic.org\/wp-content\/uploads\/2023\/10\/conte-la-nena-del-mar.jpg","contentUrl":"https:\/\/ongamic.org\/wp-content\/uploads\/2023\/10\/conte-la-nena-del-mar.jpg","width":1080,"height":1080,"caption":"Conte solidari, la Nena del Mar"},{"@type":"BreadcrumbList","@id":"https:\/\/ongamic.org\/producte\/conte-la-nena-del-mar\/#breadcrumb","itemListElement":[{"@type":"ListItem","position":1,"name":"Inici","item":"https:\/\/ongamic.org\/es\/"},{"@type":"ListItem","position":2,"name":"Tienda","item":"https:\/\/ongamic.org\/es\/tienda\/"},{"@type":"ListItem","position":3,"name":"Conte: La Nena del Mar"}]},{"@type":"WebSite","@id":"https:\/\/ongamic.org\/#website","url":"https:\/\/ongamic.org\/","name":"ONG AMIC","description":"ONG que treballa a Guinea Bissau","publisher":{"@id":"https:\/\/ongamic.org\/#organization"},"potentialAction":[{"@type":"SearchAction","target":{"@type":"EntryPoint","urlTemplate":"https:\/\/ongamic.org\/?s={search_term_string}"},"query-input":{"@type":"PropertyValueSpecification","valueRequired":true,"valueName":"search_term_string"}}],"inLanguage":"es"},{"@type":"Organization","@id":"https:\/\/ongamic.org\/#organization","name":"ONG AMIC","url":"https:\/\/ongamic.org\/","logo":{"@type":"ImageObject","inLanguage":"es","@id":"https:\/\/ongamic.org\/#\/schema\/logo\/image\/","url":"https:\/\/ongamic.org\/wp-content\/uploads\/2023\/01\/logo-amic-per-adhesiu.png","contentUrl":"https:\/\/ongamic.org\/wp-content\/uploads\/2023\/01\/logo-amic-per-adhesiu.png","width":1033,"height":591,"caption":"ONG AMIC"},"image":{"@id":"https:\/\/ongamic.org\/#\/schema\/logo\/image\/"},"sameAs":["https:\/\/www.instagram.com\/ong_amic\/"]}]}},"_links":{"self":[{"href":"https:\/\/ongamic.org\/es\/wp-json\/wp\/v2\/product\/20794","targetHints":{"allow":["GET"]}}],"collection":[{"href":"https:\/\/ongamic.org\/es\/wp-json\/wp\/v2\/product"}],"about":[{"href":"https:\/\/ongamic.org\/es\/wp-json\/wp\/v2\/types\/product"}],"replies":[{"embeddable":true,"href":"https:\/\/ongamic.org\/es\/wp-json\/wp\/v2\/comments?post=20794"}],"wp:featuredmedia":[{"embeddable":true,"href":"https:\/\/ongamic.org\/es\/wp-json\/wp\/v2\/media\/20788"}],"wp:attachment":[{"href":"https:\/\/ongamic.org\/es\/wp-json\/wp\/v2\/media?parent=20794"}],"wp:term":[{"taxonomy":"product_brand","embeddable":true,"href":"https:\/\/ongamic.org\/es\/wp-json\/wp\/v2\/product_brand?post=20794"},{"taxonomy":"product_cat","embeddable":true,"href":"https:\/\/ongamic.org\/es\/wp-json\/wp\/v2\/product_cat?post=20794"},{"taxonomy":"product_tag","embeddable":true,"href":"https:\/\/ongamic.org\/es\/wp-json\/wp\/v2\/product_tag?post=20794"}],"curies":[{"name":"wp","href":"https:\/\/api.w.org\/{rel}","templated":true}]}}